{"id":22433,"date":"2023-05-11T15:45:52","date_gmt":"2023-05-11T13:45:52","guid":{"rendered":"http:\/\/vinsestela.com\/avis-legal\/"},"modified":"2023-10-21T10:41:27","modified_gmt":"2023-10-21T08:41:27","slug":"aviso-legal","status":"publish","type":"page","link":"https:\/\/vinsestela.com\/es\/aviso-legal\/","title":{"rendered":"Aviso Legal"},"content":{"rendered":"\t\t<div data-elementor-type=\"wp-page\" data-elementor-id=\"22433\" class=\"elementor elementor-22433 elementor-22427\">\n\t\t\t\t\t\t<section class=\"elementor-section elementor-top-section elementor-element elementor-element-acda021 elementor-section-boxed elementor-section-height-default elementor-section-height-default sc_fly_static\" data-id=\"acda021\" data-element_type=\"section\" data-e-type=\"section\" data-settings=\"{&quot;background_background&quot;:&quot;classic&quot;}\">\n\t\t\t\t\t\t<div class=\"elementor-container elementor-column-gap-extended\">\n\t\t\t\t\t<div class=\"elementor-column elementor-col-100 elementor-top-column elementor-element elementor-element-bd89382 sc_content_align_inherit sc_layouts_column_icons_position_left sc_fly_static\" data-id=\"bd89382\" data-element_type=\"column\" data-e-type=\"column\">\n\t\t\t<div class=\"elementor-widget-wrap elementor-element-populated\">\n\t\t\t\t\t\t<div class=\"elementor-element elementor-element-5982953 sc_fly_static elementor-widget elementor-widget-spacer\" data-id=\"5982953\" data-element_type=\"widget\" data-e-type=\"widget\" data-widget_type=\"spacer.default\">\n\t\t\t\t<div class=\"elementor-widget-container\">\n\t\t\t\t\t\t\t<div class=\"elementor-spacer\">\n\t\t\t<div class=\"elementor-spacer-inner\"><\/div>\n\t\t<\/div>\n\t\t\t\t\t\t<\/div>\n\t\t\t\t<\/div>\n\t\t\t\t<div class=\"elementor-element elementor-element-335ad9d sc_fly_static elementor-widget elementor-widget-heading\" data-id=\"335ad9d\" data-element_type=\"widget\" data-e-type=\"widget\" data-widget_type=\"heading.default\">\n\t\t\t\t<div class=\"elementor-widget-container\">\n\t\t\t\t\t<h2 class=\"elementor-heading-title elementor-size-default\">Aviso Legal<\/h2>\t\t\t\t<\/div>\n\t\t\t\t<\/div>\n\t\t\t\t<div class=\"elementor-element elementor-element-915af53 sc_fly_static elementor-widget elementor-widget-spacer\" data-id=\"915af53\" data-element_type=\"widget\" data-e-type=\"widget\" data-widget_type=\"spacer.default\">\n\t\t\t\t<div class=\"elementor-widget-container\">\n\t\t\t\t\t\t\t<div class=\"elementor-spacer\">\n\t\t\t<div class=\"elementor-spacer-inner\"><\/div>\n\t\t<\/div>\n\t\t\t\t\t\t<\/div>\n\t\t\t\t<\/div>\n\t\t\t\t\t<\/div>\n\t\t<\/div>\n\t\t\t\t\t<\/div>\n\t\t<\/section>\n\t\t\t\t<section class=\"elementor-section elementor-top-section elementor-element elementor-element-35964dd elementor-section-boxed elementor-section-height-default elementor-section-height-default sc_fly_static\" data-id=\"35964dd\" data-element_type=\"section\" data-e-type=\"section\" data-settings=\"{&quot;background_background&quot;:&quot;classic&quot;}\">\n\t\t\t\t\t\t<div class=\"elementor-container elementor-column-gap-extended\">\n\t\t\t\t\t<div class=\"elementor-column elementor-col-100 elementor-top-column elementor-element elementor-element-ae76ab1 sc_content_align_inherit sc_layouts_column_icons_position_left sc_fly_static\" data-id=\"ae76ab1\" data-element_type=\"column\" data-e-type=\"column\">\n\t\t\t<div class=\"elementor-widget-wrap elementor-element-populated\">\n\t\t\t\t\t\t<div class=\"elementor-element elementor-element-e5b70ab sc_fly_static elementor-widget elementor-widget-text-editor\" data-id=\"e5b70ab\" data-element_type=\"widget\" data-e-type=\"widget\" data-widget_type=\"text-editor.default\">\n\t\t\t\t<div class=\"elementor-widget-container\">\n\t\t\t\t\t\t\t\t\t<div>\n<p><strong>1. OBJETO<\/strong> <br \/>El present Av\u00eds Legal regula l&#8217;\u00fas i utilitzaci\u00f3 del lloc web &#8211; <a href=\"http:\/\/www.vinsestela.com\">http:\/\/www.vinsestela.com<\/a>, del que \u00e9s titular J. ESTELA RIERA S.L. (d&#8217;ara endavant, EL PROPIETARI DE LA WEB).<\/p>\n<p>La navegaci\u00f3 pel lloc web del PROPIETARI DE LA WEB li atribueix la condici\u00f3 d&#8217;USUARI del mateix i comporta la seva acceptaci\u00f3 plena i sense reserves de totes i cadascuna de les condicions publicades en aquest Av\u00eds Legal, advertint que aquestes condicions podran ser modificades sense notificaci\u00f3 pr\u00e8via per part del PROPIETARI DE LA WEB, en aquest cas es procedir\u00e0 a la seva publicaci\u00f3 i av\u00eds amb la m\u00e0xima antelaci\u00f3 possible.<\/p>\n<p>Per aix\u00f2 \u00e9s recomanable llegir atentament el seu contingut en cas de desitjar accedir i fer \u00fas de la informaci\u00f3 i dels serveis oferts des d&#8217;aquest lloc web.<br \/>L&#8217;usuari a m\u00e9s, s&#8217;obliga a fer un \u00fas correcte del lloc web de conformitat amb les lleis, la bona fe, l&#8217;ordre p\u00fablic, els usos del tr\u00e0fic i el present Av\u00eds Legal, i respondr\u00e0 enfront del PROPIETARI DE LA WEB o enfront de tercers, de qualssevol danys i perjudicis que poguessin causar-se com a conseq\u00fc\u00e8ncia de l&#8217; incompliment d&#8217;aquesta obligaci\u00f3.<\/p>\n<p>Qualsevol utilitzaci\u00f3 diferent a l&#8217;autoritzada est\u00e0 expressament prohibida, podent EL PROPIETARI DE LA WEB denegar o retirar l&#8217;acc\u00e9s i el seu \u00fas a qualsevol moment.<\/p>\n<\/div>\n<p><strong>2. IDENTIFICACI\u00d3<\/strong> <br \/>EL PROPIETARI DE LA WEB, en compliment de la Llei 34\/2002, d&#8217;11 de juliol, de Serveis de la Societat de la Informaci\u00f3 i de Comer\u00e7 Electr\u00f2nic, li informa que:<br \/>\u2022La seva denominaci\u00f3 social \u00e9s: J. ESTELA RIERA S.L.<br \/>\u2022El seu CIF \u00e9s: B55125058<br \/>\u2022El seu domicili social est\u00e0 en: PL. EUROPA 18 &#8211; RECINTE FIRAL, 17600 FIGUERES (GIRONA)<\/p>\n<div>\n<p>\u2022Dades d&#8217;inscripci\u00f3 en el registre mercantil: Registro Mercantil de GIRONA Tomo 2855; Folio 118; Libro 0; Secci\u00f3n 8; Hoja GI-52879<\/p>\n<\/div>\n<div><strong>3. COMUNICACIONS<\/strong> <br \/>Per comunicar-se amb nosaltres, posem a la seva disposici\u00f3 diferents mitjans de contacte que detallem a continuaci\u00f3:<br \/>\u2022Tel.: 972678422<br \/>\u2022Email: estela@vinsestela.com<br \/>Totes les notificacions i comunicacions entre els usuaris i EL PROPIETARI DE LA WEB es consideraran eficaces, amb car\u00e0cter general, quan es realitzin a trav\u00e9s de qualsevol mitj\u00e0 dels detallats anteriorment.<\/div>\n<p><strong>4. CONDICIONS D&#8217;ACC\u00c9S I UTILITZACI\u00d3<\/strong> <br \/>El lloc web i els seus serveis s\u00f3n d&#8217;acc\u00e9s lliure i gratu\u00eft. No obstant aix\u00f2, EL PROPIETARI DE LA WEB pot condicionar la utilitzaci\u00f3 d&#8217;alguns dels serveis oferts al seu web al previ emplenament del corresponent formulari.<\/p>\n<div>\n<p>L&#8217;usuari garanteix l&#8217;autenticitat i actualitat de totes aquelles dades que comuniqui al PROPIETARI DE LA WEB i ser\u00e0 l&#8217;\u00fanic responsable de les manifestacions falses o inexactes que realitzi.<br \/>L&#8217;usuari es compromet expressament a fer un \u00fas adequat dels continguts i serveis del PROPIETARI DE LA WEB i a no emprar-los para, entre uns altres:<\/p>\n<p>a) Difondre continguts delictius, violents, pornogr\u00e0fics, racistes, xen\u00f2fobs, ofensius, d&#8217;apologia del terrorisme o, en general, contraris a la llei o a l&#8217;ordre p\u00fablic<\/p>\n<p>b) Introduir a la xarxa virus inform\u00e0tics o realitzar actuacions susceptibles d&#8217;alterar, espatllar, interrompre o generar errors o danys en els documents electr\u00f2nics, dades o sistemes f\u00edsics i l\u00f2gics del PROPIETARI DE LA WEB o de terceres persones; aix\u00ed com obstaculitzar l&#8217;acc\u00e9s d&#8217;altres usuaris al lloc web i als seus serveis mitjan\u00e7ant el consum massiu dels recursos inform\u00e0tics a trav\u00e9s dels quals EL PROPIETARI DE LA WEB presta els seus servei.<br \/>El lloc web i els seus serveis s\u00f3n d&#8217;acc\u00e9s lliure i gratu\u00eft. No obstant aix\u00f2, EL PROPIETARI DE LA WEB pot condicionar la utilitzaci\u00f3 d&#8217;alguns dels serveis oferts al seu web al previ emplenament del corresponent formulari.<\/p>\n<p>L&#8217;usuari garanteix l&#8217;autenticitat i actualitat de totes aquelles dades que comuniqui al PROPIETARI DE LA WEB i ser\u00e0 l&#8217;\u00fanic responsable de les manifestacions falses o inexactes que realitzi.<br \/>L&#8217;usuari es compromet expressament a fer un \u00fas adequat dels continguts i serveis del PROPIETARI DE LA WEB i a no emprar-los para, entre uns altres:<\/p>\n<p>a) Difondre continguts delictius, violents, pornogr\u00e0fics, racistes, xen\u00f2fobs, ofensius, d&#8217;apologia del terrorisme o, en general, contraris a la llei o a l&#8217;ordre p\u00fablic.<\/p>\n<p>b) Introduir a la xarxa virus inform\u00e0tics o realitzar actuacions susceptibles d&#8217;alterar, espatllar, interrompre o generar errors o danys en els documents electr\u00f2nics, dades o sistemes f\u00edsics i l\u00f2gics del PROPIETARI DE LA WEB o de terceres persones; aix\u00ed com obstaculitzar l&#8217;acc\u00e9s d&#8217;altres usuaris al lloc web i als seus serveis mitjan\u00e7ant el consum massiu dels recursos inform\u00e0tics a trav\u00e9s dels quals EL PROPIETARI DE LA WEB presta els seus serveis.<br \/>L&#8217;establiment d&#8217;un hiperenlla\u00e7 no implica en cap cas l&#8217;exist\u00e8ncia de relacions entre EL PROPIETARI DE LA WEB i el propietari del lloc web en la qual s&#8217;estableixi, ni l&#8217;acceptaci\u00f3 i aprovaci\u00f3 per part del PROPIETARI DE LA WEB dels seus continguts o serveis.<\/p>\n<p>El PROPIETARI DE LA WEB no es responsabilitza de l&#8217;\u00fas que cada usuari li doni als materials posats a disposici\u00f3 en aquest lloc web ni de les actuacions que realitzi sobre la base dels mateixos.<\/p>\n<p><strong>4.1. EXCLUSI\u00d3 DE GARANTIES I DE RESPONSABILITAT EN L&#8217;ACC\u00c9S I LA UTILITZACI\u00d3<\/strong><\/p>\n<p>El contingut del present lloc web \u00e9s de car\u00e0cter general i t\u00e9 una finalitat merament informativa, sense que es garanteixi plenament l&#8217;acc\u00e9s a tots els continguts, ni la seva exhaustivitat, correcci\u00f3, vig\u00e8ncia o actualitat, ni la seva idone\u00eftat o utilitat per a un objectiu espec\u00edfic.<\/p>\n<p>El PROPIETARI DE LA WEB exclou, fins a on permet l&#8217;ordenament jur\u00eddic, qualsevol responsabilitat pels danys i perjudicis de tota naturalesa derivats de:<\/p>\n<p>a) La impossibilitat d&#8217;acc\u00e9s al lloc web o la falta de veracitat, exactitud, exhaustivitat i\/o actualitat dels continguts, aix\u00ed com l&#8217;exist\u00e8ncia de vicis i defectes de tota classe dels continguts transmesos, difosos, emmagatzemats, posats a disposici\u00f3, als quals s&#8217;hagi accedit a trav\u00e9s del lloc web o dels serveis que s&#8217;ofereixen.<br \/>b) La pres\u00e8ncia de virus o d&#8217;altres elements en els continguts que puguin produir alteracions en els sistemes inform\u00e0tics, documents electr\u00f2nics o dades dels usuaris.<br \/>c) L&#8217; incompliment de les lleis, la bona fe, l&#8217;ordre p\u00fablic, els usos del tr\u00e0fic i el present av\u00eds legal com a conseq\u00fc\u00e8ncia de l&#8217;\u00fas incorrecte del lloc web. En particular, i a manera exemplificatiu, EL PROPIETARI DE LA WEB no es fa responsable de les actuacions de tercers que vulnerin drets de propietat intel\u00b7lectual i industrial, secrets empresarials, drets a l&#8217;honor, a la intimitat personal i familiar i a la pr\u00f2pia imatge, aix\u00ed com la normativa en mat\u00e8ria de compet\u00e8ncia deslleial i publicitat il\u00b7l\u00edcita.<\/p>\n<p>Aix\u00ed mateix, EL PROPIETARI DE LA WEB declina qualsevol responsabilitat respecte a la informaci\u00f3 que es trobi fos d&#8217;aquesta web i no sigui gestionada directament pel nostre Webmaster. La funci\u00f3 dels links que apareixen en aquesta web \u00e9s exclusivament la d&#8217;informar a l&#8217;usuari sobre l&#8217;exist\u00e8ncia d&#8217;altres fonts susceptibles d&#8217;ampliar els continguts que ofereix aquest lloc web.<\/p>\n<p>El PROPIETARI DE LA WEB no garanteix ni es responsabilitza del funcionament o accessibilitat dels llocs enlla\u00e7ats; ni suggereix, convida o recomana la visita als mateixos, per la qual cosa tampoc ser\u00e0 responsable del resultat obtingut. El PROPIETARI DE LA WEB no es responsabilitza de l&#8217;establiment de hiperv\u00edncles per part de tercers.<\/p>\n<p><strong>4.2. PROCEDIMENT EN CAS DE REALITZACI\u00d3 D&#8217;ACTIVITATS DE CAR\u00c0CTER IL\u00b7L\u00cdCIT<\/strong> <br \/>En el cas que qualsevol usuari o un tercer consideri que existeixen fets o circumst\u00e0ncies que revelin el car\u00e0cter il\u00b7l\u00edcit de la utilitzaci\u00f3 de qualsevol contingut i\/o de la realitzaci\u00f3 de qualsevol activitat a les p\u00e0gines web incloses o accessibles a trav\u00e9s del lloc web, haur\u00e0 d&#8217;enviar una notificaci\u00f3 al PROPIETARI DE LA WEB identificant-se degudament i especificant les suposades infraccions.<\/p>\n<p><strong>4.3. PUBLICACIONS<\/strong> <br \/>La informaci\u00f3 administrativa facilitada a trav\u00e9s del lloc web no substitueix la publicitat legal de les lleis, normatives, plans, disposicions generals i actes que hagin de ser publicats formalment als diaris oficials de les administracions p\u00fabliques, que constitueixen l&#8217;\u00fanic instrument que d\u00f3na fe de la seva autenticitat i contingut. La informaci\u00f3 disponible en aquest lloc web ha d&#8217;entendre&#8217;s com una guia sense prop\u00f2sit de validesa legal.<\/p>\n<\/div>\n<div>\n<p><strong>5. LEGISLACI\u00d3 APLICABLE<\/strong> <br \/>Les condicions presents es regiran per la legislaci\u00f3 espanyola vigent. La llengua utilitzada ser\u00e0 el Castell\u00e0.<\/p>\n<\/div>\n\t\t\t\t\t\t\t\t<\/div>\n\t\t\t\t<\/div>\n\t\t\t\t\t<\/div>\n\t\t<\/div>\n\t\t\t\t\t<\/div>\n\t\t<\/section>\n\t\t\t\t<\/div>\n\t\t","protected":false},"excerpt":{"rendered":"<p>Aviso Legal 1. OBJETO El present Av\u00eds Legal regula l&#8217;\u00fas i utilitzaci\u00f3 del lloc web &#8211; http:\/\/www.vinsestela.com, del que \u00e9s titular J. ESTELA RIERA S.L. (d&#8217;ara endavant, EL PROPIETARI DE&hellip;<\/p>\n","protected":false},"author":3,"featured_media":0,"parent":0,"menu_order":0,"comment_status":"closed","ping_status":"closed","template":"","meta":{"footnotes":""},"class_list":["post-22433","page","type-page","status-publish","hentry"],"yoast_head":"<!-- This site is optimized with the Yoast SEO plugin v27.4 - https:\/\/yoast.com\/product\/yoast-seo-wordpress\/ -->\n<title>Aviso Legal - Vins Estela<\/title>\n<meta name=\"robots\" content=\"index, follow, max-snippet:-1, max-image-preview:large, max-video-preview:-1\" \/>\n<link rel=\"canonical\" href=\"https:\/\/vinsestela.com\/es\/aviso-legal\/\" \/>\n<meta property=\"og:locale\" content=\"es_ES\" \/>\n<meta property=\"og:type\" content=\"article\" \/>\n<meta property=\"og:title\" content=\"Aviso Legal - Vins Estela\" \/>\n<meta property=\"og:description\" content=\"Aviso Legal 1. OBJETO El present Av\u00eds Legal regula l&#8217;\u00fas i utilitzaci\u00f3 del lloc web &#8211; http:\/\/www.vinsestela.com, del que \u00e9s titular J. ESTELA RIERA S.L. (d&#8217;ara endavant, EL PROPIETARI DE&hellip;\" \/>\n<meta property=\"og:url\" content=\"https:\/\/vinsestela.com\/es\/aviso-legal\/\" \/>\n<meta property=\"og:site_name\" content=\"Vins Estela\" \/>\n<meta property=\"article:modified_time\" content=\"2023-10-21T08:41:27+00:00\" \/>\n<meta name=\"twitter:card\" content=\"summary_large_image\" \/>\n<meta name=\"twitter:label1\" content=\"Tiempo de lectura\" \/>\n\t<meta name=\"twitter:data1\" content=\"7 minutos\" \/>\n<script type=\"application\/ld+json\" class=\"yoast-schema-graph\">{\"@context\":\"https:\\\/\\\/schema.org\",\"@graph\":[{\"@type\":\"WebPage\",\"@id\":\"https:\\\/\\\/vinsestela.com\\\/es\\\/aviso-legal\\\/\",\"url\":\"https:\\\/\\\/vinsestela.com\\\/es\\\/aviso-legal\\\/\",\"name\":\"Aviso Legal - Vins Estela\",\"isPartOf\":{\"@id\":\"https:\\\/\\\/vinsestela.com\\\/#website\"},\"datePublished\":\"2023-05-11T13:45:52+00:00\",\"dateModified\":\"2023-10-21T08:41:27+00:00\",\"breadcrumb\":{\"@id\":\"https:\\\/\\\/vinsestela.com\\\/es\\\/aviso-legal\\\/#breadcrumb\"},\"inLanguage\":\"es\",\"potentialAction\":[{\"@type\":\"ReadAction\",\"target\":[\"https:\\\/\\\/vinsestela.com\\\/es\\\/aviso-legal\\\/\"]}]},{\"@type\":\"BreadcrumbList\",\"@id\":\"https:\\\/\\\/vinsestela.com\\\/es\\\/aviso-legal\\\/#breadcrumb\",\"itemListElement\":[{\"@type\":\"ListItem\",\"position\":1,\"name\":\"Inici\",\"item\":\"https:\\\/\\\/vinsestela.com\\\/es\\\/\"},{\"@type\":\"ListItem\",\"position\":2,\"name\":\"Aviso Legal\"}]},{\"@type\":\"WebSite\",\"@id\":\"https:\\\/\\\/vinsestela.com\\\/#website\",\"url\":\"https:\\\/\\\/vinsestela.com\\\/\",\"name\":\"Vins Estela\",\"description\":\"Vins Estela, el teu distribuidor de confian\u00e7a\",\"publisher\":{\"@id\":\"https:\\\/\\\/vinsestela.com\\\/#organization\"},\"potentialAction\":[{\"@type\":\"SearchAction\",\"target\":{\"@type\":\"EntryPoint\",\"urlTemplate\":\"https:\\\/\\\/vinsestela.com\\\/?s={search_term_string}\"},\"query-input\":{\"@type\":\"PropertyValueSpecification\",\"valueRequired\":true,\"valueName\":\"search_term_string\"}}],\"inLanguage\":\"es\"},{\"@type\":\"Organization\",\"@id\":\"https:\\\/\\\/vinsestela.com\\\/#organization\",\"name\":\"Vins Estela\",\"url\":\"https:\\\/\\\/vinsestela.com\\\/\",\"logo\":{\"@type\":\"ImageObject\",\"inLanguage\":\"es\",\"@id\":\"https:\\\/\\\/vinsestela.com\\\/#\\\/schema\\\/logo\\\/image\\\/\",\"url\":\"https:\\\/\\\/vinsestela.com\\\/wp-content\\\/uploads\\\/2023\\\/03\\\/cropped-LOGO_VINS_ESTELA-01.png\",\"contentUrl\":\"https:\\\/\\\/vinsestela.com\\\/wp-content\\\/uploads\\\/2023\\\/03\\\/cropped-LOGO_VINS_ESTELA-01.png\",\"width\":485,\"height\":630,\"caption\":\"Vins Estela\"},\"image\":{\"@id\":\"https:\\\/\\\/vinsestela.com\\\/#\\\/schema\\\/logo\\\/image\\\/\"}}]}<\/script>\n<!-- \/ Yoast SEO plugin. -->","yoast_head_json":{"title":"Aviso Legal - Vins Estela","robots":{"index":"index","follow":"follow","max-snippet":"max-snippet:-1","max-image-preview":"max-image-preview:large","max-video-preview":"max-video-preview:-1"},"canonical":"https:\/\/vinsestela.com\/es\/aviso-legal\/","og_locale":"es_ES","og_type":"article","og_title":"Aviso Legal - Vins Estela","og_description":"Aviso Legal 1. OBJETO El present Av\u00eds Legal regula l&#8217;\u00fas i utilitzaci\u00f3 del lloc web &#8211; http:\/\/www.vinsestela.com, del que \u00e9s titular J. ESTELA RIERA S.L. (d&#8217;ara endavant, EL PROPIETARI DE&hellip;","og_url":"https:\/\/vinsestela.com\/es\/aviso-legal\/","og_site_name":"Vins Estela","article_modified_time":"2023-10-21T08:41:27+00:00","twitter_card":"summary_large_image","twitter_misc":{"Tiempo de lectura":"7 minutos"},"schema":{"@context":"https:\/\/schema.org","@graph":[{"@type":"WebPage","@id":"https:\/\/vinsestela.com\/es\/aviso-legal\/","url":"https:\/\/vinsestela.com\/es\/aviso-legal\/","name":"Aviso Legal - Vins Estela","isPartOf":{"@id":"https:\/\/vinsestela.com\/#website"},"datePublished":"2023-05-11T13:45:52+00:00","dateModified":"2023-10-21T08:41:27+00:00","breadcrumb":{"@id":"https:\/\/vinsestela.com\/es\/aviso-legal\/#breadcrumb"},"inLanguage":"es","potentialAction":[{"@type":"ReadAction","target":["https:\/\/vinsestela.com\/es\/aviso-legal\/"]}]},{"@type":"BreadcrumbList","@id":"https:\/\/vinsestela.com\/es\/aviso-legal\/#breadcrumb","itemListElement":[{"@type":"ListItem","position":1,"name":"Inici","item":"https:\/\/vinsestela.com\/es\/"},{"@type":"ListItem","position":2,"name":"Aviso Legal"}]},{"@type":"WebSite","@id":"https:\/\/vinsestela.com\/#website","url":"https:\/\/vinsestela.com\/","name":"Vins Estela","description":"Vins Estela, el teu distribuidor de confian\u00e7a","publisher":{"@id":"https:\/\/vinsestela.com\/#organization"},"potentialAction":[{"@type":"SearchAction","target":{"@type":"EntryPoint","urlTemplate":"https:\/\/vinsestela.com\/?s={search_term_string}"},"query-input":{"@type":"PropertyValueSpecification","valueRequired":true,"valueName":"search_term_string"}}],"inLanguage":"es"},{"@type":"Organization","@id":"https:\/\/vinsestela.com\/#organization","name":"Vins Estela","url":"https:\/\/vinsestela.com\/","logo":{"@type":"ImageObject","inLanguage":"es","@id":"https:\/\/vinsestela.com\/#\/schema\/logo\/image\/","url":"https:\/\/vinsestela.com\/wp-content\/uploads\/2023\/03\/cropped-LOGO_VINS_ESTELA-01.png","contentUrl":"https:\/\/vinsestela.com\/wp-content\/uploads\/2023\/03\/cropped-LOGO_VINS_ESTELA-01.png","width":485,"height":630,"caption":"Vins Estela"},"image":{"@id":"https:\/\/vinsestela.com\/#\/schema\/logo\/image\/"}}]}},"_links":{"self":[{"href":"https:\/\/vinsestela.com\/es\/wp-json\/wp\/v2\/pages\/22433","targetHints":{"allow":["GET"]}}],"collection":[{"href":"https:\/\/vinsestela.com\/es\/wp-json\/wp\/v2\/pages"}],"about":[{"href":"https:\/\/vinsestela.com\/es\/wp-json\/wp\/v2\/types\/page"}],"author":[{"embeddable":true,"href":"https:\/\/vinsestela.com\/es\/wp-json\/wp\/v2\/users\/3"}],"replies":[{"embeddable":true,"href":"https:\/\/vinsestela.com\/es\/wp-json\/wp\/v2\/comments?post=22433"}],"version-history":[{"count":16,"href":"https:\/\/vinsestela.com\/es\/wp-json\/wp\/v2\/pages\/22433\/revisions"}],"predecessor-version":[{"id":23615,"href":"https:\/\/vinsestela.com\/es\/wp-json\/wp\/v2\/pages\/22433\/revisions\/23615"}],"wp:attachment":[{"href":"https:\/\/vinsestela.com\/es\/wp-json\/wp\/v2\/media?parent=22433"}],"curies":[{"name":"wp","href":"https:\/\/api.w.org\/{rel}","templated":true}]}}