{"id":22480,"date":"2023-05-11T13:26:51","date_gmt":"2023-05-11T11:26:51","guid":{"rendered":"http:\/\/vinsestela.com\/politica-de-privacidad\/"},"modified":"2023-05-15T12:51:27","modified_gmt":"2023-05-15T10:51:27","slug":"politica-de-privacidad","status":"publish","type":"page","link":"https:\/\/vinsestela.com\/es\/politica-de-privacidad\/","title":{"rendered":"Pol\u00edtica de privacidad"},"content":{"rendered":"\t\t<div data-elementor-type=\"wp-page\" data-elementor-id=\"22480\" class=\"elementor elementor-22480 elementor-22413\">\n\t\t\t\t\t\t<section class=\"elementor-section elementor-top-section elementor-element elementor-element-797788c elementor-section-boxed elementor-section-height-default elementor-section-height-default sc_fly_static\" data-id=\"797788c\" data-element_type=\"section\" data-e-type=\"section\">\n\t\t\t\t\t\t\t<div class=\"elementor-background-overlay\"><\/div>\n\t\t\t\t\t\t\t<div class=\"elementor-container elementor-column-gap-extended\">\n\t\t\t\t\t<div class=\"elementor-column elementor-col-100 elementor-top-column elementor-element elementor-element-988a948 sc_content_align_inherit sc_layouts_column_icons_position_left sc_fly_static\" data-id=\"988a948\" data-element_type=\"column\" data-e-type=\"column\">\n\t\t\t<div class=\"elementor-widget-wrap elementor-element-populated\">\n\t\t\t\t\t\t<div class=\"elementor-element elementor-element-48b5091 sc_fly_static elementor-widget elementor-widget-spacer\" data-id=\"48b5091\" data-element_type=\"widget\" data-e-type=\"widget\" data-widget_type=\"spacer.default\">\n\t\t\t\t<div class=\"elementor-widget-container\">\n\t\t\t\t\t\t\t<div class=\"elementor-spacer\">\n\t\t\t<div class=\"elementor-spacer-inner\"><\/div>\n\t\t<\/div>\n\t\t\t\t\t\t<\/div>\n\t\t\t\t<\/div>\n\t\t\t\t<div class=\"elementor-element elementor-element-99835c6 sc_fly_static elementor-widget elementor-widget-heading\" data-id=\"99835c6\" data-element_type=\"widget\" data-e-type=\"widget\" data-widget_type=\"heading.default\">\n\t\t\t\t<div class=\"elementor-widget-container\">\n\t\t\t\t\t<h2 class=\"elementor-heading-title elementor-size-default\">POL\u00cdTICA DE PRIVACIDAD<\/h2>\t\t\t\t<\/div>\n\t\t\t\t<\/div>\n\t\t\t\t<div class=\"elementor-element elementor-element-a736552 sc_fly_static elementor-widget elementor-widget-spacer\" data-id=\"a736552\" data-element_type=\"widget\" data-e-type=\"widget\" data-widget_type=\"spacer.default\">\n\t\t\t\t<div class=\"elementor-widget-container\">\n\t\t\t\t\t\t\t<div class=\"elementor-spacer\">\n\t\t\t<div class=\"elementor-spacer-inner\"><\/div>\n\t\t<\/div>\n\t\t\t\t\t\t<\/div>\n\t\t\t\t<\/div>\n\t\t\t\t\t<\/div>\n\t\t<\/div>\n\t\t\t\t\t<\/div>\n\t\t<\/section>\n\t\t\t\t<section class=\"elementor-section elementor-top-section elementor-element elementor-element-cfa486a elementor-section-boxed elementor-section-height-default elementor-section-height-default sc_fly_static\" data-id=\"cfa486a\" data-element_type=\"section\" data-e-type=\"section\">\n\t\t\t\t\t\t\t<div class=\"elementor-background-overlay\"><\/div>\n\t\t\t\t\t\t\t<div class=\"elementor-container elementor-column-gap-extended\">\n\t\t\t\t\t<div class=\"elementor-column elementor-col-100 elementor-top-column elementor-element elementor-element-1350679 sc_content_align_inherit sc_layouts_column_icons_position_left sc_fly_static\" data-id=\"1350679\" data-element_type=\"column\" data-e-type=\"column\">\n\t\t\t<div class=\"elementor-widget-wrap elementor-element-populated\">\n\t\t\t\t\t\t<div class=\"elementor-element elementor-element-1ae5579 sc_fly_static elementor-widget elementor-widget-text-editor\" data-id=\"1ae5579\" data-element_type=\"widget\" data-e-type=\"widget\" data-widget_type=\"text-editor.default\">\n\t\t\t\t<div class=\"elementor-widget-container\">\n\t\t\t\t\t\t\t\t\t<div>\n<p>Nuestro objetivo es ser lo m\u00e1s transparentes posible con nuestros usuarios y clientes, sobre los datos personales que recopilamos. Su privacidad es importante para nosotros.<\/p>\n<p>Mediante la lectura de la presente Pol\u00edtica de privacidad, el usuario queda informado sobre la forma en que J. ESTELA RIERA S.L. recaba, trata y protege los datos de car\u00e1cter personal que le son facilitados a trav\u00e9s del sitio web &#8211; https:\/\/www.vinsestela.com (en adelante, el sitio web) y aquellos otros datos que pueda facilitar en un futuro a J. ESTELA RIERA S.L. por otros medios.<\/p>\n<p>El usuario debe leer con atenci\u00f3n esta Pol\u00edtica de privacidad, que ha sido redactada de forma clara y sencilla, para facilitar su comprensi\u00f3n, y determinar libre y voluntariamente si desea facilitar sus datos personales a J. ESTELA RIERA S.L.<\/p>\n<p>Al rellenar cualquier formulario y hacer clic en la casilla \u00abHe le\u00eddo la pol\u00edtica de privacidad\u00bb o similar, el usuario manifiesta expresamente que ha le\u00eddo la presente pol\u00edtica de privacidad en la que se indican los tratamientos de datos que se realizan y las finalidades, entre otras informaciones, d\u00e1ndose as\u00ed cumplimiento al deber de informar que impone la normativa de Protecci\u00f3n de Datos.<\/p>\n<p>En aquellos casos en que en la p\u00e1gina web corporativa se solicite el consentimiento para una finalidad concreta, al pulsar la casilla \u201cAcepto\u201d o similar, el usuario da el consentimiento inequ\u00edvoco y expreso para el tratamiento en cuesti\u00f3n.<\/p>\n<p><strong>\u00bfQui\u00e9n es el responsable del tratamiento de sus datos? <\/strong><\/p>\n<ul>\n<li>Identitat: J. ESTELA RIERA S.L. -NIF: B55125058<\/li>\n<li>Adre\u00e7a postal: PL. EUROPA 18 &#8211; RECINTE FIRAL, 17600 FIGUERES (GIRONA)<\/li>\n<li>Tel\u00e8fon: 972678422<\/li>\n<li>Correu electr\u00f2nic: <a href=\"mailto:estela@vinsestela.com\">estela@vinsestela.com<\/a><\/li>\n<\/ul>\n<div id=\"headingOne\" class=\"panel-heading\" role=\"tab\">\n<h4 class=\"panel-title asd\">Tractament de DADES recaptades mitjan\u00e7ant el WEB<\/h4>\n<\/div>\n<div id=\"collapseOne\" class=\"panel-collapse collapse in\" role=\"tabpanel\" aria-labelledby=\"headingOne\" aria-expanded=\"true\">\n<div class=\"panel-body panel_text\">\n<p class=\"titolamagat\"><strong>Amb quina finalitat tractem les seves dades personals?<\/strong><\/p>\n<p>A J. ESTELA RIERA S.L. tractem la informaci\u00f3 que ens faciliten les persones interessades amb la finalitat d&#8217;atendre la seva sol\u00b7licitud i enviar-li comunicacions comercials, aix\u00ed com els nostres butlletins. No es prendran decisions automatitzades en base a les dades proporcionades.<\/p>\n<p class=\"titolamagat\"><strong>Per quant temps conservarem les seves dades?<\/strong><\/p>\n<p>Les dades es conservaran mentre l&#8217;interessat no sol\u00b7liciti la seva supressi\u00f3.<\/p>\n<p class=\"titolamagat\"><strong>Quina \u00e9s la legitimaci\u00f3 per al tractament de les seves dades?<\/strong><\/p>\n<p>Li indiquem la base legal per al tractament de les seves dades: \u2022 Consentiment de l&#8217;interessat: Atendre la seva sol\u00b7licitud i enviar-li comunicacions comercials, aix\u00ed com els nostres butlletins .<\/p>\n<p class=\"titolamagat\"><strong>A quins destinataris es comunicaran les seves dades?<\/strong><\/p>\n<p>No se cediran dades a tercers, excepte obligaci\u00f3 legal.<\/p>\n<p class=\"titolamagat\"><strong>Transfer\u00e8ncies de dades a tercers pa\u00efsos?<\/strong><\/p>\n<p>No estan previstes transfer\u00e8ncies de dades a tercers pa\u00efsos.<\/p>\n<p class=\"titolamagat\"><strong>Com hem obtingut les seves dades?<\/strong><\/p>\n<p class=\"titolamagat\">Les dades personals que tractem a J. ESTELA RIERA S.L. procedeixen del propi interessat o del seu representant legal. No es tracten categories especials de dades personals (s\u00f3n aquelles dades que revelin l&#8217;origen \u00e8tnic o racial, les opinions pol\u00edtiques, les conviccions religioses o filos\u00f2fiques, o l&#8217;afiliaci\u00f3 sindical, dades gen\u00e8tiques, dades biom\u00e8triques dirigides a identificar de manera un\u00edvoca a una persona f\u00edsica, dades relatives a la salut o dades relatives a la vida sexual o l&#8217;orientaci\u00f3 sexual d&#8217;una persona f\u00edsica).<\/p>\n<div id=\"headingTwo\" class=\"panel-heading\" role=\"tab\">\n<h4 class=\"panel-title asd\">Tractament de DADES per SELECCI\u00d3 del PERSONAL<\/h4>\n<\/div>\n<div id=\"collapseTwo\" class=\"panel-collapse collapse in\" role=\"tabpanel\" aria-labelledby=\"headingTwo\" aria-expanded=\"true\">\n<div class=\"panel-body panel_text\">\n<p class=\"titolamagat\"><strong>Amb quina finalitat tractem les seves dades personals?<\/strong><\/p>\n<p>En J. ESTELA RIERA S.L. tractem la informaci\u00f3 que ens faciliten les persones interessades amb la finalitat de realitzar els processos de selecci\u00f3 de personal. No es prendran decisions automatitzades en base a les dades proporcionades.<\/p>\n<p class=\"titolamagat\"><strong>Per quant temps conservarem les seves dades?<\/strong><\/p>\n<p>Es conservaran durant dos anys, a excepci\u00f3 que l&#8217;interessat retiri el seu consentiment abans del termini m\u00e0xim de conservaci\u00f3.<\/p>\n<p class=\"titolamagat\"><strong>Quina \u00e9s la legitimaci\u00f3 per al tractament de les seves dades?<\/strong><\/p>\n<p>Li indiquem la base legal per al tractament de les seves dades: \u2022 Consentiment de l&#8217;interessat: Participar en els processos de selecci\u00f3 de personal .<\/p>\n<p class=\"titolamagat\"><strong>A quins destinataris es comunicaran les seves dades?<\/strong><\/p>\n<p>No se cediran dades a tercers, excepte obligaci\u00f3 legal.<\/p>\n<p class=\"titolamagat\"><strong>Transfer\u00e8ncies de dades a tercers pa\u00efsos?<\/strong><\/p>\n<\/div>\n<div class=\"panel-body panel_text\">\n<p>No estan previstes transfer\u00e8ncies de dades a tercers pa\u00efsos.<\/p>\n<p class=\"titolamagat\"><strong>Com hem obtingut les seves dades?<\/strong><\/p>\n<p>Les dades personals que tractem en J. ESTELA RIERA S.L. procedeixen del propi interessat. Les categories de dades que es tracten s\u00f3n: \u2022 Dades identificatives \u2022 Adreces postals i electr\u00f2niques i dades professionals i acad\u00e8miques.<\/p>\n<\/div>\n<\/div>\n<div id=\"headingThree\" class=\"panel-heading\" role=\"tab\">\n<h4 class=\"panel-title asd\">Tractament de DADES de CLIENTS<\/h4>\n<\/div>\n<div id=\"collapseThree\" class=\"panel-collapse collapse in\" role=\"tabpanel\" aria-labelledby=\"headingThree\" aria-expanded=\"true\">\n<div class=\"panel-body panel_text\">\n<p class=\"titolamagat\"><strong>Amb quina finalitat tractem les seves dades personals?<\/strong><\/p>\n<p>En J. ESTELA RIERA S.L. tractem la informaci\u00f3 que ens faciliten les persones interessades amb la finalitat de prestar els serveis sol\u00b7licitats, realitzar la gesti\u00f3 administrativa, comptable i fiscal dels serveis sol\u00b7licitats, aix\u00ed com enviar comunicacions comercials sobre els nostres productes i serveis.<br \/>No es prendran decisions automatitzades en base a les dades proporcionades .<\/p>\n<p class=\"titolamagat\"><strong>Per quant temps conservarem les seves dades?<\/strong><\/p>\n<p>Les dades es conservaran mentre l&#8217;interessat no sol\u00b7liciti la seva supressi\u00f3, i si escau, durant els anys necessaris per complir amb les obligacions legals.<\/p>\n<p class=\"titolamagat\"><strong>Quina \u00e9s la legitimaci\u00f3 per al tractament de les seves dades?<\/strong><\/p>\n<p>Li indiquem la base legal per al tractament de les seves dades: \u2022 Execuci\u00f3 d&#8217;un contracte: Prestar els serveis sol\u00b7licitats. \u2022 Obligaci\u00f3 legal: Realitzar la gesti\u00f3 administrativa, comptable i fiscal dels serveis sol\u00b7licitats. \u2022 Inter\u00e8s leg\u00edtim del Responsable: Enviar comunicacions comercials sobre els nostres productes i serveis<\/p>\n<p class=\"titolamagat\"><strong>A quins destinataris es comunicaran les seves dades?<\/strong><\/p>\n<p>Les dades es comunicaran als seg\u00fcents destinataris: \u2022 Ag\u00e8ncia Tribut\u00e0ria, amb la finalitat de complir amb les obligacions legals. \u2022 Entitats financeres, amb la finalitat de girar els rebuts corresponents.<\/p>\n<p class=\"titolamagat\"><strong>Transfer\u00e8ncies de dades a tercers pa\u00efsos?<\/strong><\/p>\n<p>No estan previstes transfer\u00e8ncies de dades a tercers pa\u00efsos.<\/p>\n<p class=\"titolamagat\"><strong>Com hem obtingut les seves dades?<\/strong><\/p>\n<p>Les dades personals que tractem en J. ESTELA RIERA S.L. procedeixen del propi interessat. Les categories de dades que es tracten s\u00f3n: \u2022 Dades identificatives \u2022 Adreces postals i electr\u00f2niques \u2022 Informaci\u00f3 comercial<\/p>\n<\/div>\n<div id=\"headingFour\" class=\"panel-heading\" role=\"tab\">\n<h4 class=\"panel-title asd\">Tractament de DADES de VIDEOVIGIL\u00c0NCIA<\/h4>\n<\/div>\n<div id=\"collapseFour\" class=\"panel-collapse collapse in\" role=\"tabpanel\" aria-labelledby=\"headingFour\" aria-expanded=\"true\">\n<div class=\"panel-body panel_text\">\n<p class=\"titolamagat\"><strong>Informaci\u00f3 b\u00e0sica sobre Protecci\u00f3 de Dades<\/strong><\/p>\n<p>Responsable: J. ESTELA RIERA S.L.; Finalitat: Garantir la seguretat de persones, b\u00e9ns i instal\u00b7lacions; Legitimaci\u00f3: Missi\u00f3 en Inter\u00e8s p\u00fablic; Destinataris: Estan previstes cessions de dades a: Si escau, les forces i cossos de seguretat de l&#8217;Estat, aix\u00ed com Jutjats i Tribunals; Drets: T\u00e9 dret a accedir, rectificar i suprimir les dades, aix\u00ed com altres drets, indicats en la informaci\u00f3 addicional, que pot exercir dirigint-se a l&#8217;adre\u00e7a del responsable del tractament; Proced\u00e8ncia: El propi interessat.<\/p>\n<p class=\"titolamagat\"><strong>Informaci\u00f3 completa sobre Protecci\u00f3 de Dades<\/strong><br \/><strong>Amb quina finalitat tractem les seves dades personals?<\/strong><\/p>\n<p>En J. ESTELA RIERA S.L. tractem la informaci\u00f3 que ens faciliten les persones interessades amb la finalitat de garantir la seguretat de persones, b\u00e9ns i instal\u00b7lacions. No es prendran decisions automatitzades en base a les dades proporcionades.<\/p>\n<p class=\"titolamagat\"><strong>Per quant temps conservarem les seves dades?<\/strong><\/p>\n<p>Les dades es conservaran un m\u00e0xim de 30 dies, excepte comunicaci\u00f3 a Forces i Cossos de Seguretat, i\/o Jutjats i Tribunals.<\/p>\n<p class=\"titolamagat\"><strong>Quina \u00e9s la legitimaci\u00f3 per al tractament de les seves dades?<\/strong><\/p>\n<p>Li indiquem la base legal per al tractament de les seves dades: \u2022 Missi\u00f3 en Inter\u00e8s p\u00fablic: Garantir la seguretat de persones, b\u00e9ns i instal\u00b7lacions<\/p>\n<p class=\"titolamagat\"><strong>A quins destinataris es comunicaran les seves dades?<\/strong><\/p>\n<p>Les dades es comunicaran als seg\u00fcents destinataris: \u2022 Si escau, les forces i cossos de seguretat de l&#8217;Estat, aix\u00ed com Jutjats i Tribunals, amb la finalitat d&#8217;aportar les imatges si s&#8217;ha com\u00e8s un delicte.<\/p>\n<p class=\"titolamagat\"><strong>Transfer\u00e8ncies de dades a tercers pa\u00efsos?<\/strong><\/p>\n<p>No estan previstes transfer\u00e8ncies de dades a tercers pa\u00efsos.<\/p>\n<p class=\"titolamagat\"><strong>Com hem obtingut les seves dades?<\/strong><\/p>\n<p>Les dades personals que tractem en J. ESTELA RIERA S.L. procedeixen del propi interessat.<\/p>\n<\/p>\n<div>\n<h6><strong>Quins s\u00f3n els seus drets quan ens facilita les seves dades?<\/strong><\/h6>\n<p>Qualsevol persona t\u00e9 dret a obtenir confirmaci\u00f3 sobre si en J. ESTELA RIERA S.L. estem tractant dades personals que els concerneixin, o no.<br \/>Les persones interessades tenen dret a accedir a les seves dades personals, aix\u00ed com a sol\u00b7licitar la rectificaci\u00f3 de les dades inexactes o, si escau, sol\u00b7licitar la seva supressi\u00f3 quan, entre altres motius, les dades ja no siguin necess\u00e0ries per a les finalitats que van ser recollides.<\/p>\n<p>En determinades circumst\u00e0ncies, els interessats podran sol\u00b7licitar la limitaci\u00f3 del tractament de les seves dades, en aquest cas \u00fanicament els conservarem per a l&#8217;exercici o la defensa de reclamacions.<br \/>En determinades circumst\u00e0ncies i per motius relacionats amb la seva situaci\u00f3 particular, els interessats podran oposar-se al tractament de les seves dades. En aquest cas, J. ESTELA RIERA S.L. deixar\u00e0 de tractar les dades, a menys que hi hagi motius leg\u00edtims imperiosos, o l&#8217;exercici o la defensa de possibles reclamacions.<\/p>\n<p>Tamb\u00e9 tindr\u00e0 dret a sol\u00b7licitar la portabilitat de les seves dades personals. Aix\u00f2 significa que tindr\u00e0 dret a rebre les dades personals que ens hagi facilitat en un format estructurat, d&#8217;\u00fas com\u00fa i llegible per una m\u00e0quina, per poder transmetre-ho a una altra entitat directament, sempre que t\u00e8cnicament sigui possible.<br \/>Pot exercir els seus Drets adre\u00e7ant-se al responsable presencialment, per correu postal acompanyant fotoc\u00f2pia del seu DNI o document oficial identificatiu, o b\u00e9 per correu electr\u00f2nic a l\u2019adre\u00e7a electr\u00f2nica del responsable, acompanyant a la inst\u00e0ncia\/sol\u00b7licitud una fotoc\u00f2pia del seu DNI o document oficial identificatiu. Els formularis per a les sol\u00b7licituds\/exercici de drets, pot trobar-los al seg\u00fcent lloc web:<br \/><a href=\"https:\/\/www.aepd.es\/reglamento\/derechos\/index.html#anchor4\" target=\"_blank\" rel=\"noopener\">https:\/\/www.aepd.es\/reglamento\/derechos\/index.html#anchor4<\/a><\/p>\n<p>\u2192 AEPD<br \/>En caso de que crea vulnerados sus derechos por lo que concierne a la protecci\u00f3n de sus datos personales, especialmente cuando no haya obtenido satisfacci\u00f3n en el ejercicio de sus derechos, puede presentar una reclamaci\u00f3n ante la Autoridad de Control en materia de Protecci\u00f3n de Datos competente :<br \/>Agencia Espa\u00f1ola de Protecci\u00f3n de Datos, C\/ Jorge Juan, 6, 28001 \u2013 Madrid.<br \/><a href=\"https:\/\/sedeagpd.gob.es\/sede-electronica-web\/vistas\/infoSede\/canalesAcceso.jsf\" target=\"_blank\" rel=\"noopener\">https:\/\/sedeagpd.gob.es\/sede-electronica-web\/vistas\/infoSede\/canalesAcceso.jsf<\/a><\/p>\n<\/div>\n<\/div>\n<\/div>\n<\/div>\n<\/div>\n<\/div>\n<\/div>\n\t\t\t\t\t\t\t\t<\/div>\n\t\t\t\t<\/div>\n\t\t\t\t\t<\/div>\n\t\t<\/div>\n\t\t\t\t\t<\/div>\n\t\t<\/section>\n\t\t\t\t<\/div>\n\t\t","protected":false},"excerpt":{"rendered":"<p>POL\u00cdTICA DE PRIVACIDAD Nuestro objetivo es ser lo m\u00e1s transparentes posible con nuestros usuarios y clientes, sobre los datos personales que recopilamos. Su privacidad es importante para nosotros. Mediante la&hellip;<\/p>\n","protected":false},"author":3,"featured_media":0,"parent":0,"menu_order":0,"comment_status":"closed","ping_status":"closed","template":"","meta":{"footnotes":""},"class_list":["post-22480","page","type-page","status-publish","hentry"],"yoast_head":"<!-- This site is optimized with the Yoast SEO plugin v27.4 - https:\/\/yoast.com\/product\/yoast-seo-wordpress\/ -->\n<title>Pol\u00edtica de privacidad - Vins Estela<\/title>\n<meta name=\"robots\" content=\"index, follow, max-snippet:-1, max-image-preview:large, max-video-preview:-1\" \/>\n<link rel=\"canonical\" href=\"https:\/\/vinsestela.com\/es\/politica-de-privacidad\/\" \/>\n<meta property=\"og:locale\" content=\"es_ES\" \/>\n<meta property=\"og:type\" content=\"article\" \/>\n<meta property=\"og:title\" content=\"Pol\u00edtica de privacidad - Vins Estela\" \/>\n<meta property=\"og:description\" content=\"POL\u00cdTICA DE PRIVACIDAD Nuestro objetivo es ser lo m\u00e1s transparentes posible con nuestros usuarios y clientes, sobre los datos personales que recopilamos. Su privacidad es importante para nosotros. Mediante la&hellip;\" \/>\n<meta property=\"og:url\" content=\"https:\/\/vinsestela.com\/es\/politica-de-privacidad\/\" \/>\n<meta property=\"og:site_name\" content=\"Vins Estela\" \/>\n<meta property=\"article:modified_time\" content=\"2023-05-15T10:51:27+00:00\" \/>\n<meta name=\"twitter:card\" content=\"summary_large_image\" \/>\n<meta name=\"twitter:label1\" content=\"Tiempo de lectura\" \/>\n\t<meta name=\"twitter:data1\" content=\"8 minutos\" \/>\n<script type=\"application\/ld+json\" class=\"yoast-schema-graph\">{\"@context\":\"https:\\\/\\\/schema.org\",\"@graph\":[{\"@type\":\"WebPage\",\"@id\":\"https:\\\/\\\/vinsestela.com\\\/es\\\/politica-de-privacidad\\\/\",\"url\":\"https:\\\/\\\/vinsestela.com\\\/es\\\/politica-de-privacidad\\\/\",\"name\":\"Pol\u00edtica de privacidad - Vins Estela\",\"isPartOf\":{\"@id\":\"https:\\\/\\\/vinsestela.com\\\/#website\"},\"datePublished\":\"2023-05-11T11:26:51+00:00\",\"dateModified\":\"2023-05-15T10:51:27+00:00\",\"breadcrumb\":{\"@id\":\"https:\\\/\\\/vinsestela.com\\\/es\\\/politica-de-privacidad\\\/#breadcrumb\"},\"inLanguage\":\"es\",\"potentialAction\":[{\"@type\":\"ReadAction\",\"target\":[\"https:\\\/\\\/vinsestela.com\\\/es\\\/politica-de-privacidad\\\/\"]}]},{\"@type\":\"BreadcrumbList\",\"@id\":\"https:\\\/\\\/vinsestela.com\\\/es\\\/politica-de-privacidad\\\/#breadcrumb\",\"itemListElement\":[{\"@type\":\"ListItem\",\"position\":1,\"name\":\"Inici\",\"item\":\"https:\\\/\\\/vinsestela.com\\\/es\\\/\"},{\"@type\":\"ListItem\",\"position\":2,\"name\":\"Pol\u00edtica de privacidad\"}]},{\"@type\":\"WebSite\",\"@id\":\"https:\\\/\\\/vinsestela.com\\\/#website\",\"url\":\"https:\\\/\\\/vinsestela.com\\\/\",\"name\":\"Vins Estela\",\"description\":\"Vins Estela, el teu distribuidor de confian\u00e7a\",\"publisher\":{\"@id\":\"https:\\\/\\\/vinsestela.com\\\/#organization\"},\"potentialAction\":[{\"@type\":\"SearchAction\",\"target\":{\"@type\":\"EntryPoint\",\"urlTemplate\":\"https:\\\/\\\/vinsestela.com\\\/?s={search_term_string}\"},\"query-input\":{\"@type\":\"PropertyValueSpecification\",\"valueRequired\":true,\"valueName\":\"search_term_string\"}}],\"inLanguage\":\"es\"},{\"@type\":\"Organization\",\"@id\":\"https:\\\/\\\/vinsestela.com\\\/#organization\",\"name\":\"Vins Estela\",\"url\":\"https:\\\/\\\/vinsestela.com\\\/\",\"logo\":{\"@type\":\"ImageObject\",\"inLanguage\":\"es\",\"@id\":\"https:\\\/\\\/vinsestela.com\\\/#\\\/schema\\\/logo\\\/image\\\/\",\"url\":\"https:\\\/\\\/vinsestela.com\\\/wp-content\\\/uploads\\\/2023\\\/03\\\/cropped-LOGO_VINS_ESTELA-01.png\",\"contentUrl\":\"https:\\\/\\\/vinsestela.com\\\/wp-content\\\/uploads\\\/2023\\\/03\\\/cropped-LOGO_VINS_ESTELA-01.png\",\"width\":485,\"height\":630,\"caption\":\"Vins Estela\"},\"image\":{\"@id\":\"https:\\\/\\\/vinsestela.com\\\/#\\\/schema\\\/logo\\\/image\\\/\"}}]}<\/script>\n<!-- \/ Yoast SEO plugin. -->","yoast_head_json":{"title":"Pol\u00edtica de privacidad - Vins Estela","robots":{"index":"index","follow":"follow","max-snippet":"max-snippet:-1","max-image-preview":"max-image-preview:large","max-video-preview":"max-video-preview:-1"},"canonical":"https:\/\/vinsestela.com\/es\/politica-de-privacidad\/","og_locale":"es_ES","og_type":"article","og_title":"Pol\u00edtica de privacidad - Vins Estela","og_description":"POL\u00cdTICA DE PRIVACIDAD Nuestro objetivo es ser lo m\u00e1s transparentes posible con nuestros usuarios y clientes, sobre los datos personales que recopilamos. Su privacidad es importante para nosotros. Mediante la&hellip;","og_url":"https:\/\/vinsestela.com\/es\/politica-de-privacidad\/","og_site_name":"Vins Estela","article_modified_time":"2023-05-15T10:51:27+00:00","twitter_card":"summary_large_image","twitter_misc":{"Tiempo de lectura":"8 minutos"},"schema":{"@context":"https:\/\/schema.org","@graph":[{"@type":"WebPage","@id":"https:\/\/vinsestela.com\/es\/politica-de-privacidad\/","url":"https:\/\/vinsestela.com\/es\/politica-de-privacidad\/","name":"Pol\u00edtica de privacidad - Vins Estela","isPartOf":{"@id":"https:\/\/vinsestela.com\/#website"},"datePublished":"2023-05-11T11:26:51+00:00","dateModified":"2023-05-15T10:51:27+00:00","breadcrumb":{"@id":"https:\/\/vinsestela.com\/es\/politica-de-privacidad\/#breadcrumb"},"inLanguage":"es","potentialAction":[{"@type":"ReadAction","target":["https:\/\/vinsestela.com\/es\/politica-de-privacidad\/"]}]},{"@type":"BreadcrumbList","@id":"https:\/\/vinsestela.com\/es\/politica-de-privacidad\/#breadcrumb","itemListElement":[{"@type":"ListItem","position":1,"name":"Inici","item":"https:\/\/vinsestela.com\/es\/"},{"@type":"ListItem","position":2,"name":"Pol\u00edtica de privacidad"}]},{"@type":"WebSite","@id":"https:\/\/vinsestela.com\/#website","url":"https:\/\/vinsestela.com\/","name":"Vins Estela","description":"Vins Estela, el teu distribuidor de confian\u00e7a","publisher":{"@id":"https:\/\/vinsestela.com\/#organization"},"potentialAction":[{"@type":"SearchAction","target":{"@type":"EntryPoint","urlTemplate":"https:\/\/vinsestela.com\/?s={search_term_string}"},"query-input":{"@type":"PropertyValueSpecification","valueRequired":true,"valueName":"search_term_string"}}],"inLanguage":"es"},{"@type":"Organization","@id":"https:\/\/vinsestela.com\/#organization","name":"Vins Estela","url":"https:\/\/vinsestela.com\/","logo":{"@type":"ImageObject","inLanguage":"es","@id":"https:\/\/vinsestela.com\/#\/schema\/logo\/image\/","url":"https:\/\/vinsestela.com\/wp-content\/uploads\/2023\/03\/cropped-LOGO_VINS_ESTELA-01.png","contentUrl":"https:\/\/vinsestela.com\/wp-content\/uploads\/2023\/03\/cropped-LOGO_VINS_ESTELA-01.png","width":485,"height":630,"caption":"Vins Estela"},"image":{"@id":"https:\/\/vinsestela.com\/#\/schema\/logo\/image\/"}}]}},"_links":{"self":[{"href":"https:\/\/vinsestela.com\/es\/wp-json\/wp\/v2\/pages\/22480","targetHints":{"allow":["GET"]}}],"collection":[{"href":"https:\/\/vinsestela.com\/es\/wp-json\/wp\/v2\/pages"}],"about":[{"href":"https:\/\/vinsestela.com\/es\/wp-json\/wp\/v2\/types\/page"}],"author":[{"embeddable":true,"href":"https:\/\/vinsestela.com\/es\/wp-json\/wp\/v2\/users\/3"}],"replies":[{"embeddable":true,"href":"https:\/\/vinsestela.com\/es\/wp-json\/wp\/v2\/comments?post=22480"}],"version-history":[{"count":7,"href":"https:\/\/vinsestela.com\/es\/wp-json\/wp\/v2\/pages\/22480\/revisions"}],"predecessor-version":[{"id":22499,"href":"https:\/\/vinsestela.com\/es\/wp-json\/wp\/v2\/pages\/22480\/revisions\/22499"}],"wp:attachment":[{"href":"https:\/\/vinsestela.com\/es\/wp-json\/wp\/v2\/media?parent=22480"}],"curies":[{"name":"wp","href":"https:\/\/api.w.org\/{rel}","templated":true}]}}