{"id":21041,"date":"2023-05-07T13:30:36","date_gmt":"2023-05-07T11:30:36","guid":{"rendered":"http:\/\/vinsestela.com\/?post_type=product&#038;p=21041"},"modified":"2023-08-24T14:53:48","modified_gmt":"2023-08-24T12:53:48","slug":"terra-indika","status":"publish","type":"product","link":"https:\/\/vinsestela.com\/es\/producto\/terra-indika\/","title":{"rendered":"Terra indika"},"content":{"rendered":"","protected":false},"excerpt":{"rendered":"<p>Vino de color morado con ribete fucsia, con una capa media.<br \/>\nDe aroma muy intenso a fruta roja en que destacar\u00edamos la ciruela negra y el higo verde. Con mucha frescura que nos recuerda ligeramente la hierba cortada y alg\u00fan c\u00edtrico.<br \/>\nEn boca sigue esta frescura de vino joven pero al mismo tiempo se goloso con gustos de fruta como puede ser la mora. Cuando el aireamos nos recuerda el aroma del mosto cuando cae sobre la brisa durante un remontaje.<br \/>\nTiene un paso de boca agradable con una buena persistencia.<\/p>\n","protected":false},"featured_media":21070,"template":"","meta":[],"product_brand":[],"product_cat":[1334],"product_tag":[],"class_list":{"0":"post-21041","1":"product","2":"type-product","3":"status-publish","4":"has-post-thumbnail","6":"product_cat-vino-tinto","8":"first","9":"instock","10":"shipping-taxable","11":"purchasable","12":"product-type-simple"},"yoast_head":"<!-- This site is optimized with the Yoast SEO plugin v27.4 - https:\/\/yoast.com\/product\/yoast-seo-wordpress\/ -->\n<title>Terra indika - Vins Estela<\/title>\n<meta name=\"robots\" content=\"index, follow, max-snippet:-1, max-image-preview:large, max-video-preview:-1\" \/>\n<link rel=\"canonical\" href=\"https:\/\/vinsestela.com\/producto\/terra-indika\/\" \/>\n<meta property=\"og:locale\" content=\"es_ES\" \/>\n<meta property=\"og:type\" content=\"article\" \/>\n<meta property=\"og:title\" content=\"Terra indika - Vins Estela\" \/>\n<meta property=\"og:description\" content=\"Vino de color morado con ribete fucsia, con una capa media. De aroma muy intenso a fruta roja en que destacar\u00edamos la ciruela negra y el higo verde. Con mucha frescura que nos recuerda ligeramente la hierba cortada y alg\u00fan c\u00edtrico. En boca sigue esta frescura de vino joven pero al mismo tiempo se goloso con gustos de fruta como puede ser la mora. Cuando el aireamos nos recuerda el aroma del mosto cuando cae sobre la brisa durante un remontaje. Tiene un paso de boca agradable con una buena persistencia.\" \/>\n<meta property=\"og:url\" content=\"https:\/\/vinsestela.com\/producto\/terra-indika\/\" \/>\n<meta property=\"og:site_name\" content=\"Vins Estela\" \/>\n<meta property=\"article:modified_time\" content=\"2023-08-24T12:53:48+00:00\" \/>\n<meta property=\"og:image\" content=\"https:\/\/vinsestela.com\/wp-content\/uploads\/2023\/05\/1191994.jpg\" \/>\n\t<meta property=\"og:image:width\" content=\"600\" \/>\n\t<meta property=\"og:image:height\" content=\"600\" \/>\n\t<meta property=\"og:image:type\" content=\"image\/jpeg\" \/>\n<meta name=\"twitter:card\" content=\"summary_large_image\" \/>\n<script type=\"application\/ld+json\" class=\"yoast-schema-graph\">{\"@context\":\"https:\\\/\\\/schema.org\",\"@graph\":[{\"@type\":\"WebPage\",\"@id\":\"https:\\\/\\\/vinsestela.com\\\/producto\\\/terra-indika\\\/\",\"url\":\"https:\\\/\\\/vinsestela.com\\\/producto\\\/terra-indika\\\/\",\"name\":\"Terra indika - Vins Estela\",\"isPartOf\":{\"@id\":\"https:\\\/\\\/vinsestela.com\\\/#website\"},\"primaryImageOfPage\":{\"@id\":\"https:\\\/\\\/vinsestela.com\\\/producto\\\/terra-indika\\\/#primaryimage\"},\"image\":{\"@id\":\"https:\\\/\\\/vinsestela.com\\\/producto\\\/terra-indika\\\/#primaryimage\"},\"thumbnailUrl\":\"https:\\\/\\\/vinsestela.com\\\/wp-content\\\/uploads\\\/2023\\\/05\\\/1191994.jpg\",\"datePublished\":\"2023-05-07T11:30:36+00:00\",\"dateModified\":\"2023-08-24T12:53:48+00:00\",\"breadcrumb\":{\"@id\":\"https:\\\/\\\/vinsestela.com\\\/producto\\\/terra-indika\\\/#breadcrumb\"},\"inLanguage\":\"es\",\"potentialAction\":[{\"@type\":\"ReadAction\",\"target\":[\"https:\\\/\\\/vinsestela.com\\\/producto\\\/terra-indika\\\/\"]}]},{\"@type\":\"ImageObject\",\"inLanguage\":\"es\",\"@id\":\"https:\\\/\\\/vinsestela.com\\\/producto\\\/terra-indika\\\/#primaryimage\",\"url\":\"https:\\\/\\\/vinsestela.com\\\/wp-content\\\/uploads\\\/2023\\\/05\\\/1191994.jpg\",\"contentUrl\":\"https:\\\/\\\/vinsestela.com\\\/wp-content\\\/uploads\\\/2023\\\/05\\\/1191994.jpg\",\"width\":600,\"height\":600},{\"@type\":\"BreadcrumbList\",\"@id\":\"https:\\\/\\\/vinsestela.com\\\/producto\\\/terra-indika\\\/#breadcrumb\",\"itemListElement\":[{\"@type\":\"ListItem\",\"position\":1,\"name\":\"Inici\",\"item\":\"https:\\\/\\\/vinsestela.com\\\/es\\\/\"},{\"@type\":\"ListItem\",\"position\":2,\"name\":\"Productos\",\"item\":\"https:\\\/\\\/vinsestela.com\\\/es\\\/productos\\\/\"},{\"@type\":\"ListItem\",\"position\":3,\"name\":\"Terra indika\"}]},{\"@type\":\"WebSite\",\"@id\":\"https:\\\/\\\/vinsestela.com\\\/#website\",\"url\":\"https:\\\/\\\/vinsestela.com\\\/\",\"name\":\"Vins Estela\",\"description\":\"Vins Estela, el teu distribuidor de confian\u00e7a\",\"publisher\":{\"@id\":\"https:\\\/\\\/vinsestela.com\\\/#organization\"},\"potentialAction\":[{\"@type\":\"SearchAction\",\"target\":{\"@type\":\"EntryPoint\",\"urlTemplate\":\"https:\\\/\\\/vinsestela.com\\\/?s={search_term_string}\"},\"query-input\":{\"@type\":\"PropertyValueSpecification\",\"valueRequired\":true,\"valueName\":\"search_term_string\"}}],\"inLanguage\":\"es\"},{\"@type\":\"Organization\",\"@id\":\"https:\\\/\\\/vinsestela.com\\\/#organization\",\"name\":\"Vins Estela\",\"url\":\"https:\\\/\\\/vinsestela.com\\\/\",\"logo\":{\"@type\":\"ImageObject\",\"inLanguage\":\"es\",\"@id\":\"https:\\\/\\\/vinsestela.com\\\/#\\\/schema\\\/logo\\\/image\\\/\",\"url\":\"https:\\\/\\\/vinsestela.com\\\/wp-content\\\/uploads\\\/2023\\\/03\\\/cropped-LOGO_VINS_ESTELA-01.png\",\"contentUrl\":\"https:\\\/\\\/vinsestela.com\\\/wp-content\\\/uploads\\\/2023\\\/03\\\/cropped-LOGO_VINS_ESTELA-01.png\",\"width\":485,\"height\":630,\"caption\":\"Vins Estela\"},\"image\":{\"@id\":\"https:\\\/\\\/vinsestela.com\\\/#\\\/schema\\\/logo\\\/image\\\/\"}}]}<\/script>\n<!-- \/ Yoast SEO plugin. -->","yoast_head_json":{"title":"Terra indika - Vins Estela","robots":{"index":"index","follow":"follow","max-snippet":"max-snippet:-1","max-image-preview":"max-image-preview:large","max-video-preview":"max-video-preview:-1"},"canonical":"https:\/\/vinsestela.com\/producto\/terra-indika\/","og_locale":"es_ES","og_type":"article","og_title":"Terra indika - Vins Estela","og_description":"Vino de color morado con ribete fucsia, con una capa media. De aroma muy intenso a fruta roja en que destacar\u00edamos la ciruela negra y el higo verde. Con mucha frescura que nos recuerda ligeramente la hierba cortada y alg\u00fan c\u00edtrico. En boca sigue esta frescura de vino joven pero al mismo tiempo se goloso con gustos de fruta como puede ser la mora. Cuando el aireamos nos recuerda el aroma del mosto cuando cae sobre la brisa durante un remontaje. Tiene un paso de boca agradable con una buena persistencia.","og_url":"https:\/\/vinsestela.com\/producto\/terra-indika\/","og_site_name":"Vins Estela","article_modified_time":"2023-08-24T12:53:48+00:00","og_image":[{"width":600,"height":600,"url":"https:\/\/vinsestela.com\/wp-content\/uploads\/2023\/05\/1191994.jpg","type":"image\/jpeg"}],"twitter_card":"summary_large_image","schema":{"@context":"https:\/\/schema.org","@graph":[{"@type":"WebPage","@id":"https:\/\/vinsestela.com\/producto\/terra-indika\/","url":"https:\/\/vinsestela.com\/producto\/terra-indika\/","name":"Terra indika - Vins Estela","isPartOf":{"@id":"https:\/\/vinsestela.com\/#website"},"primaryImageOfPage":{"@id":"https:\/\/vinsestela.com\/producto\/terra-indika\/#primaryimage"},"image":{"@id":"https:\/\/vinsestela.com\/producto\/terra-indika\/#primaryimage"},"thumbnailUrl":"https:\/\/vinsestela.com\/wp-content\/uploads\/2023\/05\/1191994.jpg","datePublished":"2023-05-07T11:30:36+00:00","dateModified":"2023-08-24T12:53:48+00:00","breadcrumb":{"@id":"https:\/\/vinsestela.com\/producto\/terra-indika\/#breadcrumb"},"inLanguage":"es","potentialAction":[{"@type":"ReadAction","target":["https:\/\/vinsestela.com\/producto\/terra-indika\/"]}]},{"@type":"ImageObject","inLanguage":"es","@id":"https:\/\/vinsestela.com\/producto\/terra-indika\/#primaryimage","url":"https:\/\/vinsestela.com\/wp-content\/uploads\/2023\/05\/1191994.jpg","contentUrl":"https:\/\/vinsestela.com\/wp-content\/uploads\/2023\/05\/1191994.jpg","width":600,"height":600},{"@type":"BreadcrumbList","@id":"https:\/\/vinsestela.com\/producto\/terra-indika\/#breadcrumb","itemListElement":[{"@type":"ListItem","position":1,"name":"Inici","item":"https:\/\/vinsestela.com\/es\/"},{"@type":"ListItem","position":2,"name":"Productos","item":"https:\/\/vinsestela.com\/es\/productos\/"},{"@type":"ListItem","position":3,"name":"Terra indika"}]},{"@type":"WebSite","@id":"https:\/\/vinsestela.com\/#website","url":"https:\/\/vinsestela.com\/","name":"Vins Estela","description":"Vins Estela, el teu distribuidor de confian\u00e7a","publisher":{"@id":"https:\/\/vinsestela.com\/#organization"},"potentialAction":[{"@type":"SearchAction","target":{"@type":"EntryPoint","urlTemplate":"https:\/\/vinsestela.com\/?s={search_term_string}"},"query-input":{"@type":"PropertyValueSpecification","valueRequired":true,"valueName":"search_term_string"}}],"inLanguage":"es"},{"@type":"Organization","@id":"https:\/\/vinsestela.com\/#organization","name":"Vins Estela","url":"https:\/\/vinsestela.com\/","logo":{"@type":"ImageObject","inLanguage":"es","@id":"https:\/\/vinsestela.com\/#\/schema\/logo\/image\/","url":"https:\/\/vinsestela.com\/wp-content\/uploads\/2023\/03\/cropped-LOGO_VINS_ESTELA-01.png","contentUrl":"https:\/\/vinsestela.com\/wp-content\/uploads\/2023\/03\/cropped-LOGO_VINS_ESTELA-01.png","width":485,"height":630,"caption":"Vins Estela"},"image":{"@id":"https:\/\/vinsestela.com\/#\/schema\/logo\/image\/"}}]}},"_links":{"self":[{"href":"https:\/\/vinsestela.com\/es\/wp-json\/wp\/v2\/product\/21041","targetHints":{"allow":["GET"]}}],"collection":[{"href":"https:\/\/vinsestela.com\/es\/wp-json\/wp\/v2\/product"}],"about":[{"href":"https:\/\/vinsestela.com\/es\/wp-json\/wp\/v2\/types\/product"}],"wp:featuredmedia":[{"embeddable":true,"href":"https:\/\/vinsestela.com\/es\/wp-json\/wp\/v2\/media\/21070"}],"wp:attachment":[{"href":"https:\/\/vinsestela.com\/es\/wp-json\/wp\/v2\/media?parent=21041"}],"wp:term":[{"taxonomy":"product_brand","embeddable":true,"href":"https:\/\/vinsestela.com\/es\/wp-json\/wp\/v2\/product_brand?post=21041"},{"taxonomy":"product_cat","embeddable":true,"href":"https:\/\/vinsestela.com\/es\/wp-json\/wp\/v2\/product_cat?post=21041"},{"taxonomy":"product_tag","embeddable":true,"href":"https:\/\/vinsestela.com\/es\/wp-json\/wp\/v2\/product_tag?post=21041"}],"curies":[{"name":"wp","href":"https:\/\/api.w.org\/{rel}","templated":true}]}}