{"id":21180,"date":"2023-05-07T13:31:52","date_gmt":"2023-05-07T11:31:52","guid":{"rendered":"http:\/\/vinsestela.com\/?post_type=product&#038;p=21180"},"modified":"2023-05-07T16:01:39","modified_gmt":"2023-05-07T14:01:39","slug":"anhel-demporda-negre","status":"publish","type":"product","link":"https:\/\/vinsestela.com\/es\/producto\/anhel-demporda-negre\/","title":{"rendered":"Anhel d&#8217;Empord\u00e0 Negre"},"content":{"rendered":"","protected":false},"excerpt":{"rendered":"<p>L\u00edmpido, de color rojo rub\u00ed y de intensidad media con el ribete de una tonalidad viol\u00e1cea.<br \/>\nAroma limpio y arm\u00f3nico dominado por la complejidad de la fruta roja con cierta madurez y con un ligero fondo bals\u00e1mico, de especias y matices de tabaco rubio.<br \/>\nCon una buena entrada, en la boca es sedoso, lleno y redondo; resultado de la buena armon\u00eda entre la fruta y el roble. De acidez y estructura t\u00e1nica equilibradas, final agradable y elegante.<br \/>\nUn vino amable, sincero y honesto.<\/p>\n","protected":false},"featured_media":21210,"template":"","meta":[],"product_brand":[],"product_cat":[1334],"product_tag":[],"class_list":{"0":"post-21180","1":"product","2":"type-product","3":"status-publish","4":"has-post-thumbnail","6":"product_cat-vino-tinto","8":"first","9":"instock","10":"shipping-taxable","11":"purchasable","12":"product-type-simple"},"yoast_head":"<!-- This site is optimized with the Yoast SEO plugin v27.4 - https:\/\/yoast.com\/product\/yoast-seo-wordpress\/ -->\n<title>Anhel d&#039;Empord\u00e0 Negre - Vins Estela<\/title>\n<meta name=\"robots\" content=\"index, follow, max-snippet:-1, max-image-preview:large, max-video-preview:-1\" \/>\n<link rel=\"canonical\" href=\"https:\/\/vinsestela.com\/producto\/anhel-demporda-negre\/\" \/>\n<meta property=\"og:locale\" content=\"es_ES\" \/>\n<meta property=\"og:type\" content=\"article\" \/>\n<meta property=\"og:title\" content=\"Anhel d&#039;Empord\u00e0 Negre - Vins Estela\" \/>\n<meta property=\"og:description\" content=\"L\u00edmpido, de color rojo rub\u00ed y de intensidad media con el ribete de una tonalidad viol\u00e1cea. Aroma limpio y arm\u00f3nico dominado por la complejidad de la fruta roja con cierta madurez y con un ligero fondo bals\u00e1mico, de especias y matices de tabaco rubio. Con una buena entrada, en la boca es sedoso, lleno y redondo; resultado de la buena armon\u00eda entre la fruta y el roble. De acidez y estructura t\u00e1nica equilibradas, final agradable y elegante. Un vino amable, sincero y honesto.\" \/>\n<meta property=\"og:url\" content=\"https:\/\/vinsestela.com\/producto\/anhel-demporda-negre\/\" \/>\n<meta property=\"og:site_name\" content=\"Vins Estela\" \/>\n<meta property=\"article:modified_time\" content=\"2023-05-07T14:01:39+00:00\" \/>\n<meta property=\"og:image\" content=\"https:\/\/vinsestela.com\/wp-content\/uploads\/2023\/05\/AnheldEmpordaNegre-02-1.png\" \/>\n\t<meta property=\"og:image:width\" content=\"2501\" \/>\n\t<meta property=\"og:image:height\" content=\"2500\" \/>\n\t<meta property=\"og:image:type\" content=\"image\/png\" \/>\n<meta name=\"twitter:card\" content=\"summary_large_image\" \/>\n<script type=\"application\/ld+json\" class=\"yoast-schema-graph\">{\"@context\":\"https:\\\/\\\/schema.org\",\"@graph\":[{\"@type\":\"WebPage\",\"@id\":\"https:\\\/\\\/vinsestela.com\\\/producto\\\/anhel-demporda-negre\\\/\",\"url\":\"https:\\\/\\\/vinsestela.com\\\/producto\\\/anhel-demporda-negre\\\/\",\"name\":\"Anhel d'Empord\u00e0 Negre - Vins Estela\",\"isPartOf\":{\"@id\":\"https:\\\/\\\/vinsestela.com\\\/#website\"},\"primaryImageOfPage\":{\"@id\":\"https:\\\/\\\/vinsestela.com\\\/producto\\\/anhel-demporda-negre\\\/#primaryimage\"},\"image\":{\"@id\":\"https:\\\/\\\/vinsestela.com\\\/producto\\\/anhel-demporda-negre\\\/#primaryimage\"},\"thumbnailUrl\":\"https:\\\/\\\/vinsestela.com\\\/wp-content\\\/uploads\\\/2023\\\/05\\\/AnheldEmpordaNegre-02-1.png\",\"datePublished\":\"2023-05-07T11:31:52+00:00\",\"dateModified\":\"2023-05-07T14:01:39+00:00\",\"breadcrumb\":{\"@id\":\"https:\\\/\\\/vinsestela.com\\\/producto\\\/anhel-demporda-negre\\\/#breadcrumb\"},\"inLanguage\":\"es\",\"potentialAction\":[{\"@type\":\"ReadAction\",\"target\":[\"https:\\\/\\\/vinsestela.com\\\/producto\\\/anhel-demporda-negre\\\/\"]}]},{\"@type\":\"ImageObject\",\"inLanguage\":\"es\",\"@id\":\"https:\\\/\\\/vinsestela.com\\\/producto\\\/anhel-demporda-negre\\\/#primaryimage\",\"url\":\"https:\\\/\\\/vinsestela.com\\\/wp-content\\\/uploads\\\/2023\\\/05\\\/AnheldEmpordaNegre-02-1.png\",\"contentUrl\":\"https:\\\/\\\/vinsestela.com\\\/wp-content\\\/uploads\\\/2023\\\/05\\\/AnheldEmpordaNegre-02-1.png\",\"width\":2501,\"height\":2500},{\"@type\":\"BreadcrumbList\",\"@id\":\"https:\\\/\\\/vinsestela.com\\\/producto\\\/anhel-demporda-negre\\\/#breadcrumb\",\"itemListElement\":[{\"@type\":\"ListItem\",\"position\":1,\"name\":\"Inici\",\"item\":\"https:\\\/\\\/vinsestela.com\\\/es\\\/\"},{\"@type\":\"ListItem\",\"position\":2,\"name\":\"Productos\",\"item\":\"https:\\\/\\\/vinsestela.com\\\/es\\\/productos\\\/\"},{\"@type\":\"ListItem\",\"position\":3,\"name\":\"Anhel d&#8217;Empord\u00e0 Negre\"}]},{\"@type\":\"WebSite\",\"@id\":\"https:\\\/\\\/vinsestela.com\\\/#website\",\"url\":\"https:\\\/\\\/vinsestela.com\\\/\",\"name\":\"Vins Estela\",\"description\":\"Vins Estela, el teu distribuidor de confian\u00e7a\",\"publisher\":{\"@id\":\"https:\\\/\\\/vinsestela.com\\\/#organization\"},\"potentialAction\":[{\"@type\":\"SearchAction\",\"target\":{\"@type\":\"EntryPoint\",\"urlTemplate\":\"https:\\\/\\\/vinsestela.com\\\/?s={search_term_string}\"},\"query-input\":{\"@type\":\"PropertyValueSpecification\",\"valueRequired\":true,\"valueName\":\"search_term_string\"}}],\"inLanguage\":\"es\"},{\"@type\":\"Organization\",\"@id\":\"https:\\\/\\\/vinsestela.com\\\/#organization\",\"name\":\"Vins Estela\",\"url\":\"https:\\\/\\\/vinsestela.com\\\/\",\"logo\":{\"@type\":\"ImageObject\",\"inLanguage\":\"es\",\"@id\":\"https:\\\/\\\/vinsestela.com\\\/#\\\/schema\\\/logo\\\/image\\\/\",\"url\":\"https:\\\/\\\/vinsestela.com\\\/wp-content\\\/uploads\\\/2023\\\/03\\\/cropped-LOGO_VINS_ESTELA-01.png\",\"contentUrl\":\"https:\\\/\\\/vinsestela.com\\\/wp-content\\\/uploads\\\/2023\\\/03\\\/cropped-LOGO_VINS_ESTELA-01.png\",\"width\":485,\"height\":630,\"caption\":\"Vins Estela\"},\"image\":{\"@id\":\"https:\\\/\\\/vinsestela.com\\\/#\\\/schema\\\/logo\\\/image\\\/\"}}]}<\/script>\n<!-- \/ Yoast SEO plugin. -->","yoast_head_json":{"title":"Anhel d'Empord\u00e0 Negre - Vins Estela","robots":{"index":"index","follow":"follow","max-snippet":"max-snippet:-1","max-image-preview":"max-image-preview:large","max-video-preview":"max-video-preview:-1"},"canonical":"https:\/\/vinsestela.com\/producto\/anhel-demporda-negre\/","og_locale":"es_ES","og_type":"article","og_title":"Anhel d'Empord\u00e0 Negre - Vins Estela","og_description":"L\u00edmpido, de color rojo rub\u00ed y de intensidad media con el ribete de una tonalidad viol\u00e1cea. Aroma limpio y arm\u00f3nico dominado por la complejidad de la fruta roja con cierta madurez y con un ligero fondo bals\u00e1mico, de especias y matices de tabaco rubio. Con una buena entrada, en la boca es sedoso, lleno y redondo; resultado de la buena armon\u00eda entre la fruta y el roble. De acidez y estructura t\u00e1nica equilibradas, final agradable y elegante. Un vino amable, sincero y honesto.","og_url":"https:\/\/vinsestela.com\/producto\/anhel-demporda-negre\/","og_site_name":"Vins Estela","article_modified_time":"2023-05-07T14:01:39+00:00","og_image":[{"width":2501,"height":2500,"url":"https:\/\/vinsestela.com\/wp-content\/uploads\/2023\/05\/AnheldEmpordaNegre-02-1.png","type":"image\/png"}],"twitter_card":"summary_large_image","schema":{"@context":"https:\/\/schema.org","@graph":[{"@type":"WebPage","@id":"https:\/\/vinsestela.com\/producto\/anhel-demporda-negre\/","url":"https:\/\/vinsestela.com\/producto\/anhel-demporda-negre\/","name":"Anhel d'Empord\u00e0 Negre - Vins Estela","isPartOf":{"@id":"https:\/\/vinsestela.com\/#website"},"primaryImageOfPage":{"@id":"https:\/\/vinsestela.com\/producto\/anhel-demporda-negre\/#primaryimage"},"image":{"@id":"https:\/\/vinsestela.com\/producto\/anhel-demporda-negre\/#primaryimage"},"thumbnailUrl":"https:\/\/vinsestela.com\/wp-content\/uploads\/2023\/05\/AnheldEmpordaNegre-02-1.png","datePublished":"2023-05-07T11:31:52+00:00","dateModified":"2023-05-07T14:01:39+00:00","breadcrumb":{"@id":"https:\/\/vinsestela.com\/producto\/anhel-demporda-negre\/#breadcrumb"},"inLanguage":"es","potentialAction":[{"@type":"ReadAction","target":["https:\/\/vinsestela.com\/producto\/anhel-demporda-negre\/"]}]},{"@type":"ImageObject","inLanguage":"es","@id":"https:\/\/vinsestela.com\/producto\/anhel-demporda-negre\/#primaryimage","url":"https:\/\/vinsestela.com\/wp-content\/uploads\/2023\/05\/AnheldEmpordaNegre-02-1.png","contentUrl":"https:\/\/vinsestela.com\/wp-content\/uploads\/2023\/05\/AnheldEmpordaNegre-02-1.png","width":2501,"height":2500},{"@type":"BreadcrumbList","@id":"https:\/\/vinsestela.com\/producto\/anhel-demporda-negre\/#breadcrumb","itemListElement":[{"@type":"ListItem","position":1,"name":"Inici","item":"https:\/\/vinsestela.com\/es\/"},{"@type":"ListItem","position":2,"name":"Productos","item":"https:\/\/vinsestela.com\/es\/productos\/"},{"@type":"ListItem","position":3,"name":"Anhel d&#8217;Empord\u00e0 Negre"}]},{"@type":"WebSite","@id":"https:\/\/vinsestela.com\/#website","url":"https:\/\/vinsestela.com\/","name":"Vins Estela","description":"Vins Estela, el teu distribuidor de confian\u00e7a","publisher":{"@id":"https:\/\/vinsestela.com\/#organization"},"potentialAction":[{"@type":"SearchAction","target":{"@type":"EntryPoint","urlTemplate":"https:\/\/vinsestela.com\/?s={search_term_string}"},"query-input":{"@type":"PropertyValueSpecification","valueRequired":true,"valueName":"search_term_string"}}],"inLanguage":"es"},{"@type":"Organization","@id":"https:\/\/vinsestela.com\/#organization","name":"Vins Estela","url":"https:\/\/vinsestela.com\/","logo":{"@type":"ImageObject","inLanguage":"es","@id":"https:\/\/vinsestela.com\/#\/schema\/logo\/image\/","url":"https:\/\/vinsestela.com\/wp-content\/uploads\/2023\/03\/cropped-LOGO_VINS_ESTELA-01.png","contentUrl":"https:\/\/vinsestela.com\/wp-content\/uploads\/2023\/03\/cropped-LOGO_VINS_ESTELA-01.png","width":485,"height":630,"caption":"Vins Estela"},"image":{"@id":"https:\/\/vinsestela.com\/#\/schema\/logo\/image\/"}}]}},"_links":{"self":[{"href":"https:\/\/vinsestela.com\/es\/wp-json\/wp\/v2\/product\/21180","targetHints":{"allow":["GET"]}}],"collection":[{"href":"https:\/\/vinsestela.com\/es\/wp-json\/wp\/v2\/product"}],"about":[{"href":"https:\/\/vinsestela.com\/es\/wp-json\/wp\/v2\/types\/product"}],"wp:featuredmedia":[{"embeddable":true,"href":"https:\/\/vinsestela.com\/es\/wp-json\/wp\/v2\/media\/21210"}],"wp:attachment":[{"href":"https:\/\/vinsestela.com\/es\/wp-json\/wp\/v2\/media?parent=21180"}],"wp:term":[{"taxonomy":"product_brand","embeddable":true,"href":"https:\/\/vinsestela.com\/es\/wp-json\/wp\/v2\/product_brand?post=21180"},{"taxonomy":"product_cat","embeddable":true,"href":"https:\/\/vinsestela.com\/es\/wp-json\/wp\/v2\/product_cat?post=21180"},{"taxonomy":"product_tag","embeddable":true,"href":"https:\/\/vinsestela.com\/es\/wp-json\/wp\/v2\/product_tag?post=21180"}],"curies":[{"name":"wp","href":"https:\/\/api.w.org\/{rel}","templated":true}]}}