{"id":21198,"date":"2023-05-07T13:31:53","date_gmt":"2023-05-07T11:31:53","guid":{"rendered":"http:\/\/vinsestela.com\/?post_type=product&#038;p=21198"},"modified":"2023-07-06T17:20:28","modified_gmt":"2023-07-06T15:20:28","slug":"10-000-hores-xarel%c2%b7lo","status":"publish","type":"product","link":"https:\/\/vinsestela.com\/es\/producto\/10-000-hores-xarel%c2%b7lo\/","title":{"rendered":"10.000 Hores Xarel\u00b7lo"},"content":{"rendered":"<p>Visualmente presenta un aspecto limpio y brillante, con un color amarillo p\u00e1lido y con reflejos verdosos. En la nariz es sutil, elegante, y muy franco, con aromas de fruta blanca como pera, melocot\u00f3n, manzana. Tambi\u00e9n nos salen aromas de fruta acompa\u00f1adas de un toque vegetal, que nos recuerda la variedad\u00a0Xarel\u00b7lo. En la boca presenta un paso amable, precedido de una entrada fresca y limpia. Es expresivo, sedoso, untuoso y fresco, recordando las notas de fruta encontradas en la nariz. Se trata d\u00b4un vino con un buen equilibrio entre l\u00b4alcohol\u00a0il\u00b4acidez, con un final de boca t\u00edpico del\u00a0xarel\u00b7lo.<\/p>\n","protected":false},"excerpt":{"rendered":"<p>Si buscas comprar vino blanco ecol\u00f3gico, 10.000 Horas\u00a0Xarel\u00b7lo\u00a0es muy buena opci\u00f3n puesto que\u00a0marida\u00a0muy bien con primeros platos frescos como podr\u00edan ser ensaladas y platos de pasta, aunque tambi\u00e9n es ideal para acompa\u00f1ar cualquier plato de pez y marisco.<\/p>\n","protected":false},"featured_media":21245,"template":"","meta":[],"product_brand":[],"product_cat":[1335],"product_tag":[],"class_list":{"0":"post-21198","1":"product","2":"type-product","3":"status-publish","4":"has-post-thumbnail","6":"product_cat-vino-blanco","8":"first","9":"instock","10":"shipping-taxable","11":"purchasable","12":"product-type-simple"},"yoast_head":"<!-- This site is optimized with the Yoast SEO plugin v27.4 - https:\/\/yoast.com\/product\/yoast-seo-wordpress\/ -->\n<title>Comprar Vino Blanco Ecol\u00f3gico 10.000 Hores Xarel\u00b7lo - Vins Estela -<\/title>\n<meta name=\"description\" content=\"Vino Blanco - Si quieres comprar un buen vino blanco y ecol\u00f3gico, no dudes en comprar 10.000 Hores Xarel\u00b7lo Ecol\u00f3gico\" \/>\n<meta name=\"robots\" content=\"index, follow, max-snippet:-1, max-image-preview:large, max-video-preview:-1\" \/>\n<link rel=\"canonical\" href=\"https:\/\/vinsestela.com\/producto\/10-000-hores-xarello\/\" \/>\n<meta property=\"og:locale\" content=\"es_ES\" \/>\n<meta property=\"og:type\" content=\"article\" \/>\n<meta property=\"og:title\" content=\"Comprar Vino Blanco Ecol\u00f3gico 10.000 Hores Xarel\u00b7lo - Vins Estela -\" \/>\n<meta property=\"og:description\" content=\"Vino Blanco - Si quieres comprar un buen vino blanco y ecol\u00f3gico, no dudes en comprar 10.000 Hores Xarel\u00b7lo Ecol\u00f3gico\" \/>\n<meta property=\"og:url\" content=\"https:\/\/vinsestela.com\/producto\/10-000-hores-xarello\/\" \/>\n<meta property=\"og:site_name\" content=\"Vins Estela\" \/>\n<meta property=\"article:modified_time\" content=\"2023-07-06T15:20:28+00:00\" \/>\n<meta property=\"og:image\" content=\"https:\/\/vinsestela.com\/wp-content\/uploads\/2023\/05\/2202001.jpg\" \/>\n\t<meta property=\"og:image:width\" content=\"600\" \/>\n\t<meta property=\"og:image:height\" content=\"600\" \/>\n\t<meta property=\"og:image:type\" content=\"image\/jpeg\" \/>\n<meta name=\"twitter:card\" content=\"summary_large_image\" \/>\n<meta name=\"twitter:label1\" content=\"Tiempo de lectura\" \/>\n\t<meta name=\"twitter:data1\" content=\"1 minuto\" \/>\n<script type=\"application\/ld+json\" class=\"yoast-schema-graph\">{\"@context\":\"https:\\\/\\\/schema.org\",\"@graph\":[{\"@type\":\"WebPage\",\"@id\":\"https:\\\/\\\/vinsestela.com\\\/producto\\\/10-000-hores-xarello\\\/\",\"url\":\"https:\\\/\\\/vinsestela.com\\\/producto\\\/10-000-hores-xarello\\\/\",\"name\":\"Comprar Vino Blanco Ecol\u00f3gico 10.000 Hores Xarel\u00b7lo - Vins Estela -\",\"isPartOf\":{\"@id\":\"https:\\\/\\\/vinsestela.com\\\/#website\"},\"primaryImageOfPage\":{\"@id\":\"https:\\\/\\\/vinsestela.com\\\/producto\\\/10-000-hores-xarello\\\/#primaryimage\"},\"image\":{\"@id\":\"https:\\\/\\\/vinsestela.com\\\/producto\\\/10-000-hores-xarello\\\/#primaryimage\"},\"thumbnailUrl\":\"https:\\\/\\\/vinsestela.com\\\/wp-content\\\/uploads\\\/2023\\\/05\\\/2202001.jpg\",\"datePublished\":\"2023-05-07T11:31:53+00:00\",\"dateModified\":\"2023-07-06T15:20:28+00:00\",\"description\":\"Vino Blanco - Si quieres comprar un buen vino blanco y ecol\u00f3gico, no dudes en comprar 10.000 Hores Xarel\u00b7lo Ecol\u00f3gico\",\"breadcrumb\":{\"@id\":\"https:\\\/\\\/vinsestela.com\\\/producto\\\/10-000-hores-xarello\\\/#breadcrumb\"},\"inLanguage\":\"es\",\"potentialAction\":[{\"@type\":\"ReadAction\",\"target\":[\"https:\\\/\\\/vinsestela.com\\\/producto\\\/10-000-hores-xarello\\\/\"]}]},{\"@type\":\"ImageObject\",\"inLanguage\":\"es\",\"@id\":\"https:\\\/\\\/vinsestela.com\\\/producto\\\/10-000-hores-xarello\\\/#primaryimage\",\"url\":\"https:\\\/\\\/vinsestela.com\\\/wp-content\\\/uploads\\\/2023\\\/05\\\/2202001.jpg\",\"contentUrl\":\"https:\\\/\\\/vinsestela.com\\\/wp-content\\\/uploads\\\/2023\\\/05\\\/2202001.jpg\",\"width\":600,\"height\":600},{\"@type\":\"BreadcrumbList\",\"@id\":\"https:\\\/\\\/vinsestela.com\\\/producto\\\/10-000-hores-xarello\\\/#breadcrumb\",\"itemListElement\":[{\"@type\":\"ListItem\",\"position\":1,\"name\":\"Inici\",\"item\":\"https:\\\/\\\/vinsestela.com\\\/es\\\/\"},{\"@type\":\"ListItem\",\"position\":2,\"name\":\"Productos\",\"item\":\"https:\\\/\\\/vinsestela.com\\\/es\\\/productos\\\/\"},{\"@type\":\"ListItem\",\"position\":3,\"name\":\"10.000 Hores Xarel\u00b7lo\"}]},{\"@type\":\"WebSite\",\"@id\":\"https:\\\/\\\/vinsestela.com\\\/#website\",\"url\":\"https:\\\/\\\/vinsestela.com\\\/\",\"name\":\"Vins Estela\",\"description\":\"Vins Estela, el teu distribuidor de confian\u00e7a\",\"publisher\":{\"@id\":\"https:\\\/\\\/vinsestela.com\\\/#organization\"},\"potentialAction\":[{\"@type\":\"SearchAction\",\"target\":{\"@type\":\"EntryPoint\",\"urlTemplate\":\"https:\\\/\\\/vinsestela.com\\\/?s={search_term_string}\"},\"query-input\":{\"@type\":\"PropertyValueSpecification\",\"valueRequired\":true,\"valueName\":\"search_term_string\"}}],\"inLanguage\":\"es\"},{\"@type\":\"Organization\",\"@id\":\"https:\\\/\\\/vinsestela.com\\\/#organization\",\"name\":\"Vins Estela\",\"url\":\"https:\\\/\\\/vinsestela.com\\\/\",\"logo\":{\"@type\":\"ImageObject\",\"inLanguage\":\"es\",\"@id\":\"https:\\\/\\\/vinsestela.com\\\/#\\\/schema\\\/logo\\\/image\\\/\",\"url\":\"https:\\\/\\\/vinsestela.com\\\/wp-content\\\/uploads\\\/2023\\\/03\\\/cropped-LOGO_VINS_ESTELA-01.png\",\"contentUrl\":\"https:\\\/\\\/vinsestela.com\\\/wp-content\\\/uploads\\\/2023\\\/03\\\/cropped-LOGO_VINS_ESTELA-01.png\",\"width\":485,\"height\":630,\"caption\":\"Vins Estela\"},\"image\":{\"@id\":\"https:\\\/\\\/vinsestela.com\\\/#\\\/schema\\\/logo\\\/image\\\/\"}}]}<\/script>\n<!-- \/ Yoast SEO plugin. -->","yoast_head_json":{"title":"Comprar Vino Blanco Ecol\u00f3gico 10.000 Hores Xarel\u00b7lo - Vins Estela -","description":"Vino Blanco - Si quieres comprar un buen vino blanco y ecol\u00f3gico, no dudes en comprar 10.000 Hores Xarel\u00b7lo Ecol\u00f3gico","robots":{"index":"index","follow":"follow","max-snippet":"max-snippet:-1","max-image-preview":"max-image-preview:large","max-video-preview":"max-video-preview:-1"},"canonical":"https:\/\/vinsestela.com\/producto\/10-000-hores-xarello\/","og_locale":"es_ES","og_type":"article","og_title":"Comprar Vino Blanco Ecol\u00f3gico 10.000 Hores Xarel\u00b7lo - Vins Estela -","og_description":"Vino Blanco - Si quieres comprar un buen vino blanco y ecol\u00f3gico, no dudes en comprar 10.000 Hores Xarel\u00b7lo Ecol\u00f3gico","og_url":"https:\/\/vinsestela.com\/producto\/10-000-hores-xarello\/","og_site_name":"Vins Estela","article_modified_time":"2023-07-06T15:20:28+00:00","og_image":[{"width":600,"height":600,"url":"https:\/\/vinsestela.com\/wp-content\/uploads\/2023\/05\/2202001.jpg","type":"image\/jpeg"}],"twitter_card":"summary_large_image","twitter_misc":{"Tiempo de lectura":"1 minuto"},"schema":{"@context":"https:\/\/schema.org","@graph":[{"@type":"WebPage","@id":"https:\/\/vinsestela.com\/producto\/10-000-hores-xarello\/","url":"https:\/\/vinsestela.com\/producto\/10-000-hores-xarello\/","name":"Comprar Vino Blanco Ecol\u00f3gico 10.000 Hores Xarel\u00b7lo - Vins Estela -","isPartOf":{"@id":"https:\/\/vinsestela.com\/#website"},"primaryImageOfPage":{"@id":"https:\/\/vinsestela.com\/producto\/10-000-hores-xarello\/#primaryimage"},"image":{"@id":"https:\/\/vinsestela.com\/producto\/10-000-hores-xarello\/#primaryimage"},"thumbnailUrl":"https:\/\/vinsestela.com\/wp-content\/uploads\/2023\/05\/2202001.jpg","datePublished":"2023-05-07T11:31:53+00:00","dateModified":"2023-07-06T15:20:28+00:00","description":"Vino Blanco - Si quieres comprar un buen vino blanco y ecol\u00f3gico, no dudes en comprar 10.000 Hores Xarel\u00b7lo Ecol\u00f3gico","breadcrumb":{"@id":"https:\/\/vinsestela.com\/producto\/10-000-hores-xarello\/#breadcrumb"},"inLanguage":"es","potentialAction":[{"@type":"ReadAction","target":["https:\/\/vinsestela.com\/producto\/10-000-hores-xarello\/"]}]},{"@type":"ImageObject","inLanguage":"es","@id":"https:\/\/vinsestela.com\/producto\/10-000-hores-xarello\/#primaryimage","url":"https:\/\/vinsestela.com\/wp-content\/uploads\/2023\/05\/2202001.jpg","contentUrl":"https:\/\/vinsestela.com\/wp-content\/uploads\/2023\/05\/2202001.jpg","width":600,"height":600},{"@type":"BreadcrumbList","@id":"https:\/\/vinsestela.com\/producto\/10-000-hores-xarello\/#breadcrumb","itemListElement":[{"@type":"ListItem","position":1,"name":"Inici","item":"https:\/\/vinsestela.com\/es\/"},{"@type":"ListItem","position":2,"name":"Productos","item":"https:\/\/vinsestela.com\/es\/productos\/"},{"@type":"ListItem","position":3,"name":"10.000 Hores Xarel\u00b7lo"}]},{"@type":"WebSite","@id":"https:\/\/vinsestela.com\/#website","url":"https:\/\/vinsestela.com\/","name":"Vins Estela","description":"Vins Estela, el teu distribuidor de confian\u00e7a","publisher":{"@id":"https:\/\/vinsestela.com\/#organization"},"potentialAction":[{"@type":"SearchAction","target":{"@type":"EntryPoint","urlTemplate":"https:\/\/vinsestela.com\/?s={search_term_string}"},"query-input":{"@type":"PropertyValueSpecification","valueRequired":true,"valueName":"search_term_string"}}],"inLanguage":"es"},{"@type":"Organization","@id":"https:\/\/vinsestela.com\/#organization","name":"Vins Estela","url":"https:\/\/vinsestela.com\/","logo":{"@type":"ImageObject","inLanguage":"es","@id":"https:\/\/vinsestela.com\/#\/schema\/logo\/image\/","url":"https:\/\/vinsestela.com\/wp-content\/uploads\/2023\/03\/cropped-LOGO_VINS_ESTELA-01.png","contentUrl":"https:\/\/vinsestela.com\/wp-content\/uploads\/2023\/03\/cropped-LOGO_VINS_ESTELA-01.png","width":485,"height":630,"caption":"Vins Estela"},"image":{"@id":"https:\/\/vinsestela.com\/#\/schema\/logo\/image\/"}}]}},"_links":{"self":[{"href":"https:\/\/vinsestela.com\/es\/wp-json\/wp\/v2\/product\/21198","targetHints":{"allow":["GET"]}}],"collection":[{"href":"https:\/\/vinsestela.com\/es\/wp-json\/wp\/v2\/product"}],"about":[{"href":"https:\/\/vinsestela.com\/es\/wp-json\/wp\/v2\/types\/product"}],"wp:featuredmedia":[{"embeddable":true,"href":"https:\/\/vinsestela.com\/es\/wp-json\/wp\/v2\/media\/21245"}],"wp:attachment":[{"href":"https:\/\/vinsestela.com\/es\/wp-json\/wp\/v2\/media?parent=21198"}],"wp:term":[{"taxonomy":"product_brand","embeddable":true,"href":"https:\/\/vinsestela.com\/es\/wp-json\/wp\/v2\/product_brand?post=21198"},{"taxonomy":"product_cat","embeddable":true,"href":"https:\/\/vinsestela.com\/es\/wp-json\/wp\/v2\/product_cat?post=21198"},{"taxonomy":"product_tag","embeddable":true,"href":"https:\/\/vinsestela.com\/es\/wp-json\/wp\/v2\/product_tag?post=21198"}],"curies":[{"name":"wp","href":"https:\/\/api.w.org\/{rel}","templated":true}]}}