{"id":21497,"date":"2023-05-07T13:34:43","date_gmt":"2023-05-07T11:34:43","guid":{"rendered":"http:\/\/vinsestela.com\/?post_type=product&#038;p=21497"},"modified":"2023-07-06T16:26:50","modified_gmt":"2023-07-06T14:26:50","slug":"el-grifo-moscatel-de-ana","status":"publish","type":"product","link":"https:\/\/vinsestela.com\/es\/producto\/el-grifo-moscatel-de-ana\/","title":{"rendered":"El grifo moscatel de Ana"},"content":{"rendered":"","protected":false},"excerpt":{"rendered":"<p>Moscatel de Ana es un homenaje a Ana\u00a0Brito, que naci\u00f3 en El Grifo en 1880, el mismo a\u00f1o de la solera m\u00e1s antigua de la bodega. Este dulce antiguo se elabora con Moscatel de Alejandr\u00eda de las cepas m\u00e1s antiguas, algunas de ellas anteriores a 1950 y otras del siglo XIX. Cultivadas en pie franco en \u00abchabocos\u00bb\u00a0o agujeros en la lava volc\u00e1nica, pasan una crianza de unos 30 a\u00f1os y en el momento del embotellado se a\u00f1ade un 10% de Moscatel joven. Un vino de postre y de sobremesa, al cual le ir\u00e1n de maravilla quesos curados y chocolate.<\/p>\n","protected":false},"featured_media":0,"template":"","meta":[],"product_brand":[],"product_cat":[1336],"product_tag":[],"class_list":{"0":"post-21497","1":"product","2":"type-product","3":"status-publish","5":"product_cat-vino-rosado","7":"first","8":"instock","9":"featured","10":"shipping-taxable","11":"purchasable","12":"product-type-simple"},"yoast_head":"<!-- This site is optimized with the Yoast SEO plugin v27.4 - https:\/\/yoast.com\/product\/yoast-seo-wordpress\/ -->\n<title>El grifo moscatel de Ana - Vins Estela<\/title>\n<meta name=\"robots\" content=\"index, follow, max-snippet:-1, max-image-preview:large, max-video-preview:-1\" \/>\n<link rel=\"canonical\" href=\"https:\/\/vinsestela.com\/es\/producto\/el-grifo-moscatel-de-ana\/\" \/>\n<meta property=\"og:locale\" content=\"es_ES\" \/>\n<meta property=\"og:type\" content=\"article\" \/>\n<meta property=\"og:title\" content=\"El grifo moscatel de Ana - Vins Estela\" \/>\n<meta property=\"og:description\" content=\"Moscatel de Ana es un homenaje a Ana\u00a0Brito, que naci\u00f3 en El Grifo en 1880, el mismo a\u00f1o de la solera m\u00e1s antigua de la bodega. Este dulce antiguo se elabora con Moscatel de Alejandr\u00eda de las cepas m\u00e1s antiguas, algunas de ellas anteriores a 1950 y otras del siglo XIX. Cultivadas en pie franco en &quot;chabocos&quot;\u00a0o agujeros en la lava volc\u00e1nica, pasan una crianza de unos 30 a\u00f1os y en el momento del embotellado se a\u00f1ade un 10% de Moscatel joven. Un vino de postre y de sobremesa, al cual le ir\u00e1n de maravilla quesos curados y chocolate.\" \/>\n<meta property=\"og:url\" content=\"https:\/\/vinsestela.com\/es\/producto\/el-grifo-moscatel-de-ana\/\" \/>\n<meta property=\"og:site_name\" content=\"Vins Estela\" \/>\n<meta property=\"article:modified_time\" content=\"2023-07-06T14:26:50+00:00\" \/>\n<meta name=\"twitter:card\" content=\"summary_large_image\" \/>\n<script type=\"application\/ld+json\" class=\"yoast-schema-graph\">{\"@context\":\"https:\\\/\\\/schema.org\",\"@graph\":[{\"@type\":\"WebPage\",\"@id\":\"https:\\\/\\\/vinsestela.com\\\/es\\\/producto\\\/el-grifo-moscatel-de-ana\\\/\",\"url\":\"https:\\\/\\\/vinsestela.com\\\/es\\\/producto\\\/el-grifo-moscatel-de-ana\\\/\",\"name\":\"El grifo moscatel de Ana - Vins Estela\",\"isPartOf\":{\"@id\":\"https:\\\/\\\/vinsestela.com\\\/#website\"},\"datePublished\":\"2023-05-07T11:34:43+00:00\",\"dateModified\":\"2023-07-06T14:26:50+00:00\",\"breadcrumb\":{\"@id\":\"https:\\\/\\\/vinsestela.com\\\/es\\\/producto\\\/el-grifo-moscatel-de-ana\\\/#breadcrumb\"},\"inLanguage\":\"es\",\"potentialAction\":[{\"@type\":\"ReadAction\",\"target\":[\"https:\\\/\\\/vinsestela.com\\\/es\\\/producto\\\/el-grifo-moscatel-de-ana\\\/\"]}]},{\"@type\":\"BreadcrumbList\",\"@id\":\"https:\\\/\\\/vinsestela.com\\\/es\\\/producto\\\/el-grifo-moscatel-de-ana\\\/#breadcrumb\",\"itemListElement\":[{\"@type\":\"ListItem\",\"position\":1,\"name\":\"Inici\",\"item\":\"https:\\\/\\\/vinsestela.com\\\/es\\\/\"},{\"@type\":\"ListItem\",\"position\":2,\"name\":\"Productos\",\"item\":\"https:\\\/\\\/vinsestela.com\\\/es\\\/productos\\\/\"},{\"@type\":\"ListItem\",\"position\":3,\"name\":\"El grifo moscatel de Ana\"}]},{\"@type\":\"WebSite\",\"@id\":\"https:\\\/\\\/vinsestela.com\\\/#website\",\"url\":\"https:\\\/\\\/vinsestela.com\\\/\",\"name\":\"Vins Estela\",\"description\":\"Vins Estela, el teu distribuidor de confian\u00e7a\",\"publisher\":{\"@id\":\"https:\\\/\\\/vinsestela.com\\\/#organization\"},\"potentialAction\":[{\"@type\":\"SearchAction\",\"target\":{\"@type\":\"EntryPoint\",\"urlTemplate\":\"https:\\\/\\\/vinsestela.com\\\/?s={search_term_string}\"},\"query-input\":{\"@type\":\"PropertyValueSpecification\",\"valueRequired\":true,\"valueName\":\"search_term_string\"}}],\"inLanguage\":\"es\"},{\"@type\":\"Organization\",\"@id\":\"https:\\\/\\\/vinsestela.com\\\/#organization\",\"name\":\"Vins Estela\",\"url\":\"https:\\\/\\\/vinsestela.com\\\/\",\"logo\":{\"@type\":\"ImageObject\",\"inLanguage\":\"es\",\"@id\":\"https:\\\/\\\/vinsestela.com\\\/#\\\/schema\\\/logo\\\/image\\\/\",\"url\":\"https:\\\/\\\/vinsestela.com\\\/wp-content\\\/uploads\\\/2023\\\/03\\\/cropped-LOGO_VINS_ESTELA-01.png\",\"contentUrl\":\"https:\\\/\\\/vinsestela.com\\\/wp-content\\\/uploads\\\/2023\\\/03\\\/cropped-LOGO_VINS_ESTELA-01.png\",\"width\":485,\"height\":630,\"caption\":\"Vins Estela\"},\"image\":{\"@id\":\"https:\\\/\\\/vinsestela.com\\\/#\\\/schema\\\/logo\\\/image\\\/\"}}]}<\/script>\n<!-- \/ Yoast SEO plugin. -->","yoast_head_json":{"title":"El grifo moscatel de Ana - Vins Estela","robots":{"index":"index","follow":"follow","max-snippet":"max-snippet:-1","max-image-preview":"max-image-preview:large","max-video-preview":"max-video-preview:-1"},"canonical":"https:\/\/vinsestela.com\/es\/producto\/el-grifo-moscatel-de-ana\/","og_locale":"es_ES","og_type":"article","og_title":"El grifo moscatel de Ana - Vins Estela","og_description":"Moscatel de Ana es un homenaje a Ana\u00a0Brito, que naci\u00f3 en El Grifo en 1880, el mismo a\u00f1o de la solera m\u00e1s antigua de la bodega. Este dulce antiguo se elabora con Moscatel de Alejandr\u00eda de las cepas m\u00e1s antiguas, algunas de ellas anteriores a 1950 y otras del siglo XIX. Cultivadas en pie franco en \"chabocos\"\u00a0o agujeros en la lava volc\u00e1nica, pasan una crianza de unos 30 a\u00f1os y en el momento del embotellado se a\u00f1ade un 10% de Moscatel joven. Un vino de postre y de sobremesa, al cual le ir\u00e1n de maravilla quesos curados y chocolate.","og_url":"https:\/\/vinsestela.com\/es\/producto\/el-grifo-moscatel-de-ana\/","og_site_name":"Vins Estela","article_modified_time":"2023-07-06T14:26:50+00:00","twitter_card":"summary_large_image","schema":{"@context":"https:\/\/schema.org","@graph":[{"@type":"WebPage","@id":"https:\/\/vinsestela.com\/es\/producto\/el-grifo-moscatel-de-ana\/","url":"https:\/\/vinsestela.com\/es\/producto\/el-grifo-moscatel-de-ana\/","name":"El grifo moscatel de Ana - Vins Estela","isPartOf":{"@id":"https:\/\/vinsestela.com\/#website"},"datePublished":"2023-05-07T11:34:43+00:00","dateModified":"2023-07-06T14:26:50+00:00","breadcrumb":{"@id":"https:\/\/vinsestela.com\/es\/producto\/el-grifo-moscatel-de-ana\/#breadcrumb"},"inLanguage":"es","potentialAction":[{"@type":"ReadAction","target":["https:\/\/vinsestela.com\/es\/producto\/el-grifo-moscatel-de-ana\/"]}]},{"@type":"BreadcrumbList","@id":"https:\/\/vinsestela.com\/es\/producto\/el-grifo-moscatel-de-ana\/#breadcrumb","itemListElement":[{"@type":"ListItem","position":1,"name":"Inici","item":"https:\/\/vinsestela.com\/es\/"},{"@type":"ListItem","position":2,"name":"Productos","item":"https:\/\/vinsestela.com\/es\/productos\/"},{"@type":"ListItem","position":3,"name":"El grifo moscatel de Ana"}]},{"@type":"WebSite","@id":"https:\/\/vinsestela.com\/#website","url":"https:\/\/vinsestela.com\/","name":"Vins Estela","description":"Vins Estela, el teu distribuidor de confian\u00e7a","publisher":{"@id":"https:\/\/vinsestela.com\/#organization"},"potentialAction":[{"@type":"SearchAction","target":{"@type":"EntryPoint","urlTemplate":"https:\/\/vinsestela.com\/?s={search_term_string}"},"query-input":{"@type":"PropertyValueSpecification","valueRequired":true,"valueName":"search_term_string"}}],"inLanguage":"es"},{"@type":"Organization","@id":"https:\/\/vinsestela.com\/#organization","name":"Vins Estela","url":"https:\/\/vinsestela.com\/","logo":{"@type":"ImageObject","inLanguage":"es","@id":"https:\/\/vinsestela.com\/#\/schema\/logo\/image\/","url":"https:\/\/vinsestela.com\/wp-content\/uploads\/2023\/03\/cropped-LOGO_VINS_ESTELA-01.png","contentUrl":"https:\/\/vinsestela.com\/wp-content\/uploads\/2023\/03\/cropped-LOGO_VINS_ESTELA-01.png","width":485,"height":630,"caption":"Vins Estela"},"image":{"@id":"https:\/\/vinsestela.com\/#\/schema\/logo\/image\/"}}]}},"_links":{"self":[{"href":"https:\/\/vinsestela.com\/es\/wp-json\/wp\/v2\/product\/21497","targetHints":{"allow":["GET"]}}],"collection":[{"href":"https:\/\/vinsestela.com\/es\/wp-json\/wp\/v2\/product"}],"about":[{"href":"https:\/\/vinsestela.com\/es\/wp-json\/wp\/v2\/types\/product"}],"wp:attachment":[{"href":"https:\/\/vinsestela.com\/es\/wp-json\/wp\/v2\/media?parent=21497"}],"wp:term":[{"taxonomy":"product_brand","embeddable":true,"href":"https:\/\/vinsestela.com\/es\/wp-json\/wp\/v2\/product_brand?post=21497"},{"taxonomy":"product_cat","embeddable":true,"href":"https:\/\/vinsestela.com\/es\/wp-json\/wp\/v2\/product_cat?post=21497"},{"taxonomy":"product_tag","embeddable":true,"href":"https:\/\/vinsestela.com\/es\/wp-json\/wp\/v2\/product_tag?post=21497"}],"curies":[{"name":"wp","href":"https:\/\/api.w.org\/{rel}","templated":true}]}}