{"id":21529,"date":"2023-05-07T13:35:04","date_gmt":"2023-05-07T11:35:04","guid":{"rendered":"http:\/\/vinsestela.com\/?post_type=product&#038;p=21529"},"modified":"2023-07-06T16:12:47","modified_gmt":"2023-07-06T14:12:47","slug":"montrose-rose","status":"publish","type":"product","link":"https:\/\/vinsestela.com\/es\/producto\/montrose-rose\/","title":{"rendered":"Montrose Ros\u00e9"},"content":{"rendered":"","protected":false},"excerpt":{"rendered":"<p>Domaine\u00a0Montrose\u00a0y sus alrededores han sido habitados durante milenios.<br \/>\nDurante la Antig\u00fcedad, probablemente fue una villa romana. \u201cLa Torre\u00a0Valros\u201d\u00a0junto a nuestra vi\u00f1a fue una necr\u00f3polis carolingia y despu\u00e9s un reducto en la Edad mediana.<\/p>\n<p>Desde el siglo XVI, hemos elaborado vino en\u00a0Montrose, como lo demuestran los tanques subterr\u00e1neos bajo la bodega.<\/p>\n<p>En 1701 nuestro antepasado Joseph\u00a0Alazard\u00a0recibi\u00f3 el escudo de armas de los Tres Lagartos. En homenaje a \u00e9l, adorna hoy todas nuestras botellas.<\/p>\n","protected":false},"featured_media":21571,"template":"","meta":[],"product_brand":[],"product_cat":[1336],"product_tag":[],"class_list":{"0":"post-21529","1":"product","2":"type-product","3":"status-publish","4":"has-post-thumbnail","6":"product_cat-vino-rosado","8":"first","9":"instock","10":"featured","11":"shipping-taxable","12":"purchasable","13":"product-type-simple"},"yoast_head":"<!-- This site is optimized with the Yoast SEO plugin v27.4 - https:\/\/yoast.com\/product\/yoast-seo-wordpress\/ -->\n<title>Montrose Ros\u00e9 - Vins Estela<\/title>\n<meta name=\"robots\" content=\"index, follow, max-snippet:-1, max-image-preview:large, max-video-preview:-1\" \/>\n<link rel=\"canonical\" href=\"https:\/\/vinsestela.com\/es\/producto\/montrose-rose\/\" \/>\n<meta property=\"og:locale\" content=\"es_ES\" \/>\n<meta property=\"og:type\" content=\"article\" \/>\n<meta property=\"og:title\" content=\"Montrose Ros\u00e9 - Vins Estela\" \/>\n<meta property=\"og:description\" content=\"Domaine\u00a0Montrose\u00a0y sus alrededores han sido habitados durante milenios. Durante la Antig\u00fcedad, probablemente fue una villa romana. \u201cLa Torre\u00a0Valros\u201d\u00a0junto a nuestra vi\u00f1a fue una necr\u00f3polis carolingia y despu\u00e9s un reducto en la Edad mediana.  Desde el siglo XVI, hemos elaborado vino en\u00a0Montrose, como lo demuestran los tanques subterr\u00e1neos bajo la bodega.  En 1701 nuestro antepasado Joseph\u00a0Alazard\u00a0recibi\u00f3 el escudo de armas de los Tres Lagartos. En homenaje a \u00e9l, adorna hoy todas nuestras botellas.\" \/>\n<meta property=\"og:url\" content=\"https:\/\/vinsestela.com\/es\/producto\/montrose-rose\/\" \/>\n<meta property=\"og:site_name\" content=\"Vins Estela\" \/>\n<meta property=\"article:modified_time\" content=\"2023-07-06T14:12:47+00:00\" \/>\n<meta property=\"og:image\" content=\"https:\/\/vinsestela.com\/wp-content\/uploads\/2023\/05\/4553001.jpg\" \/>\n\t<meta property=\"og:image:width\" content=\"600\" \/>\n\t<meta property=\"og:image:height\" content=\"600\" \/>\n\t<meta property=\"og:image:type\" content=\"image\/jpeg\" \/>\n<meta name=\"twitter:card\" content=\"summary_large_image\" \/>\n<script type=\"application\/ld+json\" class=\"yoast-schema-graph\">{\"@context\":\"https:\\\/\\\/schema.org\",\"@graph\":[{\"@type\":\"WebPage\",\"@id\":\"https:\\\/\\\/vinsestela.com\\\/es\\\/producto\\\/montrose-rose\\\/\",\"url\":\"https:\\\/\\\/vinsestela.com\\\/es\\\/producto\\\/montrose-rose\\\/\",\"name\":\"Montrose Ros\u00e9 - Vins Estela\",\"isPartOf\":{\"@id\":\"https:\\\/\\\/vinsestela.com\\\/#website\"},\"primaryImageOfPage\":{\"@id\":\"https:\\\/\\\/vinsestela.com\\\/es\\\/producto\\\/montrose-rose\\\/#primaryimage\"},\"image\":{\"@id\":\"https:\\\/\\\/vinsestela.com\\\/es\\\/producto\\\/montrose-rose\\\/#primaryimage\"},\"thumbnailUrl\":\"https:\\\/\\\/vinsestela.com\\\/wp-content\\\/uploads\\\/2023\\\/05\\\/4553001.jpg\",\"datePublished\":\"2023-05-07T11:35:04+00:00\",\"dateModified\":\"2023-07-06T14:12:47+00:00\",\"breadcrumb\":{\"@id\":\"https:\\\/\\\/vinsestela.com\\\/es\\\/producto\\\/montrose-rose\\\/#breadcrumb\"},\"inLanguage\":\"es\",\"potentialAction\":[{\"@type\":\"ReadAction\",\"target\":[\"https:\\\/\\\/vinsestela.com\\\/es\\\/producto\\\/montrose-rose\\\/\"]}]},{\"@type\":\"ImageObject\",\"inLanguage\":\"es\",\"@id\":\"https:\\\/\\\/vinsestela.com\\\/es\\\/producto\\\/montrose-rose\\\/#primaryimage\",\"url\":\"https:\\\/\\\/vinsestela.com\\\/wp-content\\\/uploads\\\/2023\\\/05\\\/4553001.jpg\",\"contentUrl\":\"https:\\\/\\\/vinsestela.com\\\/wp-content\\\/uploads\\\/2023\\\/05\\\/4553001.jpg\",\"width\":600,\"height\":600},{\"@type\":\"BreadcrumbList\",\"@id\":\"https:\\\/\\\/vinsestela.com\\\/es\\\/producto\\\/montrose-rose\\\/#breadcrumb\",\"itemListElement\":[{\"@type\":\"ListItem\",\"position\":1,\"name\":\"Inici\",\"item\":\"https:\\\/\\\/vinsestela.com\\\/es\\\/\"},{\"@type\":\"ListItem\",\"position\":2,\"name\":\"Productos\",\"item\":\"https:\\\/\\\/vinsestela.com\\\/es\\\/productos\\\/\"},{\"@type\":\"ListItem\",\"position\":3,\"name\":\"Montrose Ros\u00e9\"}]},{\"@type\":\"WebSite\",\"@id\":\"https:\\\/\\\/vinsestela.com\\\/#website\",\"url\":\"https:\\\/\\\/vinsestela.com\\\/\",\"name\":\"Vins Estela\",\"description\":\"Vins Estela, el teu distribuidor de confian\u00e7a\",\"publisher\":{\"@id\":\"https:\\\/\\\/vinsestela.com\\\/#organization\"},\"potentialAction\":[{\"@type\":\"SearchAction\",\"target\":{\"@type\":\"EntryPoint\",\"urlTemplate\":\"https:\\\/\\\/vinsestela.com\\\/?s={search_term_string}\"},\"query-input\":{\"@type\":\"PropertyValueSpecification\",\"valueRequired\":true,\"valueName\":\"search_term_string\"}}],\"inLanguage\":\"es\"},{\"@type\":\"Organization\",\"@id\":\"https:\\\/\\\/vinsestela.com\\\/#organization\",\"name\":\"Vins Estela\",\"url\":\"https:\\\/\\\/vinsestela.com\\\/\",\"logo\":{\"@type\":\"ImageObject\",\"inLanguage\":\"es\",\"@id\":\"https:\\\/\\\/vinsestela.com\\\/#\\\/schema\\\/logo\\\/image\\\/\",\"url\":\"https:\\\/\\\/vinsestela.com\\\/wp-content\\\/uploads\\\/2023\\\/03\\\/cropped-LOGO_VINS_ESTELA-01.png\",\"contentUrl\":\"https:\\\/\\\/vinsestela.com\\\/wp-content\\\/uploads\\\/2023\\\/03\\\/cropped-LOGO_VINS_ESTELA-01.png\",\"width\":485,\"height\":630,\"caption\":\"Vins Estela\"},\"image\":{\"@id\":\"https:\\\/\\\/vinsestela.com\\\/#\\\/schema\\\/logo\\\/image\\\/\"}}]}<\/script>\n<!-- \/ Yoast SEO plugin. -->","yoast_head_json":{"title":"Montrose Ros\u00e9 - Vins Estela","robots":{"index":"index","follow":"follow","max-snippet":"max-snippet:-1","max-image-preview":"max-image-preview:large","max-video-preview":"max-video-preview:-1"},"canonical":"https:\/\/vinsestela.com\/es\/producto\/montrose-rose\/","og_locale":"es_ES","og_type":"article","og_title":"Montrose Ros\u00e9 - Vins Estela","og_description":"Domaine\u00a0Montrose\u00a0y sus alrededores han sido habitados durante milenios. Durante la Antig\u00fcedad, probablemente fue una villa romana. \u201cLa Torre\u00a0Valros\u201d\u00a0junto a nuestra vi\u00f1a fue una necr\u00f3polis carolingia y despu\u00e9s un reducto en la Edad mediana.  Desde el siglo XVI, hemos elaborado vino en\u00a0Montrose, como lo demuestran los tanques subterr\u00e1neos bajo la bodega.  En 1701 nuestro antepasado Joseph\u00a0Alazard\u00a0recibi\u00f3 el escudo de armas de los Tres Lagartos. En homenaje a \u00e9l, adorna hoy todas nuestras botellas.","og_url":"https:\/\/vinsestela.com\/es\/producto\/montrose-rose\/","og_site_name":"Vins Estela","article_modified_time":"2023-07-06T14:12:47+00:00","og_image":[{"width":600,"height":600,"url":"https:\/\/vinsestela.com\/wp-content\/uploads\/2023\/05\/4553001.jpg","type":"image\/jpeg"}],"twitter_card":"summary_large_image","schema":{"@context":"https:\/\/schema.org","@graph":[{"@type":"WebPage","@id":"https:\/\/vinsestela.com\/es\/producto\/montrose-rose\/","url":"https:\/\/vinsestela.com\/es\/producto\/montrose-rose\/","name":"Montrose Ros\u00e9 - Vins Estela","isPartOf":{"@id":"https:\/\/vinsestela.com\/#website"},"primaryImageOfPage":{"@id":"https:\/\/vinsestela.com\/es\/producto\/montrose-rose\/#primaryimage"},"image":{"@id":"https:\/\/vinsestela.com\/es\/producto\/montrose-rose\/#primaryimage"},"thumbnailUrl":"https:\/\/vinsestela.com\/wp-content\/uploads\/2023\/05\/4553001.jpg","datePublished":"2023-05-07T11:35:04+00:00","dateModified":"2023-07-06T14:12:47+00:00","breadcrumb":{"@id":"https:\/\/vinsestela.com\/es\/producto\/montrose-rose\/#breadcrumb"},"inLanguage":"es","potentialAction":[{"@type":"ReadAction","target":["https:\/\/vinsestela.com\/es\/producto\/montrose-rose\/"]}]},{"@type":"ImageObject","inLanguage":"es","@id":"https:\/\/vinsestela.com\/es\/producto\/montrose-rose\/#primaryimage","url":"https:\/\/vinsestela.com\/wp-content\/uploads\/2023\/05\/4553001.jpg","contentUrl":"https:\/\/vinsestela.com\/wp-content\/uploads\/2023\/05\/4553001.jpg","width":600,"height":600},{"@type":"BreadcrumbList","@id":"https:\/\/vinsestela.com\/es\/producto\/montrose-rose\/#breadcrumb","itemListElement":[{"@type":"ListItem","position":1,"name":"Inici","item":"https:\/\/vinsestela.com\/es\/"},{"@type":"ListItem","position":2,"name":"Productos","item":"https:\/\/vinsestela.com\/es\/productos\/"},{"@type":"ListItem","position":3,"name":"Montrose Ros\u00e9"}]},{"@type":"WebSite","@id":"https:\/\/vinsestela.com\/#website","url":"https:\/\/vinsestela.com\/","name":"Vins Estela","description":"Vins Estela, el teu distribuidor de confian\u00e7a","publisher":{"@id":"https:\/\/vinsestela.com\/#organization"},"potentialAction":[{"@type":"SearchAction","target":{"@type":"EntryPoint","urlTemplate":"https:\/\/vinsestela.com\/?s={search_term_string}"},"query-input":{"@type":"PropertyValueSpecification","valueRequired":true,"valueName":"search_term_string"}}],"inLanguage":"es"},{"@type":"Organization","@id":"https:\/\/vinsestela.com\/#organization","name":"Vins Estela","url":"https:\/\/vinsestela.com\/","logo":{"@type":"ImageObject","inLanguage":"es","@id":"https:\/\/vinsestela.com\/#\/schema\/logo\/image\/","url":"https:\/\/vinsestela.com\/wp-content\/uploads\/2023\/03\/cropped-LOGO_VINS_ESTELA-01.png","contentUrl":"https:\/\/vinsestela.com\/wp-content\/uploads\/2023\/03\/cropped-LOGO_VINS_ESTELA-01.png","width":485,"height":630,"caption":"Vins Estela"},"image":{"@id":"https:\/\/vinsestela.com\/#\/schema\/logo\/image\/"}}]}},"_links":{"self":[{"href":"https:\/\/vinsestela.com\/es\/wp-json\/wp\/v2\/product\/21529","targetHints":{"allow":["GET"]}}],"collection":[{"href":"https:\/\/vinsestela.com\/es\/wp-json\/wp\/v2\/product"}],"about":[{"href":"https:\/\/vinsestela.com\/es\/wp-json\/wp\/v2\/types\/product"}],"wp:featuredmedia":[{"embeddable":true,"href":"https:\/\/vinsestela.com\/es\/wp-json\/wp\/v2\/media\/21571"}],"wp:attachment":[{"href":"https:\/\/vinsestela.com\/es\/wp-json\/wp\/v2\/media?parent=21529"}],"wp:term":[{"taxonomy":"product_brand","embeddable":true,"href":"https:\/\/vinsestela.com\/es\/wp-json\/wp\/v2\/product_brand?post=21529"},{"taxonomy":"product_cat","embeddable":true,"href":"https:\/\/vinsestela.com\/es\/wp-json\/wp\/v2\/product_cat?post=21529"},{"taxonomy":"product_tag","embeddable":true,"href":"https:\/\/vinsestela.com\/es\/wp-json\/wp\/v2\/product_tag?post=21529"}],"curies":[{"name":"wp","href":"https:\/\/api.w.org\/{rel}","templated":true}]}}