{"id":21537,"date":"2023-05-07T13:35:29","date_gmt":"2023-05-07T11:35:29","guid":{"rendered":"http:\/\/vinsestela.com\/?post_type=product&#038;p=21537"},"modified":"2023-07-06T16:03:06","modified_gmt":"2023-07-06T14:03:06","slug":"lion-dragon-rose-cru-classe","status":"publish","type":"product","link":"https:\/\/vinsestela.com\/es\/producto\/lion-dragon-rose-cru-classe\/","title":{"rendered":"Lion &#038; Dragon Ros\u00e9 (Cru Class\u00e9)"},"content":{"rendered":"","protected":false},"excerpt":{"rendered":"<p>Un gran Rosado brillante para Maridaje. Se huelen matices de frutos rojos y tocas de roble, algo de hierba de lim\u00f3n pero tambi\u00e9n un poco de fruta de hueso amarilla. Texturiza jugosa y cremosa pero a\u00fan fresca. Sabe a fresas delicadas y pera fresca cono un final duradero. Deliciosa rareza y uno de los pocos rosados \u200b\u200bprovenzales que envejecen durante 6 mesas en barricas de roble. La botella en s\u00ed se una elegante obra de arte. Sabor: Seco Cultivo: Bio \/ Org\u00e1nico Pa\u00eds: Francia Regi\u00f3n: C\u00f4tes de Provence A\u00f1o: 2020 Uva: Garnacha, Tibouren, Mourv\u00e8dre, Vermentino Alcohol: 13% vol. Tama\u00f1o de la botella: 0,75 l Temperatura de servicio recomendada: 12-14 \u00b0 C Alergias: contiene sulfitos.<\/p>\n","protected":false},"featured_media":21593,"template":"","meta":[],"product_brand":[],"product_cat":[1336],"product_tag":[],"class_list":{"0":"post-21537","1":"product","2":"type-product","3":"status-publish","4":"has-post-thumbnail","6":"product_cat-vino-rosado","8":"first","9":"instock","10":"featured","11":"shipping-taxable","12":"purchasable","13":"product-type-simple"},"yoast_head":"<!-- This site is optimized with the Yoast SEO plugin v27.4 - https:\/\/yoast.com\/product\/yoast-seo-wordpress\/ -->\n<title>Lion &amp; Dragon Ros\u00e9 (Cru Class\u00e9) - Vins Estela<\/title>\n<meta name=\"description\" content=\"Lion &amp; Dragon Ros\u00e9 (Cru Class\u00e9) de la bodega Ch\u00e2teau Roubine es un vino Ros\u00e9 de la zona de C\u00f4tes de Provence en Francia. Un vino rosado.\" \/>\n<meta name=\"robots\" content=\"index, follow, max-snippet:-1, max-image-preview:large, max-video-preview:-1\" \/>\n<link rel=\"canonical\" href=\"https:\/\/vinsestela.com\/producto\/lion-dragon-rose-cru-classe\/\" \/>\n<meta property=\"og:locale\" content=\"es_ES\" \/>\n<meta property=\"og:type\" content=\"article\" \/>\n<meta property=\"og:title\" content=\"Lion &amp; Dragon Ros\u00e9 (Cru Class\u00e9) - Vins Estela\" \/>\n<meta property=\"og:description\" content=\"Lion &amp; Dragon Ros\u00e9 (Cru Class\u00e9) de la bodega Ch\u00e2teau Roubine es un vino Ros\u00e9 de la zona de C\u00f4tes de Provence en Francia. Un vino rosado.\" \/>\n<meta property=\"og:url\" content=\"https:\/\/vinsestela.com\/producto\/lion-dragon-rose-cru-classe\/\" \/>\n<meta property=\"og:site_name\" content=\"Vins Estela\" \/>\n<meta property=\"article:modified_time\" content=\"2023-07-06T14:03:06+00:00\" \/>\n<meta property=\"og:image\" content=\"https:\/\/vinsestela.com\/wp-content\/uploads\/2023\/05\/4533006.jpg\" \/>\n\t<meta property=\"og:image:width\" content=\"600\" \/>\n\t<meta property=\"og:image:height\" content=\"600\" \/>\n\t<meta property=\"og:image:type\" content=\"image\/jpeg\" \/>\n<meta name=\"twitter:card\" content=\"summary_large_image\" \/>\n<script type=\"application\/ld+json\" class=\"yoast-schema-graph\">{\"@context\":\"https:\\\/\\\/schema.org\",\"@graph\":[{\"@type\":\"WebPage\",\"@id\":\"https:\\\/\\\/vinsestela.com\\\/producto\\\/lion-dragon-rose-cru-classe\\\/\",\"url\":\"https:\\\/\\\/vinsestela.com\\\/producto\\\/lion-dragon-rose-cru-classe\\\/\",\"name\":\"Lion & Dragon Ros\u00e9 (Cru Class\u00e9) - Vins Estela\",\"isPartOf\":{\"@id\":\"https:\\\/\\\/vinsestela.com\\\/#website\"},\"primaryImageOfPage\":{\"@id\":\"https:\\\/\\\/vinsestela.com\\\/producto\\\/lion-dragon-rose-cru-classe\\\/#primaryimage\"},\"image\":{\"@id\":\"https:\\\/\\\/vinsestela.com\\\/producto\\\/lion-dragon-rose-cru-classe\\\/#primaryimage\"},\"thumbnailUrl\":\"https:\\\/\\\/vinsestela.com\\\/wp-content\\\/uploads\\\/2023\\\/05\\\/4533006.jpg\",\"datePublished\":\"2023-05-07T11:35:29+00:00\",\"dateModified\":\"2023-07-06T14:03:06+00:00\",\"description\":\"Lion &amp; Dragon Ros\u00e9 (Cru Class\u00e9) de la bodega Ch\u00e2teau Roubine es un vino Ros\u00e9 de la zona de C\u00f4tes de Provence en Francia. Un vino rosado.\",\"breadcrumb\":{\"@id\":\"https:\\\/\\\/vinsestela.com\\\/producto\\\/lion-dragon-rose-cru-classe\\\/#breadcrumb\"},\"inLanguage\":\"es\",\"potentialAction\":[{\"@type\":\"ReadAction\",\"target\":[\"https:\\\/\\\/vinsestela.com\\\/producto\\\/lion-dragon-rose-cru-classe\\\/\"]}]},{\"@type\":\"ImageObject\",\"inLanguage\":\"es\",\"@id\":\"https:\\\/\\\/vinsestela.com\\\/producto\\\/lion-dragon-rose-cru-classe\\\/#primaryimage\",\"url\":\"https:\\\/\\\/vinsestela.com\\\/wp-content\\\/uploads\\\/2023\\\/05\\\/4533006.jpg\",\"contentUrl\":\"https:\\\/\\\/vinsestela.com\\\/wp-content\\\/uploads\\\/2023\\\/05\\\/4533006.jpg\",\"width\":600,\"height\":600},{\"@type\":\"BreadcrumbList\",\"@id\":\"https:\\\/\\\/vinsestela.com\\\/producto\\\/lion-dragon-rose-cru-classe\\\/#breadcrumb\",\"itemListElement\":[{\"@type\":\"ListItem\",\"position\":1,\"name\":\"Inici\",\"item\":\"https:\\\/\\\/vinsestela.com\\\/es\\\/\"},{\"@type\":\"ListItem\",\"position\":2,\"name\":\"Productos\",\"item\":\"https:\\\/\\\/vinsestela.com\\\/es\\\/productos\\\/\"},{\"@type\":\"ListItem\",\"position\":3,\"name\":\"Lion &#038; Dragon Ros\u00e9 (Cru Class\u00e9)\"}]},{\"@type\":\"WebSite\",\"@id\":\"https:\\\/\\\/vinsestela.com\\\/#website\",\"url\":\"https:\\\/\\\/vinsestela.com\\\/\",\"name\":\"Vins Estela\",\"description\":\"Vins Estela, el teu distribuidor de confian\u00e7a\",\"publisher\":{\"@id\":\"https:\\\/\\\/vinsestela.com\\\/#organization\"},\"potentialAction\":[{\"@type\":\"SearchAction\",\"target\":{\"@type\":\"EntryPoint\",\"urlTemplate\":\"https:\\\/\\\/vinsestela.com\\\/?s={search_term_string}\"},\"query-input\":{\"@type\":\"PropertyValueSpecification\",\"valueRequired\":true,\"valueName\":\"search_term_string\"}}],\"inLanguage\":\"es\"},{\"@type\":\"Organization\",\"@id\":\"https:\\\/\\\/vinsestela.com\\\/#organization\",\"name\":\"Vins Estela\",\"url\":\"https:\\\/\\\/vinsestela.com\\\/\",\"logo\":{\"@type\":\"ImageObject\",\"inLanguage\":\"es\",\"@id\":\"https:\\\/\\\/vinsestela.com\\\/#\\\/schema\\\/logo\\\/image\\\/\",\"url\":\"https:\\\/\\\/vinsestela.com\\\/wp-content\\\/uploads\\\/2023\\\/03\\\/cropped-LOGO_VINS_ESTELA-01.png\",\"contentUrl\":\"https:\\\/\\\/vinsestela.com\\\/wp-content\\\/uploads\\\/2023\\\/03\\\/cropped-LOGO_VINS_ESTELA-01.png\",\"width\":485,\"height\":630,\"caption\":\"Vins Estela\"},\"image\":{\"@id\":\"https:\\\/\\\/vinsestela.com\\\/#\\\/schema\\\/logo\\\/image\\\/\"}}]}<\/script>\n<!-- \/ Yoast SEO plugin. -->","yoast_head_json":{"title":"Lion & Dragon Ros\u00e9 (Cru Class\u00e9) - Vins Estela","description":"Lion &amp; Dragon Ros\u00e9 (Cru Class\u00e9) de la bodega Ch\u00e2teau Roubine es un vino Ros\u00e9 de la zona de C\u00f4tes de Provence en Francia. Un vino rosado.","robots":{"index":"index","follow":"follow","max-snippet":"max-snippet:-1","max-image-preview":"max-image-preview:large","max-video-preview":"max-video-preview:-1"},"canonical":"https:\/\/vinsestela.com\/producto\/lion-dragon-rose-cru-classe\/","og_locale":"es_ES","og_type":"article","og_title":"Lion & Dragon Ros\u00e9 (Cru Class\u00e9) - Vins Estela","og_description":"Lion &amp; Dragon Ros\u00e9 (Cru Class\u00e9) de la bodega Ch\u00e2teau Roubine es un vino Ros\u00e9 de la zona de C\u00f4tes de Provence en Francia. Un vino rosado.","og_url":"https:\/\/vinsestela.com\/producto\/lion-dragon-rose-cru-classe\/","og_site_name":"Vins Estela","article_modified_time":"2023-07-06T14:03:06+00:00","og_image":[{"width":600,"height":600,"url":"https:\/\/vinsestela.com\/wp-content\/uploads\/2023\/05\/4533006.jpg","type":"image\/jpeg"}],"twitter_card":"summary_large_image","schema":{"@context":"https:\/\/schema.org","@graph":[{"@type":"WebPage","@id":"https:\/\/vinsestela.com\/producto\/lion-dragon-rose-cru-classe\/","url":"https:\/\/vinsestela.com\/producto\/lion-dragon-rose-cru-classe\/","name":"Lion & Dragon Ros\u00e9 (Cru Class\u00e9) - Vins Estela","isPartOf":{"@id":"https:\/\/vinsestela.com\/#website"},"primaryImageOfPage":{"@id":"https:\/\/vinsestela.com\/producto\/lion-dragon-rose-cru-classe\/#primaryimage"},"image":{"@id":"https:\/\/vinsestela.com\/producto\/lion-dragon-rose-cru-classe\/#primaryimage"},"thumbnailUrl":"https:\/\/vinsestela.com\/wp-content\/uploads\/2023\/05\/4533006.jpg","datePublished":"2023-05-07T11:35:29+00:00","dateModified":"2023-07-06T14:03:06+00:00","description":"Lion &amp; Dragon Ros\u00e9 (Cru Class\u00e9) de la bodega Ch\u00e2teau Roubine es un vino Ros\u00e9 de la zona de C\u00f4tes de Provence en Francia. Un vino rosado.","breadcrumb":{"@id":"https:\/\/vinsestela.com\/producto\/lion-dragon-rose-cru-classe\/#breadcrumb"},"inLanguage":"es","potentialAction":[{"@type":"ReadAction","target":["https:\/\/vinsestela.com\/producto\/lion-dragon-rose-cru-classe\/"]}]},{"@type":"ImageObject","inLanguage":"es","@id":"https:\/\/vinsestela.com\/producto\/lion-dragon-rose-cru-classe\/#primaryimage","url":"https:\/\/vinsestela.com\/wp-content\/uploads\/2023\/05\/4533006.jpg","contentUrl":"https:\/\/vinsestela.com\/wp-content\/uploads\/2023\/05\/4533006.jpg","width":600,"height":600},{"@type":"BreadcrumbList","@id":"https:\/\/vinsestela.com\/producto\/lion-dragon-rose-cru-classe\/#breadcrumb","itemListElement":[{"@type":"ListItem","position":1,"name":"Inici","item":"https:\/\/vinsestela.com\/es\/"},{"@type":"ListItem","position":2,"name":"Productos","item":"https:\/\/vinsestela.com\/es\/productos\/"},{"@type":"ListItem","position":3,"name":"Lion &#038; Dragon Ros\u00e9 (Cru Class\u00e9)"}]},{"@type":"WebSite","@id":"https:\/\/vinsestela.com\/#website","url":"https:\/\/vinsestela.com\/","name":"Vins Estela","description":"Vins Estela, el teu distribuidor de confian\u00e7a","publisher":{"@id":"https:\/\/vinsestela.com\/#organization"},"potentialAction":[{"@type":"SearchAction","target":{"@type":"EntryPoint","urlTemplate":"https:\/\/vinsestela.com\/?s={search_term_string}"},"query-input":{"@type":"PropertyValueSpecification","valueRequired":true,"valueName":"search_term_string"}}],"inLanguage":"es"},{"@type":"Organization","@id":"https:\/\/vinsestela.com\/#organization","name":"Vins Estela","url":"https:\/\/vinsestela.com\/","logo":{"@type":"ImageObject","inLanguage":"es","@id":"https:\/\/vinsestela.com\/#\/schema\/logo\/image\/","url":"https:\/\/vinsestela.com\/wp-content\/uploads\/2023\/03\/cropped-LOGO_VINS_ESTELA-01.png","contentUrl":"https:\/\/vinsestela.com\/wp-content\/uploads\/2023\/03\/cropped-LOGO_VINS_ESTELA-01.png","width":485,"height":630,"caption":"Vins Estela"},"image":{"@id":"https:\/\/vinsestela.com\/#\/schema\/logo\/image\/"}}]}},"_links":{"self":[{"href":"https:\/\/vinsestela.com\/es\/wp-json\/wp\/v2\/product\/21537","targetHints":{"allow":["GET"]}}],"collection":[{"href":"https:\/\/vinsestela.com\/es\/wp-json\/wp\/v2\/product"}],"about":[{"href":"https:\/\/vinsestela.com\/es\/wp-json\/wp\/v2\/types\/product"}],"wp:featuredmedia":[{"embeddable":true,"href":"https:\/\/vinsestela.com\/es\/wp-json\/wp\/v2\/media\/21593"}],"wp:attachment":[{"href":"https:\/\/vinsestela.com\/es\/wp-json\/wp\/v2\/media?parent=21537"}],"wp:term":[{"taxonomy":"product_brand","embeddable":true,"href":"https:\/\/vinsestela.com\/es\/wp-json\/wp\/v2\/product_brand?post=21537"},{"taxonomy":"product_cat","embeddable":true,"href":"https:\/\/vinsestela.com\/es\/wp-json\/wp\/v2\/product_cat?post=21537"},{"taxonomy":"product_tag","embeddable":true,"href":"https:\/\/vinsestela.com\/es\/wp-json\/wp\/v2\/product_tag?post=21537"}],"curies":[{"name":"wp","href":"https:\/\/api.w.org\/{rel}","templated":true}]}}