{"id":21538,"date":"2023-05-07T13:35:29","date_gmt":"2023-05-07T11:35:29","guid":{"rendered":"http:\/\/vinsestela.com\/?post_type=product&#038;p=21538"},"modified":"2023-07-06T16:04:14","modified_gmt":"2023-07-06T14:04:14","slug":"allimant-laugner-pinot-blanc","status":"publish","type":"product","link":"https:\/\/vinsestela.com\/es\/producto\/allimant-laugner-pinot-blanc\/","title":{"rendered":"Allimant-Laugner Pinot Blanc"},"content":{"rendered":"","protected":false},"excerpt":{"rendered":"<p>Originario de Borgo\u00f1a como toda la familia\u00a0Pinot, y se distingui\u00f3 del Chardonnay solo a finales del siglo XIX.<br \/>\nEn realidad, estamos hablando de una cupada entre\u00a0Pinot\u00a0Blanco y\u00a0Auxerrois, que equilibra la acidez del primero con la fruta del segundo.<\/p>\n<p>Las condiciones de 2018 permitieron que los\u00a0Auxerrois\u00a0maduraran r\u00e1pidamente, con uva intensamente afrutada y concentradas. La acidez equilibra un\u00a0cuv\u00e9e\u00a0que resulta m\u00e1s rico y redondo y ampl\u00eda las posibilidades de degustaci\u00f3n.<\/p>\n","protected":false},"featured_media":21594,"template":"","meta":[],"product_brand":[],"product_cat":[1335],"product_tag":[],"class_list":{"0":"post-21538","1":"product","2":"type-product","3":"status-publish","4":"has-post-thumbnail","6":"product_cat-vino-blanco","8":"first","9":"instock","10":"shipping-taxable","11":"purchasable","12":"product-type-simple"},"yoast_head":"<!-- This site is optimized with the Yoast SEO plugin v27.4 - https:\/\/yoast.com\/product\/yoast-seo-wordpress\/ -->\n<title>Allimant-Laugner Pinot Blanc - Vins Estela<\/title>\n<meta name=\"robots\" content=\"index, follow, max-snippet:-1, max-image-preview:large, max-video-preview:-1\" \/>\n<link rel=\"canonical\" href=\"https:\/\/vinsestela.com\/es\/producto\/allimant-laugner-pinot-blanc\/\" \/>\n<meta property=\"og:locale\" content=\"es_ES\" \/>\n<meta property=\"og:type\" content=\"article\" \/>\n<meta property=\"og:title\" content=\"Allimant-Laugner Pinot Blanc - Vins Estela\" \/>\n<meta property=\"og:description\" content=\"Originario de Borgo\u00f1a como toda la familia\u00a0Pinot, y se distingui\u00f3 del Chardonnay solo a finales del siglo XIX. En realidad, estamos hablando de una cupada entre\u00a0Pinot\u00a0Blanco y\u00a0Auxerrois, que equilibra la acidez del primero con la fruta del segundo.  Las condiciones de 2018 permitieron que los\u00a0Auxerrois\u00a0maduraran r\u00e1pidamente, con uva intensamente afrutada y concentradas. La acidez equilibra un\u00a0cuv\u00e9e\u00a0que resulta m\u00e1s rico y redondo y ampl\u00eda las posibilidades de degustaci\u00f3n.\" \/>\n<meta property=\"og:url\" content=\"https:\/\/vinsestela.com\/es\/producto\/allimant-laugner-pinot-blanc\/\" \/>\n<meta property=\"og:site_name\" content=\"Vins Estela\" \/>\n<meta property=\"article:modified_time\" content=\"2023-07-06T14:04:14+00:00\" \/>\n<meta property=\"og:image\" content=\"https:\/\/vinsestela.com\/wp-content\/uploads\/2023\/05\/5982001.jpg\" \/>\n\t<meta property=\"og:image:width\" content=\"600\" \/>\n\t<meta property=\"og:image:height\" content=\"600\" \/>\n\t<meta property=\"og:image:type\" content=\"image\/jpeg\" \/>\n<meta name=\"twitter:card\" content=\"summary_large_image\" \/>\n<script type=\"application\/ld+json\" class=\"yoast-schema-graph\">{\"@context\":\"https:\\\/\\\/schema.org\",\"@graph\":[{\"@type\":\"WebPage\",\"@id\":\"https:\\\/\\\/vinsestela.com\\\/es\\\/producto\\\/allimant-laugner-pinot-blanc\\\/\",\"url\":\"https:\\\/\\\/vinsestela.com\\\/es\\\/producto\\\/allimant-laugner-pinot-blanc\\\/\",\"name\":\"Allimant-Laugner Pinot Blanc - Vins Estela\",\"isPartOf\":{\"@id\":\"https:\\\/\\\/vinsestela.com\\\/#website\"},\"primaryImageOfPage\":{\"@id\":\"https:\\\/\\\/vinsestela.com\\\/es\\\/producto\\\/allimant-laugner-pinot-blanc\\\/#primaryimage\"},\"image\":{\"@id\":\"https:\\\/\\\/vinsestela.com\\\/es\\\/producto\\\/allimant-laugner-pinot-blanc\\\/#primaryimage\"},\"thumbnailUrl\":\"https:\\\/\\\/vinsestela.com\\\/wp-content\\\/uploads\\\/2023\\\/05\\\/5982001.jpg\",\"datePublished\":\"2023-05-07T11:35:29+00:00\",\"dateModified\":\"2023-07-06T14:04:14+00:00\",\"breadcrumb\":{\"@id\":\"https:\\\/\\\/vinsestela.com\\\/es\\\/producto\\\/allimant-laugner-pinot-blanc\\\/#breadcrumb\"},\"inLanguage\":\"es\",\"potentialAction\":[{\"@type\":\"ReadAction\",\"target\":[\"https:\\\/\\\/vinsestela.com\\\/es\\\/producto\\\/allimant-laugner-pinot-blanc\\\/\"]}]},{\"@type\":\"ImageObject\",\"inLanguage\":\"es\",\"@id\":\"https:\\\/\\\/vinsestela.com\\\/es\\\/producto\\\/allimant-laugner-pinot-blanc\\\/#primaryimage\",\"url\":\"https:\\\/\\\/vinsestela.com\\\/wp-content\\\/uploads\\\/2023\\\/05\\\/5982001.jpg\",\"contentUrl\":\"https:\\\/\\\/vinsestela.com\\\/wp-content\\\/uploads\\\/2023\\\/05\\\/5982001.jpg\",\"width\":600,\"height\":600},{\"@type\":\"BreadcrumbList\",\"@id\":\"https:\\\/\\\/vinsestela.com\\\/es\\\/producto\\\/allimant-laugner-pinot-blanc\\\/#breadcrumb\",\"itemListElement\":[{\"@type\":\"ListItem\",\"position\":1,\"name\":\"Inici\",\"item\":\"https:\\\/\\\/vinsestela.com\\\/es\\\/\"},{\"@type\":\"ListItem\",\"position\":2,\"name\":\"Productos\",\"item\":\"https:\\\/\\\/vinsestela.com\\\/es\\\/productos\\\/\"},{\"@type\":\"ListItem\",\"position\":3,\"name\":\"Allimant-Laugner Pinot Blanc\"}]},{\"@type\":\"WebSite\",\"@id\":\"https:\\\/\\\/vinsestela.com\\\/#website\",\"url\":\"https:\\\/\\\/vinsestela.com\\\/\",\"name\":\"Vins Estela\",\"description\":\"Vins Estela, el teu distribuidor de confian\u00e7a\",\"publisher\":{\"@id\":\"https:\\\/\\\/vinsestela.com\\\/#organization\"},\"potentialAction\":[{\"@type\":\"SearchAction\",\"target\":{\"@type\":\"EntryPoint\",\"urlTemplate\":\"https:\\\/\\\/vinsestela.com\\\/?s={search_term_string}\"},\"query-input\":{\"@type\":\"PropertyValueSpecification\",\"valueRequired\":true,\"valueName\":\"search_term_string\"}}],\"inLanguage\":\"es\"},{\"@type\":\"Organization\",\"@id\":\"https:\\\/\\\/vinsestela.com\\\/#organization\",\"name\":\"Vins Estela\",\"url\":\"https:\\\/\\\/vinsestela.com\\\/\",\"logo\":{\"@type\":\"ImageObject\",\"inLanguage\":\"es\",\"@id\":\"https:\\\/\\\/vinsestela.com\\\/#\\\/schema\\\/logo\\\/image\\\/\",\"url\":\"https:\\\/\\\/vinsestela.com\\\/wp-content\\\/uploads\\\/2023\\\/03\\\/cropped-LOGO_VINS_ESTELA-01.png\",\"contentUrl\":\"https:\\\/\\\/vinsestela.com\\\/wp-content\\\/uploads\\\/2023\\\/03\\\/cropped-LOGO_VINS_ESTELA-01.png\",\"width\":485,\"height\":630,\"caption\":\"Vins Estela\"},\"image\":{\"@id\":\"https:\\\/\\\/vinsestela.com\\\/#\\\/schema\\\/logo\\\/image\\\/\"}}]}<\/script>\n<!-- \/ Yoast SEO plugin. -->","yoast_head_json":{"title":"Allimant-Laugner Pinot Blanc - Vins Estela","robots":{"index":"index","follow":"follow","max-snippet":"max-snippet:-1","max-image-preview":"max-image-preview:large","max-video-preview":"max-video-preview:-1"},"canonical":"https:\/\/vinsestela.com\/es\/producto\/allimant-laugner-pinot-blanc\/","og_locale":"es_ES","og_type":"article","og_title":"Allimant-Laugner Pinot Blanc - Vins Estela","og_description":"Originario de Borgo\u00f1a como toda la familia\u00a0Pinot, y se distingui\u00f3 del Chardonnay solo a finales del siglo XIX. En realidad, estamos hablando de una cupada entre\u00a0Pinot\u00a0Blanco y\u00a0Auxerrois, que equilibra la acidez del primero con la fruta del segundo.  Las condiciones de 2018 permitieron que los\u00a0Auxerrois\u00a0maduraran r\u00e1pidamente, con uva intensamente afrutada y concentradas. La acidez equilibra un\u00a0cuv\u00e9e\u00a0que resulta m\u00e1s rico y redondo y ampl\u00eda las posibilidades de degustaci\u00f3n.","og_url":"https:\/\/vinsestela.com\/es\/producto\/allimant-laugner-pinot-blanc\/","og_site_name":"Vins Estela","article_modified_time":"2023-07-06T14:04:14+00:00","og_image":[{"width":600,"height":600,"url":"https:\/\/vinsestela.com\/wp-content\/uploads\/2023\/05\/5982001.jpg","type":"image\/jpeg"}],"twitter_card":"summary_large_image","schema":{"@context":"https:\/\/schema.org","@graph":[{"@type":"WebPage","@id":"https:\/\/vinsestela.com\/es\/producto\/allimant-laugner-pinot-blanc\/","url":"https:\/\/vinsestela.com\/es\/producto\/allimant-laugner-pinot-blanc\/","name":"Allimant-Laugner Pinot Blanc - Vins Estela","isPartOf":{"@id":"https:\/\/vinsestela.com\/#website"},"primaryImageOfPage":{"@id":"https:\/\/vinsestela.com\/es\/producto\/allimant-laugner-pinot-blanc\/#primaryimage"},"image":{"@id":"https:\/\/vinsestela.com\/es\/producto\/allimant-laugner-pinot-blanc\/#primaryimage"},"thumbnailUrl":"https:\/\/vinsestela.com\/wp-content\/uploads\/2023\/05\/5982001.jpg","datePublished":"2023-05-07T11:35:29+00:00","dateModified":"2023-07-06T14:04:14+00:00","breadcrumb":{"@id":"https:\/\/vinsestela.com\/es\/producto\/allimant-laugner-pinot-blanc\/#breadcrumb"},"inLanguage":"es","potentialAction":[{"@type":"ReadAction","target":["https:\/\/vinsestela.com\/es\/producto\/allimant-laugner-pinot-blanc\/"]}]},{"@type":"ImageObject","inLanguage":"es","@id":"https:\/\/vinsestela.com\/es\/producto\/allimant-laugner-pinot-blanc\/#primaryimage","url":"https:\/\/vinsestela.com\/wp-content\/uploads\/2023\/05\/5982001.jpg","contentUrl":"https:\/\/vinsestela.com\/wp-content\/uploads\/2023\/05\/5982001.jpg","width":600,"height":600},{"@type":"BreadcrumbList","@id":"https:\/\/vinsestela.com\/es\/producto\/allimant-laugner-pinot-blanc\/#breadcrumb","itemListElement":[{"@type":"ListItem","position":1,"name":"Inici","item":"https:\/\/vinsestela.com\/es\/"},{"@type":"ListItem","position":2,"name":"Productos","item":"https:\/\/vinsestela.com\/es\/productos\/"},{"@type":"ListItem","position":3,"name":"Allimant-Laugner Pinot Blanc"}]},{"@type":"WebSite","@id":"https:\/\/vinsestela.com\/#website","url":"https:\/\/vinsestela.com\/","name":"Vins Estela","description":"Vins Estela, el teu distribuidor de confian\u00e7a","publisher":{"@id":"https:\/\/vinsestela.com\/#organization"},"potentialAction":[{"@type":"SearchAction","target":{"@type":"EntryPoint","urlTemplate":"https:\/\/vinsestela.com\/?s={search_term_string}"},"query-input":{"@type":"PropertyValueSpecification","valueRequired":true,"valueName":"search_term_string"}}],"inLanguage":"es"},{"@type":"Organization","@id":"https:\/\/vinsestela.com\/#organization","name":"Vins Estela","url":"https:\/\/vinsestela.com\/","logo":{"@type":"ImageObject","inLanguage":"es","@id":"https:\/\/vinsestela.com\/#\/schema\/logo\/image\/","url":"https:\/\/vinsestela.com\/wp-content\/uploads\/2023\/03\/cropped-LOGO_VINS_ESTELA-01.png","contentUrl":"https:\/\/vinsestela.com\/wp-content\/uploads\/2023\/03\/cropped-LOGO_VINS_ESTELA-01.png","width":485,"height":630,"caption":"Vins Estela"},"image":{"@id":"https:\/\/vinsestela.com\/#\/schema\/logo\/image\/"}}]}},"_links":{"self":[{"href":"https:\/\/vinsestela.com\/es\/wp-json\/wp\/v2\/product\/21538","targetHints":{"allow":["GET"]}}],"collection":[{"href":"https:\/\/vinsestela.com\/es\/wp-json\/wp\/v2\/product"}],"about":[{"href":"https:\/\/vinsestela.com\/es\/wp-json\/wp\/v2\/types\/product"}],"wp:featuredmedia":[{"embeddable":true,"href":"https:\/\/vinsestela.com\/es\/wp-json\/wp\/v2\/media\/21594"}],"wp:attachment":[{"href":"https:\/\/vinsestela.com\/es\/wp-json\/wp\/v2\/media?parent=21538"}],"wp:term":[{"taxonomy":"product_brand","embeddable":true,"href":"https:\/\/vinsestela.com\/es\/wp-json\/wp\/v2\/product_brand?post=21538"},{"taxonomy":"product_cat","embeddable":true,"href":"https:\/\/vinsestela.com\/es\/wp-json\/wp\/v2\/product_cat?post=21538"},{"taxonomy":"product_tag","embeddable":true,"href":"https:\/\/vinsestela.com\/es\/wp-json\/wp\/v2\/product_tag?post=21538"}],"curies":[{"name":"wp","href":"https:\/\/api.w.org\/{rel}","templated":true}]}}