{"id":21539,"date":"2023-05-07T13:35:29","date_gmt":"2023-05-07T11:35:29","guid":{"rendered":"http:\/\/vinsestela.com\/?post_type=product&#038;p=21539"},"modified":"2023-07-06T16:04:51","modified_gmt":"2023-07-06T14:04:51","slug":"allimant-laugner-riesling","status":"publish","type":"product","link":"https:\/\/vinsestela.com\/es\/producto\/allimant-laugner-riesling\/","title":{"rendered":"Allimant-Laugner Riesling"},"content":{"rendered":"","protected":false},"excerpt":{"rendered":"<p>Variedad de uva de origen Rin y hoy en d\u00eda la m\u00e1s plantada en Alsacia.<br \/>\nEs la \u00faltima variedad de uva alsaciana, que tambi\u00e9n prospera en a\u00f1adas tempranas que le permiten conseguir la madurez antes de las condiciones oto\u00f1ales m\u00e1s perturbadas.<br \/>\nEsto es el que experimentamos en 2018 con un verano muy caluroso, una temporada tard\u00eda relativamente seca y uva saludable que volvieron en la segunda semana de octubre.<br \/>\nLos equilibrios son interesantes, frescura pero sobre todo una fruta muy presente y agradable.<\/p>\n","protected":false},"featured_media":21595,"template":"","meta":[],"product_brand":[],"product_cat":[1335],"product_tag":[],"class_list":{"0":"post-21539","1":"product","2":"type-product","3":"status-publish","4":"has-post-thumbnail","6":"product_cat-vino-blanco","8":"first","9":"instock","10":"shipping-taxable","11":"purchasable","12":"product-type-simple"},"yoast_head":"<!-- This site is optimized with the Yoast SEO plugin v27.4 - https:\/\/yoast.com\/product\/yoast-seo-wordpress\/ -->\n<title>Allimant-Laugner Riesling - Vins Estela<\/title>\n<meta name=\"robots\" content=\"index, follow, max-snippet:-1, max-image-preview:large, max-video-preview:-1\" \/>\n<link rel=\"canonical\" href=\"https:\/\/vinsestela.com\/producto\/allimant-laugner-riesling\/\" \/>\n<meta property=\"og:locale\" content=\"es_ES\" \/>\n<meta property=\"og:type\" content=\"article\" \/>\n<meta property=\"og:title\" content=\"Allimant-Laugner Riesling - Vins Estela\" \/>\n<meta property=\"og:description\" content=\"Variedad de uva de origen Rin y hoy en d\u00eda la m\u00e1s plantada en Alsacia. Es la \u00faltima variedad de uva alsaciana, que tambi\u00e9n prospera en a\u00f1adas tempranas que le permiten conseguir la madurez antes de las condiciones oto\u00f1ales m\u00e1s perturbadas. Esto es el que experimentamos en 2018 con un verano muy caluroso, una temporada tard\u00eda relativamente seca y uva saludable que volvieron en la segunda semana de octubre. Los equilibrios son interesantes, frescura pero sobre todo una fruta muy presente y agradable.\" \/>\n<meta property=\"og:url\" content=\"https:\/\/vinsestela.com\/producto\/allimant-laugner-riesling\/\" \/>\n<meta property=\"og:site_name\" content=\"Vins Estela\" \/>\n<meta property=\"article:modified_time\" content=\"2023-07-06T14:04:51+00:00\" \/>\n<meta property=\"og:image\" content=\"https:\/\/vinsestela.com\/wp-content\/uploads\/2023\/05\/5982002.jpg\" \/>\n\t<meta property=\"og:image:width\" content=\"600\" \/>\n\t<meta property=\"og:image:height\" content=\"600\" \/>\n\t<meta property=\"og:image:type\" content=\"image\/jpeg\" \/>\n<meta name=\"twitter:card\" content=\"summary_large_image\" \/>\n<script type=\"application\/ld+json\" class=\"yoast-schema-graph\">{\"@context\":\"https:\\\/\\\/schema.org\",\"@graph\":[{\"@type\":\"WebPage\",\"@id\":\"https:\\\/\\\/vinsestela.com\\\/producto\\\/allimant-laugner-riesling\\\/\",\"url\":\"https:\\\/\\\/vinsestela.com\\\/producto\\\/allimant-laugner-riesling\\\/\",\"name\":\"Allimant-Laugner Riesling - Vins Estela\",\"isPartOf\":{\"@id\":\"https:\\\/\\\/vinsestela.com\\\/#website\"},\"primaryImageOfPage\":{\"@id\":\"https:\\\/\\\/vinsestela.com\\\/producto\\\/allimant-laugner-riesling\\\/#primaryimage\"},\"image\":{\"@id\":\"https:\\\/\\\/vinsestela.com\\\/producto\\\/allimant-laugner-riesling\\\/#primaryimage\"},\"thumbnailUrl\":\"https:\\\/\\\/vinsestela.com\\\/wp-content\\\/uploads\\\/2023\\\/05\\\/5982002.jpg\",\"datePublished\":\"2023-05-07T11:35:29+00:00\",\"dateModified\":\"2023-07-06T14:04:51+00:00\",\"breadcrumb\":{\"@id\":\"https:\\\/\\\/vinsestela.com\\\/producto\\\/allimant-laugner-riesling\\\/#breadcrumb\"},\"inLanguage\":\"es\",\"potentialAction\":[{\"@type\":\"ReadAction\",\"target\":[\"https:\\\/\\\/vinsestela.com\\\/producto\\\/allimant-laugner-riesling\\\/\"]}]},{\"@type\":\"ImageObject\",\"inLanguage\":\"es\",\"@id\":\"https:\\\/\\\/vinsestela.com\\\/producto\\\/allimant-laugner-riesling\\\/#primaryimage\",\"url\":\"https:\\\/\\\/vinsestela.com\\\/wp-content\\\/uploads\\\/2023\\\/05\\\/5982002.jpg\",\"contentUrl\":\"https:\\\/\\\/vinsestela.com\\\/wp-content\\\/uploads\\\/2023\\\/05\\\/5982002.jpg\",\"width\":600,\"height\":600},{\"@type\":\"BreadcrumbList\",\"@id\":\"https:\\\/\\\/vinsestela.com\\\/producto\\\/allimant-laugner-riesling\\\/#breadcrumb\",\"itemListElement\":[{\"@type\":\"ListItem\",\"position\":1,\"name\":\"Inici\",\"item\":\"https:\\\/\\\/vinsestela.com\\\/es\\\/\"},{\"@type\":\"ListItem\",\"position\":2,\"name\":\"Productos\",\"item\":\"https:\\\/\\\/vinsestela.com\\\/es\\\/productos\\\/\"},{\"@type\":\"ListItem\",\"position\":3,\"name\":\"Allimant-Laugner Riesling\"}]},{\"@type\":\"WebSite\",\"@id\":\"https:\\\/\\\/vinsestela.com\\\/#website\",\"url\":\"https:\\\/\\\/vinsestela.com\\\/\",\"name\":\"Vins Estela\",\"description\":\"Vins Estela, el teu distribuidor de confian\u00e7a\",\"publisher\":{\"@id\":\"https:\\\/\\\/vinsestela.com\\\/#organization\"},\"potentialAction\":[{\"@type\":\"SearchAction\",\"target\":{\"@type\":\"EntryPoint\",\"urlTemplate\":\"https:\\\/\\\/vinsestela.com\\\/?s={search_term_string}\"},\"query-input\":{\"@type\":\"PropertyValueSpecification\",\"valueRequired\":true,\"valueName\":\"search_term_string\"}}],\"inLanguage\":\"es\"},{\"@type\":\"Organization\",\"@id\":\"https:\\\/\\\/vinsestela.com\\\/#organization\",\"name\":\"Vins Estela\",\"url\":\"https:\\\/\\\/vinsestela.com\\\/\",\"logo\":{\"@type\":\"ImageObject\",\"inLanguage\":\"es\",\"@id\":\"https:\\\/\\\/vinsestela.com\\\/#\\\/schema\\\/logo\\\/image\\\/\",\"url\":\"https:\\\/\\\/vinsestela.com\\\/wp-content\\\/uploads\\\/2023\\\/03\\\/cropped-LOGO_VINS_ESTELA-01.png\",\"contentUrl\":\"https:\\\/\\\/vinsestela.com\\\/wp-content\\\/uploads\\\/2023\\\/03\\\/cropped-LOGO_VINS_ESTELA-01.png\",\"width\":485,\"height\":630,\"caption\":\"Vins Estela\"},\"image\":{\"@id\":\"https:\\\/\\\/vinsestela.com\\\/#\\\/schema\\\/logo\\\/image\\\/\"}}]}<\/script>\n<!-- \/ Yoast SEO plugin. -->","yoast_head_json":{"title":"Allimant-Laugner Riesling - Vins Estela","robots":{"index":"index","follow":"follow","max-snippet":"max-snippet:-1","max-image-preview":"max-image-preview:large","max-video-preview":"max-video-preview:-1"},"canonical":"https:\/\/vinsestela.com\/producto\/allimant-laugner-riesling\/","og_locale":"es_ES","og_type":"article","og_title":"Allimant-Laugner Riesling - Vins Estela","og_description":"Variedad de uva de origen Rin y hoy en d\u00eda la m\u00e1s plantada en Alsacia. Es la \u00faltima variedad de uva alsaciana, que tambi\u00e9n prospera en a\u00f1adas tempranas que le permiten conseguir la madurez antes de las condiciones oto\u00f1ales m\u00e1s perturbadas. Esto es el que experimentamos en 2018 con un verano muy caluroso, una temporada tard\u00eda relativamente seca y uva saludable que volvieron en la segunda semana de octubre. Los equilibrios son interesantes, frescura pero sobre todo una fruta muy presente y agradable.","og_url":"https:\/\/vinsestela.com\/producto\/allimant-laugner-riesling\/","og_site_name":"Vins Estela","article_modified_time":"2023-07-06T14:04:51+00:00","og_image":[{"width":600,"height":600,"url":"https:\/\/vinsestela.com\/wp-content\/uploads\/2023\/05\/5982002.jpg","type":"image\/jpeg"}],"twitter_card":"summary_large_image","schema":{"@context":"https:\/\/schema.org","@graph":[{"@type":"WebPage","@id":"https:\/\/vinsestela.com\/producto\/allimant-laugner-riesling\/","url":"https:\/\/vinsestela.com\/producto\/allimant-laugner-riesling\/","name":"Allimant-Laugner Riesling - Vins Estela","isPartOf":{"@id":"https:\/\/vinsestela.com\/#website"},"primaryImageOfPage":{"@id":"https:\/\/vinsestela.com\/producto\/allimant-laugner-riesling\/#primaryimage"},"image":{"@id":"https:\/\/vinsestela.com\/producto\/allimant-laugner-riesling\/#primaryimage"},"thumbnailUrl":"https:\/\/vinsestela.com\/wp-content\/uploads\/2023\/05\/5982002.jpg","datePublished":"2023-05-07T11:35:29+00:00","dateModified":"2023-07-06T14:04:51+00:00","breadcrumb":{"@id":"https:\/\/vinsestela.com\/producto\/allimant-laugner-riesling\/#breadcrumb"},"inLanguage":"es","potentialAction":[{"@type":"ReadAction","target":["https:\/\/vinsestela.com\/producto\/allimant-laugner-riesling\/"]}]},{"@type":"ImageObject","inLanguage":"es","@id":"https:\/\/vinsestela.com\/producto\/allimant-laugner-riesling\/#primaryimage","url":"https:\/\/vinsestela.com\/wp-content\/uploads\/2023\/05\/5982002.jpg","contentUrl":"https:\/\/vinsestela.com\/wp-content\/uploads\/2023\/05\/5982002.jpg","width":600,"height":600},{"@type":"BreadcrumbList","@id":"https:\/\/vinsestela.com\/producto\/allimant-laugner-riesling\/#breadcrumb","itemListElement":[{"@type":"ListItem","position":1,"name":"Inici","item":"https:\/\/vinsestela.com\/es\/"},{"@type":"ListItem","position":2,"name":"Productos","item":"https:\/\/vinsestela.com\/es\/productos\/"},{"@type":"ListItem","position":3,"name":"Allimant-Laugner Riesling"}]},{"@type":"WebSite","@id":"https:\/\/vinsestela.com\/#website","url":"https:\/\/vinsestela.com\/","name":"Vins Estela","description":"Vins Estela, el teu distribuidor de confian\u00e7a","publisher":{"@id":"https:\/\/vinsestela.com\/#organization"},"potentialAction":[{"@type":"SearchAction","target":{"@type":"EntryPoint","urlTemplate":"https:\/\/vinsestela.com\/?s={search_term_string}"},"query-input":{"@type":"PropertyValueSpecification","valueRequired":true,"valueName":"search_term_string"}}],"inLanguage":"es"},{"@type":"Organization","@id":"https:\/\/vinsestela.com\/#organization","name":"Vins Estela","url":"https:\/\/vinsestela.com\/","logo":{"@type":"ImageObject","inLanguage":"es","@id":"https:\/\/vinsestela.com\/#\/schema\/logo\/image\/","url":"https:\/\/vinsestela.com\/wp-content\/uploads\/2023\/03\/cropped-LOGO_VINS_ESTELA-01.png","contentUrl":"https:\/\/vinsestela.com\/wp-content\/uploads\/2023\/03\/cropped-LOGO_VINS_ESTELA-01.png","width":485,"height":630,"caption":"Vins Estela"},"image":{"@id":"https:\/\/vinsestela.com\/#\/schema\/logo\/image\/"}}]}},"_links":{"self":[{"href":"https:\/\/vinsestela.com\/es\/wp-json\/wp\/v2\/product\/21539","targetHints":{"allow":["GET"]}}],"collection":[{"href":"https:\/\/vinsestela.com\/es\/wp-json\/wp\/v2\/product"}],"about":[{"href":"https:\/\/vinsestela.com\/es\/wp-json\/wp\/v2\/types\/product"}],"wp:featuredmedia":[{"embeddable":true,"href":"https:\/\/vinsestela.com\/es\/wp-json\/wp\/v2\/media\/21595"}],"wp:attachment":[{"href":"https:\/\/vinsestela.com\/es\/wp-json\/wp\/v2\/media?parent=21539"}],"wp:term":[{"taxonomy":"product_brand","embeddable":true,"href":"https:\/\/vinsestela.com\/es\/wp-json\/wp\/v2\/product_brand?post=21539"},{"taxonomy":"product_cat","embeddable":true,"href":"https:\/\/vinsestela.com\/es\/wp-json\/wp\/v2\/product_cat?post=21539"},{"taxonomy":"product_tag","embeddable":true,"href":"https:\/\/vinsestela.com\/es\/wp-json\/wp\/v2\/product_tag?post=21539"}],"curies":[{"name":"wp","href":"https:\/\/api.w.org\/{rel}","templated":true}]}}