{"id":21554,"date":"2023-05-07T13:35:50","date_gmt":"2023-05-07T11:35:50","guid":{"rendered":"http:\/\/vinsestela.com\/?post_type=product&#038;p=21554"},"modified":"2023-07-06T15:55:09","modified_gmt":"2023-07-06T13:55:09","slug":"allimant-laugner-pinot-gris-vendanges-tardives","status":"publish","type":"product","link":"https:\/\/vinsestela.com\/es\/producto\/allimant-laugner-pinot-gris-vendanges-tardives\/","title":{"rendered":"Allimant-Laugner Pinot Gris Vendanges tardives"},"content":{"rendered":"","protected":false},"excerpt":{"rendered":"<p>Un a\u00f1o solar con r\u00e9cords de lluvias escasas, las cosechas 2015 fueron tempranas, marcadas por una buena maduraci\u00f3n de la uva. Las condiciones clim\u00e1ticas tard\u00edas fueron especialmente favorables para la producci\u00f3n de Vendanges Tardives, y esto desde el 29 de septiembre hasta el 14 de octubre para esta cosecha de Pinot Gris.<\/p>\n<p>La botrytis, muy presente a varias parcelas, nos permiti\u00f3 producir un rico cuv\u00e9e con una bella complejidad arom\u00e1tica, marcada por estas notas de frutas confitadas y frutos secos.La acidez todav\u00eda muy presente aporta finura al vino y ofrece unas magn\u00edficas perspectivas de crianza.<\/p>\n","protected":false},"featured_media":21601,"template":"","meta":[],"product_brand":[],"product_cat":[1335],"product_tag":[],"class_list":{"0":"post-21554","1":"product","2":"type-product","3":"status-publish","4":"has-post-thumbnail","6":"product_cat-vino-blanco","8":"first","9":"instock","10":"shipping-taxable","11":"purchasable","12":"product-type-simple"},"yoast_head":"<!-- This site is optimized with the Yoast SEO plugin v27.4 - https:\/\/yoast.com\/product\/yoast-seo-wordpress\/ -->\n<title>Allimant-Laugner Pinot Gris Vendanges tardives - Vins Estela<\/title>\n<meta name=\"robots\" content=\"index, follow, max-snippet:-1, max-image-preview:large, max-video-preview:-1\" \/>\n<link rel=\"canonical\" href=\"https:\/\/vinsestela.com\/producto\/allimant-laugner-pinot-gris-vendanges-tardives\/\" \/>\n<meta property=\"og:locale\" content=\"es_ES\" \/>\n<meta property=\"og:type\" content=\"article\" \/>\n<meta property=\"og:title\" content=\"Allimant-Laugner Pinot Gris Vendanges tardives - Vins Estela\" \/>\n<meta property=\"og:description\" content=\"Un a\u00f1o solar con r\u00e9cords de lluvias escasas, las cosechas 2015 fueron tempranas, marcadas por una buena maduraci\u00f3n de la uva. Las condiciones clim\u00e1ticas tard\u00edas fueron especialmente favorables para la producci\u00f3n de Vendanges Tardives, y esto desde el 29 de septiembre hasta el 14 de octubre para esta cosecha de Pinot Gris.  La botrytis, muy presente a varias parcelas, nos permiti\u00f3 producir un rico cuv\u00e9e con una bella complejidad arom\u00e1tica, marcada por estas notas de frutas confitadas y frutos secos.La acidez todav\u00eda muy presente aporta finura al vino y ofrece unas magn\u00edficas perspectivas de crianza.\" \/>\n<meta property=\"og:url\" content=\"https:\/\/vinsestela.com\/producto\/allimant-laugner-pinot-gris-vendanges-tardives\/\" \/>\n<meta property=\"og:site_name\" content=\"Vins Estela\" \/>\n<meta property=\"article:modified_time\" content=\"2023-07-06T13:55:09+00:00\" \/>\n<meta property=\"og:image\" content=\"https:\/\/vinsestela.com\/wp-content\/uploads\/2023\/05\/5985001.jpg\" \/>\n\t<meta property=\"og:image:width\" content=\"600\" \/>\n\t<meta property=\"og:image:height\" content=\"600\" \/>\n\t<meta property=\"og:image:type\" content=\"image\/jpeg\" \/>\n<meta name=\"twitter:card\" content=\"summary_large_image\" \/>\n<script type=\"application\/ld+json\" class=\"yoast-schema-graph\">{\"@context\":\"https:\\\/\\\/schema.org\",\"@graph\":[{\"@type\":\"WebPage\",\"@id\":\"https:\\\/\\\/vinsestela.com\\\/producto\\\/allimant-laugner-pinot-gris-vendanges-tardives\\\/\",\"url\":\"https:\\\/\\\/vinsestela.com\\\/producto\\\/allimant-laugner-pinot-gris-vendanges-tardives\\\/\",\"name\":\"Allimant-Laugner Pinot Gris Vendanges tardives - Vins Estela\",\"isPartOf\":{\"@id\":\"https:\\\/\\\/vinsestela.com\\\/#website\"},\"primaryImageOfPage\":{\"@id\":\"https:\\\/\\\/vinsestela.com\\\/producto\\\/allimant-laugner-pinot-gris-vendanges-tardives\\\/#primaryimage\"},\"image\":{\"@id\":\"https:\\\/\\\/vinsestela.com\\\/producto\\\/allimant-laugner-pinot-gris-vendanges-tardives\\\/#primaryimage\"},\"thumbnailUrl\":\"https:\\\/\\\/vinsestela.com\\\/wp-content\\\/uploads\\\/2023\\\/05\\\/5985001.jpg\",\"datePublished\":\"2023-05-07T11:35:50+00:00\",\"dateModified\":\"2023-07-06T13:55:09+00:00\",\"breadcrumb\":{\"@id\":\"https:\\\/\\\/vinsestela.com\\\/producto\\\/allimant-laugner-pinot-gris-vendanges-tardives\\\/#breadcrumb\"},\"inLanguage\":\"es\",\"potentialAction\":[{\"@type\":\"ReadAction\",\"target\":[\"https:\\\/\\\/vinsestela.com\\\/producto\\\/allimant-laugner-pinot-gris-vendanges-tardives\\\/\"]}]},{\"@type\":\"ImageObject\",\"inLanguage\":\"es\",\"@id\":\"https:\\\/\\\/vinsestela.com\\\/producto\\\/allimant-laugner-pinot-gris-vendanges-tardives\\\/#primaryimage\",\"url\":\"https:\\\/\\\/vinsestela.com\\\/wp-content\\\/uploads\\\/2023\\\/05\\\/5985001.jpg\",\"contentUrl\":\"https:\\\/\\\/vinsestela.com\\\/wp-content\\\/uploads\\\/2023\\\/05\\\/5985001.jpg\",\"width\":600,\"height\":600},{\"@type\":\"BreadcrumbList\",\"@id\":\"https:\\\/\\\/vinsestela.com\\\/producto\\\/allimant-laugner-pinot-gris-vendanges-tardives\\\/#breadcrumb\",\"itemListElement\":[{\"@type\":\"ListItem\",\"position\":1,\"name\":\"Inici\",\"item\":\"https:\\\/\\\/vinsestela.com\\\/es\\\/\"},{\"@type\":\"ListItem\",\"position\":2,\"name\":\"Productos\",\"item\":\"https:\\\/\\\/vinsestela.com\\\/es\\\/productos\\\/\"},{\"@type\":\"ListItem\",\"position\":3,\"name\":\"Allimant-Laugner Pinot Gris Vendanges tardives\"}]},{\"@type\":\"WebSite\",\"@id\":\"https:\\\/\\\/vinsestela.com\\\/#website\",\"url\":\"https:\\\/\\\/vinsestela.com\\\/\",\"name\":\"Vins Estela\",\"description\":\"Vins Estela, el teu distribuidor de confian\u00e7a\",\"publisher\":{\"@id\":\"https:\\\/\\\/vinsestela.com\\\/#organization\"},\"potentialAction\":[{\"@type\":\"SearchAction\",\"target\":{\"@type\":\"EntryPoint\",\"urlTemplate\":\"https:\\\/\\\/vinsestela.com\\\/?s={search_term_string}\"},\"query-input\":{\"@type\":\"PropertyValueSpecification\",\"valueRequired\":true,\"valueName\":\"search_term_string\"}}],\"inLanguage\":\"es\"},{\"@type\":\"Organization\",\"@id\":\"https:\\\/\\\/vinsestela.com\\\/#organization\",\"name\":\"Vins Estela\",\"url\":\"https:\\\/\\\/vinsestela.com\\\/\",\"logo\":{\"@type\":\"ImageObject\",\"inLanguage\":\"es\",\"@id\":\"https:\\\/\\\/vinsestela.com\\\/#\\\/schema\\\/logo\\\/image\\\/\",\"url\":\"https:\\\/\\\/vinsestela.com\\\/wp-content\\\/uploads\\\/2023\\\/03\\\/cropped-LOGO_VINS_ESTELA-01.png\",\"contentUrl\":\"https:\\\/\\\/vinsestela.com\\\/wp-content\\\/uploads\\\/2023\\\/03\\\/cropped-LOGO_VINS_ESTELA-01.png\",\"width\":485,\"height\":630,\"caption\":\"Vins Estela\"},\"image\":{\"@id\":\"https:\\\/\\\/vinsestela.com\\\/#\\\/schema\\\/logo\\\/image\\\/\"}}]}<\/script>\n<!-- \/ Yoast SEO plugin. -->","yoast_head_json":{"title":"Allimant-Laugner Pinot Gris Vendanges tardives - Vins Estela","robots":{"index":"index","follow":"follow","max-snippet":"max-snippet:-1","max-image-preview":"max-image-preview:large","max-video-preview":"max-video-preview:-1"},"canonical":"https:\/\/vinsestela.com\/producto\/allimant-laugner-pinot-gris-vendanges-tardives\/","og_locale":"es_ES","og_type":"article","og_title":"Allimant-Laugner Pinot Gris Vendanges tardives - Vins Estela","og_description":"Un a\u00f1o solar con r\u00e9cords de lluvias escasas, las cosechas 2015 fueron tempranas, marcadas por una buena maduraci\u00f3n de la uva. Las condiciones clim\u00e1ticas tard\u00edas fueron especialmente favorables para la producci\u00f3n de Vendanges Tardives, y esto desde el 29 de septiembre hasta el 14 de octubre para esta cosecha de Pinot Gris.  La botrytis, muy presente a varias parcelas, nos permiti\u00f3 producir un rico cuv\u00e9e con una bella complejidad arom\u00e1tica, marcada por estas notas de frutas confitadas y frutos secos.La acidez todav\u00eda muy presente aporta finura al vino y ofrece unas magn\u00edficas perspectivas de crianza.","og_url":"https:\/\/vinsestela.com\/producto\/allimant-laugner-pinot-gris-vendanges-tardives\/","og_site_name":"Vins Estela","article_modified_time":"2023-07-06T13:55:09+00:00","og_image":[{"width":600,"height":600,"url":"https:\/\/vinsestela.com\/wp-content\/uploads\/2023\/05\/5985001.jpg","type":"image\/jpeg"}],"twitter_card":"summary_large_image","schema":{"@context":"https:\/\/schema.org","@graph":[{"@type":"WebPage","@id":"https:\/\/vinsestela.com\/producto\/allimant-laugner-pinot-gris-vendanges-tardives\/","url":"https:\/\/vinsestela.com\/producto\/allimant-laugner-pinot-gris-vendanges-tardives\/","name":"Allimant-Laugner Pinot Gris Vendanges tardives - Vins Estela","isPartOf":{"@id":"https:\/\/vinsestela.com\/#website"},"primaryImageOfPage":{"@id":"https:\/\/vinsestela.com\/producto\/allimant-laugner-pinot-gris-vendanges-tardives\/#primaryimage"},"image":{"@id":"https:\/\/vinsestela.com\/producto\/allimant-laugner-pinot-gris-vendanges-tardives\/#primaryimage"},"thumbnailUrl":"https:\/\/vinsestela.com\/wp-content\/uploads\/2023\/05\/5985001.jpg","datePublished":"2023-05-07T11:35:50+00:00","dateModified":"2023-07-06T13:55:09+00:00","breadcrumb":{"@id":"https:\/\/vinsestela.com\/producto\/allimant-laugner-pinot-gris-vendanges-tardives\/#breadcrumb"},"inLanguage":"es","potentialAction":[{"@type":"ReadAction","target":["https:\/\/vinsestela.com\/producto\/allimant-laugner-pinot-gris-vendanges-tardives\/"]}]},{"@type":"ImageObject","inLanguage":"es","@id":"https:\/\/vinsestela.com\/producto\/allimant-laugner-pinot-gris-vendanges-tardives\/#primaryimage","url":"https:\/\/vinsestela.com\/wp-content\/uploads\/2023\/05\/5985001.jpg","contentUrl":"https:\/\/vinsestela.com\/wp-content\/uploads\/2023\/05\/5985001.jpg","width":600,"height":600},{"@type":"BreadcrumbList","@id":"https:\/\/vinsestela.com\/producto\/allimant-laugner-pinot-gris-vendanges-tardives\/#breadcrumb","itemListElement":[{"@type":"ListItem","position":1,"name":"Inici","item":"https:\/\/vinsestela.com\/es\/"},{"@type":"ListItem","position":2,"name":"Productos","item":"https:\/\/vinsestela.com\/es\/productos\/"},{"@type":"ListItem","position":3,"name":"Allimant-Laugner Pinot Gris Vendanges tardives"}]},{"@type":"WebSite","@id":"https:\/\/vinsestela.com\/#website","url":"https:\/\/vinsestela.com\/","name":"Vins Estela","description":"Vins Estela, el teu distribuidor de confian\u00e7a","publisher":{"@id":"https:\/\/vinsestela.com\/#organization"},"potentialAction":[{"@type":"SearchAction","target":{"@type":"EntryPoint","urlTemplate":"https:\/\/vinsestela.com\/?s={search_term_string}"},"query-input":{"@type":"PropertyValueSpecification","valueRequired":true,"valueName":"search_term_string"}}],"inLanguage":"es"},{"@type":"Organization","@id":"https:\/\/vinsestela.com\/#organization","name":"Vins Estela","url":"https:\/\/vinsestela.com\/","logo":{"@type":"ImageObject","inLanguage":"es","@id":"https:\/\/vinsestela.com\/#\/schema\/logo\/image\/","url":"https:\/\/vinsestela.com\/wp-content\/uploads\/2023\/03\/cropped-LOGO_VINS_ESTELA-01.png","contentUrl":"https:\/\/vinsestela.com\/wp-content\/uploads\/2023\/03\/cropped-LOGO_VINS_ESTELA-01.png","width":485,"height":630,"caption":"Vins Estela"},"image":{"@id":"https:\/\/vinsestela.com\/#\/schema\/logo\/image\/"}}]}},"_links":{"self":[{"href":"https:\/\/vinsestela.com\/es\/wp-json\/wp\/v2\/product\/21554","targetHints":{"allow":["GET"]}}],"collection":[{"href":"https:\/\/vinsestela.com\/es\/wp-json\/wp\/v2\/product"}],"about":[{"href":"https:\/\/vinsestela.com\/es\/wp-json\/wp\/v2\/types\/product"}],"wp:featuredmedia":[{"embeddable":true,"href":"https:\/\/vinsestela.com\/es\/wp-json\/wp\/v2\/media\/21601"}],"wp:attachment":[{"href":"https:\/\/vinsestela.com\/es\/wp-json\/wp\/v2\/media?parent=21554"}],"wp:term":[{"taxonomy":"product_brand","embeddable":true,"href":"https:\/\/vinsestela.com\/es\/wp-json\/wp\/v2\/product_brand?post=21554"},{"taxonomy":"product_cat","embeddable":true,"href":"https:\/\/vinsestela.com\/es\/wp-json\/wp\/v2\/product_cat?post=21554"},{"taxonomy":"product_tag","embeddable":true,"href":"https:\/\/vinsestela.com\/es\/wp-json\/wp\/v2\/product_tag?post=21554"}],"curies":[{"name":"wp","href":"https:\/\/api.w.org\/{rel}","templated":true}]}}