{"id":22728,"date":"2023-05-07T13:35:04","date_gmt":"2023-05-07T11:35:04","guid":{"rendered":"https:\/\/vinsestela.com\/product\/wachisnais-clarete\/"},"modified":"2023-05-07T13:35:04","modified_gmt":"2023-05-07T11:35:04","slug":"wachisnais-clarete","status":"publish","type":"product","link":"https:\/\/vinsestela.com\/es\/producto\/wachisnais-clarete\/","title":{"rendered":"Wachisnais Clarete"},"content":{"rendered":"<p>WACHISNAIS representa aquesta paraula per a nomenar all\u00f2 que vols, que desitges, que et sap super ric per\u00f2 que mai et recordes del seu nom. Wachisnais \u00e9s l&#8217;ingredient principal de de la recepta que hi ha a l&#8217;interior de l&#8217;ampolla ademas de vins de negre fi i de albillo major procedents de ribera de duero.<\/p>\n<p><a href=\"https:\/\/www.facebook.com\/Vermut-Wachisnais-889750387762238\">M\u00e1s info: https:\/\/www.facebook.com\/Vermut-Wachisnais-889750387762238<\/a><\/p>\n<p>&nbsp;<\/p>\n","protected":false},"excerpt":{"rendered":"<p>WACHISNAIS representa aquesta paraula per a nomenar all\u00f2 que vols, que desitges, que et sap super ric per\u00f2 que mai et recordes del seu nom. Wachisnais \u00e9s l&#8217;ingredient principal de de la recepta que hi ha a l&#8217;interior de l&#8217;ampolla ademas de vins de negre fi i de albillo major procedents de ribera de duero.<\/p>\n<p>M\u00e1s info: https:\/\/www.facebook.com\/Vermut-Wachisnais-889750387762238<\/p>\n","protected":false},"featured_media":22181,"template":"","meta":[],"product_brand":[],"product_cat":[1373],"product_tag":[],"class_list":{"0":"post-22728","1":"product","2":"type-product","3":"status-publish","4":"has-post-thumbnail","6":"product_cat-vermut-ca","8":"first","9":"instock","10":"shipping-taxable","11":"purchasable","12":"product-type-simple"},"yoast_head":"<!-- This site is optimized with the Yoast SEO plugin v27.4 - https:\/\/yoast.com\/product\/yoast-seo-wordpress\/ -->\n<title>Wachisnais Clarete - Vins Estela<\/title>\n<meta name=\"robots\" content=\"index, follow, max-snippet:-1, max-image-preview:large, max-video-preview:-1\" \/>\n<link rel=\"canonical\" href=\"https:\/\/vinsestela.com\/producte\/wachisnais-clarete\/\" \/>\n<meta property=\"og:locale\" content=\"es_ES\" \/>\n<meta property=\"og:type\" content=\"article\" \/>\n<meta property=\"og:title\" content=\"Wachisnais Clarete - Vins Estela\" \/>\n<meta property=\"og:description\" content=\"WACHISNAIS representa aquesta paraula per a nomenar all\u00f2 que vols, que desitges, que et sap super ric per\u00f2 que mai et recordes del seu nom. Wachisnais \u00e9s l&#039;ingredient principal de de la recepta que hi ha a l&#039;interior de l&#039;ampolla ademas de vins de negre fi i de albillo major procedents de ribera de duero. M\u00e1s info: https:\/\/www.facebook.com\/Vermut-Wachisnais-889750387762238\" \/>\n<meta property=\"og:url\" content=\"https:\/\/vinsestela.com\/producte\/wachisnais-clarete\/\" \/>\n<meta property=\"og:site_name\" content=\"Vins Estela\" \/>\n<meta property=\"og:image\" content=\"https:\/\/vinsestela.com\/wp-content\/uploads\/2023\/05\/5815002.jpg\" \/>\n\t<meta property=\"og:image:width\" content=\"600\" \/>\n\t<meta property=\"og:image:height\" content=\"600\" \/>\n\t<meta property=\"og:image:type\" content=\"image\/jpeg\" \/>\n<meta name=\"twitter:card\" content=\"summary_large_image\" \/>\n<script type=\"application\/ld+json\" class=\"yoast-schema-graph\">{\"@context\":\"https:\\\/\\\/schema.org\",\"@graph\":[{\"@type\":\"WebPage\",\"@id\":\"https:\\\/\\\/vinsestela.com\\\/producte\\\/wachisnais-clarete\\\/\",\"url\":\"https:\\\/\\\/vinsestela.com\\\/producte\\\/wachisnais-clarete\\\/\",\"name\":\"Wachisnais Clarete - Vins Estela\",\"isPartOf\":{\"@id\":\"https:\\\/\\\/vinsestela.com\\\/#website\"},\"primaryImageOfPage\":{\"@id\":\"https:\\\/\\\/vinsestela.com\\\/producte\\\/wachisnais-clarete\\\/#primaryimage\"},\"image\":{\"@id\":\"https:\\\/\\\/vinsestela.com\\\/producte\\\/wachisnais-clarete\\\/#primaryimage\"},\"thumbnailUrl\":\"https:\\\/\\\/vinsestela.com\\\/wp-content\\\/uploads\\\/2023\\\/05\\\/5815002.jpg\",\"datePublished\":\"2023-05-07T11:35:04+00:00\",\"breadcrumb\":{\"@id\":\"https:\\\/\\\/vinsestela.com\\\/producte\\\/wachisnais-clarete\\\/#breadcrumb\"},\"inLanguage\":\"es\",\"potentialAction\":[{\"@type\":\"ReadAction\",\"target\":[\"https:\\\/\\\/vinsestela.com\\\/producte\\\/wachisnais-clarete\\\/\"]}]},{\"@type\":\"ImageObject\",\"inLanguage\":\"es\",\"@id\":\"https:\\\/\\\/vinsestela.com\\\/producte\\\/wachisnais-clarete\\\/#primaryimage\",\"url\":\"https:\\\/\\\/vinsestela.com\\\/wp-content\\\/uploads\\\/2023\\\/05\\\/5815002.jpg\",\"contentUrl\":\"https:\\\/\\\/vinsestela.com\\\/wp-content\\\/uploads\\\/2023\\\/05\\\/5815002.jpg\",\"width\":600,\"height\":600},{\"@type\":\"BreadcrumbList\",\"@id\":\"https:\\\/\\\/vinsestela.com\\\/producte\\\/wachisnais-clarete\\\/#breadcrumb\",\"itemListElement\":[{\"@type\":\"ListItem\",\"position\":1,\"name\":\"Inici\",\"item\":\"https:\\\/\\\/vinsestela.com\\\/es\\\/\"},{\"@type\":\"ListItem\",\"position\":2,\"name\":\"Productos\",\"item\":\"https:\\\/\\\/vinsestela.com\\\/es\\\/productos\\\/\"},{\"@type\":\"ListItem\",\"position\":3,\"name\":\"Wachisnais Clarete\"}]},{\"@type\":\"WebSite\",\"@id\":\"https:\\\/\\\/vinsestela.com\\\/#website\",\"url\":\"https:\\\/\\\/vinsestela.com\\\/\",\"name\":\"Vins Estela\",\"description\":\"Vins Estela, el teu distribuidor de confian\u00e7a\",\"publisher\":{\"@id\":\"https:\\\/\\\/vinsestela.com\\\/#organization\"},\"potentialAction\":[{\"@type\":\"SearchAction\",\"target\":{\"@type\":\"EntryPoint\",\"urlTemplate\":\"https:\\\/\\\/vinsestela.com\\\/?s={search_term_string}\"},\"query-input\":{\"@type\":\"PropertyValueSpecification\",\"valueRequired\":true,\"valueName\":\"search_term_string\"}}],\"inLanguage\":\"es\"},{\"@type\":\"Organization\",\"@id\":\"https:\\\/\\\/vinsestela.com\\\/#organization\",\"name\":\"Vins Estela\",\"url\":\"https:\\\/\\\/vinsestela.com\\\/\",\"logo\":{\"@type\":\"ImageObject\",\"inLanguage\":\"es\",\"@id\":\"https:\\\/\\\/vinsestela.com\\\/#\\\/schema\\\/logo\\\/image\\\/\",\"url\":\"https:\\\/\\\/vinsestela.com\\\/wp-content\\\/uploads\\\/2023\\\/03\\\/cropped-LOGO_VINS_ESTELA-01.png\",\"contentUrl\":\"https:\\\/\\\/vinsestela.com\\\/wp-content\\\/uploads\\\/2023\\\/03\\\/cropped-LOGO_VINS_ESTELA-01.png\",\"width\":485,\"height\":630,\"caption\":\"Vins Estela\"},\"image\":{\"@id\":\"https:\\\/\\\/vinsestela.com\\\/#\\\/schema\\\/logo\\\/image\\\/\"}}]}<\/script>\n<!-- \/ Yoast SEO plugin. -->","yoast_head_json":{"title":"Wachisnais Clarete - Vins Estela","robots":{"index":"index","follow":"follow","max-snippet":"max-snippet:-1","max-image-preview":"max-image-preview:large","max-video-preview":"max-video-preview:-1"},"canonical":"https:\/\/vinsestela.com\/producte\/wachisnais-clarete\/","og_locale":"es_ES","og_type":"article","og_title":"Wachisnais Clarete - Vins Estela","og_description":"WACHISNAIS representa aquesta paraula per a nomenar all\u00f2 que vols, que desitges, que et sap super ric per\u00f2 que mai et recordes del seu nom. Wachisnais \u00e9s l'ingredient principal de de la recepta que hi ha a l'interior de l'ampolla ademas de vins de negre fi i de albillo major procedents de ribera de duero. M\u00e1s info: https:\/\/www.facebook.com\/Vermut-Wachisnais-889750387762238","og_url":"https:\/\/vinsestela.com\/producte\/wachisnais-clarete\/","og_site_name":"Vins Estela","og_image":[{"width":600,"height":600,"url":"https:\/\/vinsestela.com\/wp-content\/uploads\/2023\/05\/5815002.jpg","type":"image\/jpeg"}],"twitter_card":"summary_large_image","schema":{"@context":"https:\/\/schema.org","@graph":[{"@type":"WebPage","@id":"https:\/\/vinsestela.com\/producte\/wachisnais-clarete\/","url":"https:\/\/vinsestela.com\/producte\/wachisnais-clarete\/","name":"Wachisnais Clarete - Vins Estela","isPartOf":{"@id":"https:\/\/vinsestela.com\/#website"},"primaryImageOfPage":{"@id":"https:\/\/vinsestela.com\/producte\/wachisnais-clarete\/#primaryimage"},"image":{"@id":"https:\/\/vinsestela.com\/producte\/wachisnais-clarete\/#primaryimage"},"thumbnailUrl":"https:\/\/vinsestela.com\/wp-content\/uploads\/2023\/05\/5815002.jpg","datePublished":"2023-05-07T11:35:04+00:00","breadcrumb":{"@id":"https:\/\/vinsestela.com\/producte\/wachisnais-clarete\/#breadcrumb"},"inLanguage":"es","potentialAction":[{"@type":"ReadAction","target":["https:\/\/vinsestela.com\/producte\/wachisnais-clarete\/"]}]},{"@type":"ImageObject","inLanguage":"es","@id":"https:\/\/vinsestela.com\/producte\/wachisnais-clarete\/#primaryimage","url":"https:\/\/vinsestela.com\/wp-content\/uploads\/2023\/05\/5815002.jpg","contentUrl":"https:\/\/vinsestela.com\/wp-content\/uploads\/2023\/05\/5815002.jpg","width":600,"height":600},{"@type":"BreadcrumbList","@id":"https:\/\/vinsestela.com\/producte\/wachisnais-clarete\/#breadcrumb","itemListElement":[{"@type":"ListItem","position":1,"name":"Inici","item":"https:\/\/vinsestela.com\/es\/"},{"@type":"ListItem","position":2,"name":"Productos","item":"https:\/\/vinsestela.com\/es\/productos\/"},{"@type":"ListItem","position":3,"name":"Wachisnais Clarete"}]},{"@type":"WebSite","@id":"https:\/\/vinsestela.com\/#website","url":"https:\/\/vinsestela.com\/","name":"Vins Estela","description":"Vins Estela, el teu distribuidor de confian\u00e7a","publisher":{"@id":"https:\/\/vinsestela.com\/#organization"},"potentialAction":[{"@type":"SearchAction","target":{"@type":"EntryPoint","urlTemplate":"https:\/\/vinsestela.com\/?s={search_term_string}"},"query-input":{"@type":"PropertyValueSpecification","valueRequired":true,"valueName":"search_term_string"}}],"inLanguage":"es"},{"@type":"Organization","@id":"https:\/\/vinsestela.com\/#organization","name":"Vins Estela","url":"https:\/\/vinsestela.com\/","logo":{"@type":"ImageObject","inLanguage":"es","@id":"https:\/\/vinsestela.com\/#\/schema\/logo\/image\/","url":"https:\/\/vinsestela.com\/wp-content\/uploads\/2023\/03\/cropped-LOGO_VINS_ESTELA-01.png","contentUrl":"https:\/\/vinsestela.com\/wp-content\/uploads\/2023\/03\/cropped-LOGO_VINS_ESTELA-01.png","width":485,"height":630,"caption":"Vins Estela"},"image":{"@id":"https:\/\/vinsestela.com\/#\/schema\/logo\/image\/"}}]}},"_links":{"self":[{"href":"https:\/\/vinsestela.com\/es\/wp-json\/wp\/v2\/product\/22728","targetHints":{"allow":["GET"]}}],"collection":[{"href":"https:\/\/vinsestela.com\/es\/wp-json\/wp\/v2\/product"}],"about":[{"href":"https:\/\/vinsestela.com\/es\/wp-json\/wp\/v2\/types\/product"}],"wp:featuredmedia":[{"embeddable":true,"href":"https:\/\/vinsestela.com\/es\/wp-json\/wp\/v2\/media\/22181"}],"wp:attachment":[{"href":"https:\/\/vinsestela.com\/es\/wp-json\/wp\/v2\/media?parent=22728"}],"wp:term":[{"taxonomy":"product_brand","embeddable":true,"href":"https:\/\/vinsestela.com\/es\/wp-json\/wp\/v2\/product_brand?post=22728"},{"taxonomy":"product_cat","embeddable":true,"href":"https:\/\/vinsestela.com\/es\/wp-json\/wp\/v2\/product_cat?post=22728"},{"taxonomy":"product_tag","embeddable":true,"href":"https:\/\/vinsestela.com\/es\/wp-json\/wp\/v2\/product_tag?post=22728"}],"curies":[{"name":"wp","href":"https:\/\/api.w.org\/{rel}","templated":true}]}}