{"id":23201,"date":"2023-06-07T11:03:23","date_gmt":"2023-06-07T09:03:23","guid":{"rendered":"https:\/\/vinsestela.com\/?post_type=product&#038;p=23201"},"modified":"2023-06-07T11:03:23","modified_gmt":"2023-06-07T09:03:23","slug":"castell-dor-sparkling","status":"publish","type":"product","link":"https:\/\/vinsestela.com\/es\/producto\/castell-dor-sparkling\/","title":{"rendered":"Castell d&#8217;Or Sparkling"},"content":{"rendered":"","protected":false},"excerpt":{"rendered":"<p>Un espumoso sin alcohol elaborado con la mejor selecci\u00f3n de uva. Refrescante, toques c\u00edtricos y tropicales. En nariz, n<span style=\"font-size: 1rem;\">otas tropicales muy refrescantes con toques de c\u00edtricos. En boca es v<\/span><span style=\"font-size: 1rem;\">ivo y afrutado, tiene un buen equilibrio de acidez y su burbuja, de medida mediana, produce una agradable sensaci\u00f3n en el paladar, post-gusto afrutado, recordando a frutas tropicales y un toque de c\u00edtricos.<\/span><\/p>\n<div class=\"elementor-element elementor-element-49891f0 elementor-position-left animated-slow dc-has-condition dc-condition-empty dce_masking-none elementor-vertical-align-top elementor-widget elementor-widget-image-box animated fadeInUp\" data-id=\"49891f0\" data-element_type=\"widget\" data-settings=\"{&quot;_animation&quot;:&quot;fadeInUp&quot;}\" data-widget_type=\"image-box.default\">\n<div class=\"elementor-widget-container\">\n<div class=\"elementor-image-box-wrapper\"><\/div>\n<\/div>\n<\/div>\n<div class=\"elementor-element elementor-element-58033ba elementor-position-left animated-slow dc-has-condition dc-condition-empty dce_masking-none elementor-vertical-align-top elementor-widget elementor-widget-image-box animated fadeInUp\" data-id=\"58033ba\" data-element_type=\"widget\" data-settings=\"{&quot;_animation&quot;:&quot;fadeInUp&quot;}\" data-widget_type=\"image-box.default\">\n<div class=\"elementor-widget-container\">\n<div class=\"elementor-image-box-wrapper\"><\/div>\n<\/div>\n<\/div>\n","protected":false},"featured_media":23202,"template":"","meta":[],"product_brand":[],"product_cat":[1054],"product_tag":[],"class_list":{"0":"post-23201","1":"product","2":"type-product","3":"status-publish","4":"has-post-thumbnail","6":"product_cat-espumoso-2","8":"first","9":"instock","10":"shipping-taxable","11":"product-type-simple"},"yoast_head":"<!-- This site is optimized with the Yoast SEO plugin v27.4 - https:\/\/yoast.com\/product\/yoast-seo-wordpress\/ -->\n<title>Castell d&#039;Or Sparkling - Vins Estela<\/title>\n<meta name=\"robots\" content=\"index, follow, max-snippet:-1, max-image-preview:large, max-video-preview:-1\" \/>\n<link rel=\"canonical\" href=\"https:\/\/vinsestela.com\/producto\/castell-dor-sparkling\/\" \/>\n<meta property=\"og:locale\" content=\"es_ES\" \/>\n<meta property=\"og:type\" content=\"article\" \/>\n<meta property=\"og:title\" content=\"Castell d&#039;Or Sparkling - Vins Estela\" \/>\n<meta property=\"og:description\" content=\"Un espumoso sin alcohol elaborado con la mejor selecci\u00f3n de uva. Refrescante, toques c\u00edtricos y tropicales. En nariz, notas tropicales muy refrescantes con toques de c\u00edtricos. En boca es vivo y afrutado, tiene un buen equilibrio de acidez y su burbuja, de medida mediana, produce una agradable sensaci\u00f3n en el paladar, post-gusto afrutado, recordando a frutas tropicales y un toque de c\u00edtricos.\" \/>\n<meta property=\"og:url\" content=\"https:\/\/vinsestela.com\/producto\/castell-dor-sparkling\/\" \/>\n<meta property=\"og:site_name\" content=\"Vins Estela\" \/>\n<meta property=\"og:image\" content=\"https:\/\/vinsestela.com\/wp-content\/uploads\/2023\/06\/ComprarCastelldOrSparkling_Mesa-de-trabajo-1.png\" \/>\n\t<meta property=\"og:image:width\" content=\"3334\" \/>\n\t<meta property=\"og:image:height\" content=\"3334\" \/>\n\t<meta property=\"og:image:type\" content=\"image\/png\" \/>\n<meta name=\"twitter:card\" content=\"summary_large_image\" \/>\n<script type=\"application\/ld+json\" class=\"yoast-schema-graph\">{\"@context\":\"https:\\\/\\\/schema.org\",\"@graph\":[{\"@type\":\"WebPage\",\"@id\":\"https:\\\/\\\/vinsestela.com\\\/producto\\\/castell-dor-sparkling\\\/\",\"url\":\"https:\\\/\\\/vinsestela.com\\\/producto\\\/castell-dor-sparkling\\\/\",\"name\":\"Castell d'Or Sparkling - Vins Estela\",\"isPartOf\":{\"@id\":\"https:\\\/\\\/vinsestela.com\\\/#website\"},\"primaryImageOfPage\":{\"@id\":\"https:\\\/\\\/vinsestela.com\\\/producto\\\/castell-dor-sparkling\\\/#primaryimage\"},\"image\":{\"@id\":\"https:\\\/\\\/vinsestela.com\\\/producto\\\/castell-dor-sparkling\\\/#primaryimage\"},\"thumbnailUrl\":\"https:\\\/\\\/vinsestela.com\\\/wp-content\\\/uploads\\\/2023\\\/06\\\/ComprarCastelldOrSparkling_Mesa-de-trabajo-1.png\",\"datePublished\":\"2023-06-07T09:03:23+00:00\",\"breadcrumb\":{\"@id\":\"https:\\\/\\\/vinsestela.com\\\/producto\\\/castell-dor-sparkling\\\/#breadcrumb\"},\"inLanguage\":\"es\",\"potentialAction\":[{\"@type\":\"ReadAction\",\"target\":[\"https:\\\/\\\/vinsestela.com\\\/producto\\\/castell-dor-sparkling\\\/\"]}]},{\"@type\":\"ImageObject\",\"inLanguage\":\"es\",\"@id\":\"https:\\\/\\\/vinsestela.com\\\/producto\\\/castell-dor-sparkling\\\/#primaryimage\",\"url\":\"https:\\\/\\\/vinsestela.com\\\/wp-content\\\/uploads\\\/2023\\\/06\\\/ComprarCastelldOrSparkling_Mesa-de-trabajo-1.png\",\"contentUrl\":\"https:\\\/\\\/vinsestela.com\\\/wp-content\\\/uploads\\\/2023\\\/06\\\/ComprarCastelldOrSparkling_Mesa-de-trabajo-1.png\",\"width\":3334,\"height\":3334},{\"@type\":\"BreadcrumbList\",\"@id\":\"https:\\\/\\\/vinsestela.com\\\/producto\\\/castell-dor-sparkling\\\/#breadcrumb\",\"itemListElement\":[{\"@type\":\"ListItem\",\"position\":1,\"name\":\"Inici\",\"item\":\"https:\\\/\\\/vinsestela.com\\\/es\\\/\"},{\"@type\":\"ListItem\",\"position\":2,\"name\":\"Productos\",\"item\":\"https:\\\/\\\/vinsestela.com\\\/es\\\/productos\\\/\"},{\"@type\":\"ListItem\",\"position\":3,\"name\":\"Castell d&#8217;Or Sparkling\"}]},{\"@type\":\"WebSite\",\"@id\":\"https:\\\/\\\/vinsestela.com\\\/#website\",\"url\":\"https:\\\/\\\/vinsestela.com\\\/\",\"name\":\"Vins Estela\",\"description\":\"Vins Estela, el teu distribuidor de confian\u00e7a\",\"publisher\":{\"@id\":\"https:\\\/\\\/vinsestela.com\\\/#organization\"},\"potentialAction\":[{\"@type\":\"SearchAction\",\"target\":{\"@type\":\"EntryPoint\",\"urlTemplate\":\"https:\\\/\\\/vinsestela.com\\\/?s={search_term_string}\"},\"query-input\":{\"@type\":\"PropertyValueSpecification\",\"valueRequired\":true,\"valueName\":\"search_term_string\"}}],\"inLanguage\":\"es\"},{\"@type\":\"Organization\",\"@id\":\"https:\\\/\\\/vinsestela.com\\\/#organization\",\"name\":\"Vins Estela\",\"url\":\"https:\\\/\\\/vinsestela.com\\\/\",\"logo\":{\"@type\":\"ImageObject\",\"inLanguage\":\"es\",\"@id\":\"https:\\\/\\\/vinsestela.com\\\/#\\\/schema\\\/logo\\\/image\\\/\",\"url\":\"https:\\\/\\\/vinsestela.com\\\/wp-content\\\/uploads\\\/2023\\\/03\\\/cropped-LOGO_VINS_ESTELA-01.png\",\"contentUrl\":\"https:\\\/\\\/vinsestela.com\\\/wp-content\\\/uploads\\\/2023\\\/03\\\/cropped-LOGO_VINS_ESTELA-01.png\",\"width\":485,\"height\":630,\"caption\":\"Vins Estela\"},\"image\":{\"@id\":\"https:\\\/\\\/vinsestela.com\\\/#\\\/schema\\\/logo\\\/image\\\/\"}}]}<\/script>\n<!-- \/ Yoast SEO plugin. -->","yoast_head_json":{"title":"Castell d'Or Sparkling - Vins Estela","robots":{"index":"index","follow":"follow","max-snippet":"max-snippet:-1","max-image-preview":"max-image-preview:large","max-video-preview":"max-video-preview:-1"},"canonical":"https:\/\/vinsestela.com\/producto\/castell-dor-sparkling\/","og_locale":"es_ES","og_type":"article","og_title":"Castell d'Or Sparkling - Vins Estela","og_description":"Un espumoso sin alcohol elaborado con la mejor selecci\u00f3n de uva. Refrescante, toques c\u00edtricos y tropicales. En nariz, notas tropicales muy refrescantes con toques de c\u00edtricos. En boca es vivo y afrutado, tiene un buen equilibrio de acidez y su burbuja, de medida mediana, produce una agradable sensaci\u00f3n en el paladar, post-gusto afrutado, recordando a frutas tropicales y un toque de c\u00edtricos.","og_url":"https:\/\/vinsestela.com\/producto\/castell-dor-sparkling\/","og_site_name":"Vins Estela","og_image":[{"width":3334,"height":3334,"url":"https:\/\/vinsestela.com\/wp-content\/uploads\/2023\/06\/ComprarCastelldOrSparkling_Mesa-de-trabajo-1.png","type":"image\/png"}],"twitter_card":"summary_large_image","schema":{"@context":"https:\/\/schema.org","@graph":[{"@type":"WebPage","@id":"https:\/\/vinsestela.com\/producto\/castell-dor-sparkling\/","url":"https:\/\/vinsestela.com\/producto\/castell-dor-sparkling\/","name":"Castell d'Or Sparkling - Vins Estela","isPartOf":{"@id":"https:\/\/vinsestela.com\/#website"},"primaryImageOfPage":{"@id":"https:\/\/vinsestela.com\/producto\/castell-dor-sparkling\/#primaryimage"},"image":{"@id":"https:\/\/vinsestela.com\/producto\/castell-dor-sparkling\/#primaryimage"},"thumbnailUrl":"https:\/\/vinsestela.com\/wp-content\/uploads\/2023\/06\/ComprarCastelldOrSparkling_Mesa-de-trabajo-1.png","datePublished":"2023-06-07T09:03:23+00:00","breadcrumb":{"@id":"https:\/\/vinsestela.com\/producto\/castell-dor-sparkling\/#breadcrumb"},"inLanguage":"es","potentialAction":[{"@type":"ReadAction","target":["https:\/\/vinsestela.com\/producto\/castell-dor-sparkling\/"]}]},{"@type":"ImageObject","inLanguage":"es","@id":"https:\/\/vinsestela.com\/producto\/castell-dor-sparkling\/#primaryimage","url":"https:\/\/vinsestela.com\/wp-content\/uploads\/2023\/06\/ComprarCastelldOrSparkling_Mesa-de-trabajo-1.png","contentUrl":"https:\/\/vinsestela.com\/wp-content\/uploads\/2023\/06\/ComprarCastelldOrSparkling_Mesa-de-trabajo-1.png","width":3334,"height":3334},{"@type":"BreadcrumbList","@id":"https:\/\/vinsestela.com\/producto\/castell-dor-sparkling\/#breadcrumb","itemListElement":[{"@type":"ListItem","position":1,"name":"Inici","item":"https:\/\/vinsestela.com\/es\/"},{"@type":"ListItem","position":2,"name":"Productos","item":"https:\/\/vinsestela.com\/es\/productos\/"},{"@type":"ListItem","position":3,"name":"Castell d&#8217;Or Sparkling"}]},{"@type":"WebSite","@id":"https:\/\/vinsestela.com\/#website","url":"https:\/\/vinsestela.com\/","name":"Vins Estela","description":"Vins Estela, el teu distribuidor de confian\u00e7a","publisher":{"@id":"https:\/\/vinsestela.com\/#organization"},"potentialAction":[{"@type":"SearchAction","target":{"@type":"EntryPoint","urlTemplate":"https:\/\/vinsestela.com\/?s={search_term_string}"},"query-input":{"@type":"PropertyValueSpecification","valueRequired":true,"valueName":"search_term_string"}}],"inLanguage":"es"},{"@type":"Organization","@id":"https:\/\/vinsestela.com\/#organization","name":"Vins Estela","url":"https:\/\/vinsestela.com\/","logo":{"@type":"ImageObject","inLanguage":"es","@id":"https:\/\/vinsestela.com\/#\/schema\/logo\/image\/","url":"https:\/\/vinsestela.com\/wp-content\/uploads\/2023\/03\/cropped-LOGO_VINS_ESTELA-01.png","contentUrl":"https:\/\/vinsestela.com\/wp-content\/uploads\/2023\/03\/cropped-LOGO_VINS_ESTELA-01.png","width":485,"height":630,"caption":"Vins Estela"},"image":{"@id":"https:\/\/vinsestela.com\/#\/schema\/logo\/image\/"}}]}},"_links":{"self":[{"href":"https:\/\/vinsestela.com\/es\/wp-json\/wp\/v2\/product\/23201","targetHints":{"allow":["GET"]}}],"collection":[{"href":"https:\/\/vinsestela.com\/es\/wp-json\/wp\/v2\/product"}],"about":[{"href":"https:\/\/vinsestela.com\/es\/wp-json\/wp\/v2\/types\/product"}],"wp:featuredmedia":[{"embeddable":true,"href":"https:\/\/vinsestela.com\/es\/wp-json\/wp\/v2\/media\/23202"}],"wp:attachment":[{"href":"https:\/\/vinsestela.com\/es\/wp-json\/wp\/v2\/media?parent=23201"}],"wp:term":[{"taxonomy":"product_brand","embeddable":true,"href":"https:\/\/vinsestela.com\/es\/wp-json\/wp\/v2\/product_brand?post=23201"},{"taxonomy":"product_cat","embeddable":true,"href":"https:\/\/vinsestela.com\/es\/wp-json\/wp\/v2\/product_cat?post=23201"},{"taxonomy":"product_tag","embeddable":true,"href":"https:\/\/vinsestela.com\/es\/wp-json\/wp\/v2\/product_tag?post=23201"}],"curies":[{"name":"wp","href":"https:\/\/api.w.org\/{rel}","templated":true}]}}