{"id":23371,"date":"2023-06-16T11:28:33","date_gmt":"2023-06-16T09:28:33","guid":{"rendered":"https:\/\/vinsestela.com\/?post_type=product&#038;p=23371"},"modified":"2023-06-16T11:28:34","modified_gmt":"2023-06-16T09:28:34","slug":"baltasar-gracian-vinas-viejas","status":"publish","type":"product","link":"https:\/\/vinsestela.com\/es\/producto\/baltasar-gracian-vinas-viejas\/","title":{"rendered":"Baltasar Graci\u00e1n Vi\u00f1as Viejas"},"content":{"rendered":"","protected":false},"excerpt":{"rendered":"<div id=\"fws_648c2a712b5dd\" class=\"wpb_row vc_row-fluid vc_row standard_section \" data-midnight=\"dark\" data-bg-mobile-hidden=\"\">\n<div class=\"col span_12 dark left\">\n<div class=\"vc_col-sm-12 wpb_column column_container vc_column_container col no-extra-padding instance-3\" data-t-w-inherits=\"default\" data-border-radius=\"none\" data-shadow=\"none\" data-border-animation=\"\" data-border-animation-delay=\"\" data-border-width=\"none\" data-border-style=\"solid\" data-border-color=\"\" data-bg-cover=\"\" data-padding-pos=\"all\" data-has-bg-color=\"false\" data-bg-color=\"\" data-bg-opacity=\"1\" data-hover-bg=\"\" data-hover-bg-opacity=\"1\" data-animation=\"\" data-delay=\"0\">\n<div class=\"vc_column-inner\">\n<div class=\"wpb_wrapper\">\n<div class=\"iwithtext\">\n<div class=\"iwt-text\">Aromas a frutas del bosque y frutos rojos que nos transportan al vi\u00f1edo de monta\u00f1a donde se asientan los viejos vi\u00f1edos de Garnacha. Acompa\u00f1an sutiles tonos de madera, junto con aromas bals\u00e1micos y minerales.<\/div>\n<\/div>\n<\/div>\n<\/div>\n<\/div>\n<\/div>\n<\/div>\n<div id=\"fws_648c2a712bfa0\" class=\"wpb_row vc_row-fluid vc_row standard_section \" data-midnight=\"dark\" data-bg-mobile-hidden=\"\">\n<div class=\"col span_12 dark left\">\n<div class=\"vc_col-sm-12 wpb_column column_container vc_column_container col no-extra-padding instance-4\" data-t-w-inherits=\"default\" data-border-radius=\"none\" data-shadow=\"none\" data-border-animation=\"\" data-border-animation-delay=\"\" data-border-width=\"none\" data-border-style=\"solid\" data-border-color=\"\" data-bg-cover=\"\" data-padding-pos=\"all\" data-has-bg-color=\"false\" data-bg-color=\"\" data-bg-opacity=\"1\" data-hover-bg=\"\" data-hover-bg-opacity=\"1\" data-animation=\"\" data-delay=\"0\">\n<div class=\"vc_column-inner\">\n<div class=\"wpb_wrapper\">\n<div class=\"iwithtext\">\n<div class=\"iwt-text\">Su excelente equilibrio entre alcohol y acidez lo hace agradable, elegante, bals\u00e1mico, suave y fresco en el paladar.<\/div>\n<\/div>\n<\/div>\n<\/div>\n<\/div>\n<\/div>\n<\/div>\n","protected":false},"featured_media":23372,"template":"","meta":[],"product_brand":[],"product_cat":[1334],"product_tag":[],"class_list":{"0":"post-23371","1":"product","2":"type-product","3":"status-publish","4":"has-post-thumbnail","6":"product_cat-vino-tinto","8":"first","9":"instock","10":"shipping-taxable","11":"product-type-simple"},"yoast_head":"<!-- This site is optimized with the Yoast SEO plugin v27.4 - https:\/\/yoast.com\/product\/yoast-seo-wordpress\/ -->\n<title>Baltasar Graci\u00e1n Vi\u00f1as Viejas - Vins Estela<\/title>\n<meta name=\"robots\" content=\"index, follow, max-snippet:-1, max-image-preview:large, max-video-preview:-1\" \/>\n<link rel=\"canonical\" href=\"https:\/\/vinsestela.com\/producto\/baltasar-gracian-vinyes-velles\/\" \/>\n<meta property=\"og:locale\" content=\"es_ES\" \/>\n<meta property=\"og:type\" content=\"article\" \/>\n<meta property=\"og:title\" content=\"Baltasar Graci\u00e1n Vi\u00f1as Viejas - Vins Estela\" \/>\n<meta property=\"og:description\" content=\"Aromas a frutas del bosque y frutos rojos que nos transportan al vi\u00f1edo de monta\u00f1a donde se asientan los viejos vi\u00f1edos de Garnacha. Acompa\u00f1an sutiles tonos de madera, junto con aromas bals\u00e1micos y minerales.             Su excelente equilibrio entre alcohol y acidez lo hace agradable, elegante, bals\u00e1mico, suave y fresco en el paladar.\" \/>\n<meta property=\"og:url\" content=\"https:\/\/vinsestela.com\/producto\/baltasar-gracian-vinyes-velles\/\" \/>\n<meta property=\"og:site_name\" content=\"Vins Estela\" \/>\n<meta property=\"article:modified_time\" content=\"2023-06-16T09:28:34+00:00\" \/>\n<meta property=\"og:image\" content=\"https:\/\/vinsestela.com\/wp-content\/uploads\/2023\/06\/ComprarBaltasarGracianVinasViejas_Mesa-de-trabajo-1.png\" \/>\n\t<meta property=\"og:image:width\" content=\"3334\" \/>\n\t<meta property=\"og:image:height\" content=\"3334\" \/>\n\t<meta property=\"og:image:type\" content=\"image\/png\" \/>\n<meta name=\"twitter:card\" content=\"summary_large_image\" \/>\n<script type=\"application\/ld+json\" class=\"yoast-schema-graph\">{\"@context\":\"https:\\\/\\\/schema.org\",\"@graph\":[{\"@type\":\"WebPage\",\"@id\":\"https:\\\/\\\/vinsestela.com\\\/producto\\\/baltasar-gracian-vinyes-velles\\\/\",\"url\":\"https:\\\/\\\/vinsestela.com\\\/producto\\\/baltasar-gracian-vinyes-velles\\\/\",\"name\":\"Baltasar Graci\u00e1n Vi\u00f1as Viejas - Vins Estela\",\"isPartOf\":{\"@id\":\"https:\\\/\\\/vinsestela.com\\\/#website\"},\"primaryImageOfPage\":{\"@id\":\"https:\\\/\\\/vinsestela.com\\\/producto\\\/baltasar-gracian-vinyes-velles\\\/#primaryimage\"},\"image\":{\"@id\":\"https:\\\/\\\/vinsestela.com\\\/producto\\\/baltasar-gracian-vinyes-velles\\\/#primaryimage\"},\"thumbnailUrl\":\"https:\\\/\\\/vinsestela.com\\\/wp-content\\\/uploads\\\/2023\\\/06\\\/ComprarBaltasarGracianVinasViejas_Mesa-de-trabajo-1.png\",\"datePublished\":\"2023-06-16T09:28:33+00:00\",\"dateModified\":\"2023-06-16T09:28:34+00:00\",\"breadcrumb\":{\"@id\":\"https:\\\/\\\/vinsestela.com\\\/producto\\\/baltasar-gracian-vinyes-velles\\\/#breadcrumb\"},\"inLanguage\":\"es\",\"potentialAction\":[{\"@type\":\"ReadAction\",\"target\":[\"https:\\\/\\\/vinsestela.com\\\/producto\\\/baltasar-gracian-vinyes-velles\\\/\"]}]},{\"@type\":\"ImageObject\",\"inLanguage\":\"es\",\"@id\":\"https:\\\/\\\/vinsestela.com\\\/producto\\\/baltasar-gracian-vinyes-velles\\\/#primaryimage\",\"url\":\"https:\\\/\\\/vinsestela.com\\\/wp-content\\\/uploads\\\/2023\\\/06\\\/ComprarBaltasarGracianVinasViejas_Mesa-de-trabajo-1.png\",\"contentUrl\":\"https:\\\/\\\/vinsestela.com\\\/wp-content\\\/uploads\\\/2023\\\/06\\\/ComprarBaltasarGracianVinasViejas_Mesa-de-trabajo-1.png\",\"width\":3334,\"height\":3334},{\"@type\":\"BreadcrumbList\",\"@id\":\"https:\\\/\\\/vinsestela.com\\\/producto\\\/baltasar-gracian-vinyes-velles\\\/#breadcrumb\",\"itemListElement\":[{\"@type\":\"ListItem\",\"position\":1,\"name\":\"Inici\",\"item\":\"https:\\\/\\\/vinsestela.com\\\/es\\\/\"},{\"@type\":\"ListItem\",\"position\":2,\"name\":\"Productos\",\"item\":\"https:\\\/\\\/vinsestela.com\\\/es\\\/productos\\\/\"},{\"@type\":\"ListItem\",\"position\":3,\"name\":\"Baltasar Graci\u00e1n Vi\u00f1as Viejas\"}]},{\"@type\":\"WebSite\",\"@id\":\"https:\\\/\\\/vinsestela.com\\\/#website\",\"url\":\"https:\\\/\\\/vinsestela.com\\\/\",\"name\":\"Vins Estela\",\"description\":\"Vins Estela, el teu distribuidor de confian\u00e7a\",\"publisher\":{\"@id\":\"https:\\\/\\\/vinsestela.com\\\/#organization\"},\"potentialAction\":[{\"@type\":\"SearchAction\",\"target\":{\"@type\":\"EntryPoint\",\"urlTemplate\":\"https:\\\/\\\/vinsestela.com\\\/?s={search_term_string}\"},\"query-input\":{\"@type\":\"PropertyValueSpecification\",\"valueRequired\":true,\"valueName\":\"search_term_string\"}}],\"inLanguage\":\"es\"},{\"@type\":\"Organization\",\"@id\":\"https:\\\/\\\/vinsestela.com\\\/#organization\",\"name\":\"Vins Estela\",\"url\":\"https:\\\/\\\/vinsestela.com\\\/\",\"logo\":{\"@type\":\"ImageObject\",\"inLanguage\":\"es\",\"@id\":\"https:\\\/\\\/vinsestela.com\\\/#\\\/schema\\\/logo\\\/image\\\/\",\"url\":\"https:\\\/\\\/vinsestela.com\\\/wp-content\\\/uploads\\\/2023\\\/03\\\/cropped-LOGO_VINS_ESTELA-01.png\",\"contentUrl\":\"https:\\\/\\\/vinsestela.com\\\/wp-content\\\/uploads\\\/2023\\\/03\\\/cropped-LOGO_VINS_ESTELA-01.png\",\"width\":485,\"height\":630,\"caption\":\"Vins Estela\"},\"image\":{\"@id\":\"https:\\\/\\\/vinsestela.com\\\/#\\\/schema\\\/logo\\\/image\\\/\"}}]}<\/script>\n<!-- \/ Yoast SEO plugin. -->","yoast_head_json":{"title":"Baltasar Graci\u00e1n Vi\u00f1as Viejas - Vins Estela","robots":{"index":"index","follow":"follow","max-snippet":"max-snippet:-1","max-image-preview":"max-image-preview:large","max-video-preview":"max-video-preview:-1"},"canonical":"https:\/\/vinsestela.com\/producto\/baltasar-gracian-vinyes-velles\/","og_locale":"es_ES","og_type":"article","og_title":"Baltasar Graci\u00e1n Vi\u00f1as Viejas - Vins Estela","og_description":"Aromas a frutas del bosque y frutos rojos que nos transportan al vi\u00f1edo de monta\u00f1a donde se asientan los viejos vi\u00f1edos de Garnacha. Acompa\u00f1an sutiles tonos de madera, junto con aromas bals\u00e1micos y minerales.             Su excelente equilibrio entre alcohol y acidez lo hace agradable, elegante, bals\u00e1mico, suave y fresco en el paladar.","og_url":"https:\/\/vinsestela.com\/producto\/baltasar-gracian-vinyes-velles\/","og_site_name":"Vins Estela","article_modified_time":"2023-06-16T09:28:34+00:00","og_image":[{"width":3334,"height":3334,"url":"https:\/\/vinsestela.com\/wp-content\/uploads\/2023\/06\/ComprarBaltasarGracianVinasViejas_Mesa-de-trabajo-1.png","type":"image\/png"}],"twitter_card":"summary_large_image","schema":{"@context":"https:\/\/schema.org","@graph":[{"@type":"WebPage","@id":"https:\/\/vinsestela.com\/producto\/baltasar-gracian-vinyes-velles\/","url":"https:\/\/vinsestela.com\/producto\/baltasar-gracian-vinyes-velles\/","name":"Baltasar Graci\u00e1n Vi\u00f1as Viejas - Vins Estela","isPartOf":{"@id":"https:\/\/vinsestela.com\/#website"},"primaryImageOfPage":{"@id":"https:\/\/vinsestela.com\/producto\/baltasar-gracian-vinyes-velles\/#primaryimage"},"image":{"@id":"https:\/\/vinsestela.com\/producto\/baltasar-gracian-vinyes-velles\/#primaryimage"},"thumbnailUrl":"https:\/\/vinsestela.com\/wp-content\/uploads\/2023\/06\/ComprarBaltasarGracianVinasViejas_Mesa-de-trabajo-1.png","datePublished":"2023-06-16T09:28:33+00:00","dateModified":"2023-06-16T09:28:34+00:00","breadcrumb":{"@id":"https:\/\/vinsestela.com\/producto\/baltasar-gracian-vinyes-velles\/#breadcrumb"},"inLanguage":"es","potentialAction":[{"@type":"ReadAction","target":["https:\/\/vinsestela.com\/producto\/baltasar-gracian-vinyes-velles\/"]}]},{"@type":"ImageObject","inLanguage":"es","@id":"https:\/\/vinsestela.com\/producto\/baltasar-gracian-vinyes-velles\/#primaryimage","url":"https:\/\/vinsestela.com\/wp-content\/uploads\/2023\/06\/ComprarBaltasarGracianVinasViejas_Mesa-de-trabajo-1.png","contentUrl":"https:\/\/vinsestela.com\/wp-content\/uploads\/2023\/06\/ComprarBaltasarGracianVinasViejas_Mesa-de-trabajo-1.png","width":3334,"height":3334},{"@type":"BreadcrumbList","@id":"https:\/\/vinsestela.com\/producto\/baltasar-gracian-vinyes-velles\/#breadcrumb","itemListElement":[{"@type":"ListItem","position":1,"name":"Inici","item":"https:\/\/vinsestela.com\/es\/"},{"@type":"ListItem","position":2,"name":"Productos","item":"https:\/\/vinsestela.com\/es\/productos\/"},{"@type":"ListItem","position":3,"name":"Baltasar Graci\u00e1n Vi\u00f1as Viejas"}]},{"@type":"WebSite","@id":"https:\/\/vinsestela.com\/#website","url":"https:\/\/vinsestela.com\/","name":"Vins Estela","description":"Vins Estela, el teu distribuidor de confian\u00e7a","publisher":{"@id":"https:\/\/vinsestela.com\/#organization"},"potentialAction":[{"@type":"SearchAction","target":{"@type":"EntryPoint","urlTemplate":"https:\/\/vinsestela.com\/?s={search_term_string}"},"query-input":{"@type":"PropertyValueSpecification","valueRequired":true,"valueName":"search_term_string"}}],"inLanguage":"es"},{"@type":"Organization","@id":"https:\/\/vinsestela.com\/#organization","name":"Vins Estela","url":"https:\/\/vinsestela.com\/","logo":{"@type":"ImageObject","inLanguage":"es","@id":"https:\/\/vinsestela.com\/#\/schema\/logo\/image\/","url":"https:\/\/vinsestela.com\/wp-content\/uploads\/2023\/03\/cropped-LOGO_VINS_ESTELA-01.png","contentUrl":"https:\/\/vinsestela.com\/wp-content\/uploads\/2023\/03\/cropped-LOGO_VINS_ESTELA-01.png","width":485,"height":630,"caption":"Vins Estela"},"image":{"@id":"https:\/\/vinsestela.com\/#\/schema\/logo\/image\/"}}]}},"_links":{"self":[{"href":"https:\/\/vinsestela.com\/es\/wp-json\/wp\/v2\/product\/23371","targetHints":{"allow":["GET"]}}],"collection":[{"href":"https:\/\/vinsestela.com\/es\/wp-json\/wp\/v2\/product"}],"about":[{"href":"https:\/\/vinsestela.com\/es\/wp-json\/wp\/v2\/types\/product"}],"wp:featuredmedia":[{"embeddable":true,"href":"https:\/\/vinsestela.com\/es\/wp-json\/wp\/v2\/media\/23372"}],"wp:attachment":[{"href":"https:\/\/vinsestela.com\/es\/wp-json\/wp\/v2\/media?parent=23371"}],"wp:term":[{"taxonomy":"product_brand","embeddable":true,"href":"https:\/\/vinsestela.com\/es\/wp-json\/wp\/v2\/product_brand?post=23371"},{"taxonomy":"product_cat","embeddable":true,"href":"https:\/\/vinsestela.com\/es\/wp-json\/wp\/v2\/product_cat?post=23371"},{"taxonomy":"product_tag","embeddable":true,"href":"https:\/\/vinsestela.com\/es\/wp-json\/wp\/v2\/product_tag?post=23371"}],"curies":[{"name":"wp","href":"https:\/\/api.w.org\/{rel}","templated":true}]}}