{"id":23482,"date":"2023-06-20T12:27:52","date_gmt":"2023-06-20T10:27:52","guid":{"rendered":"https:\/\/vinsestela.com\/?post_type=product&#038;p=23482"},"modified":"2023-06-20T12:27:53","modified_gmt":"2023-06-20T10:27:53","slug":"fondillon-1996","status":"publish","type":"product","link":"https:\/\/vinsestela.com\/es\/producto\/fondillon-1996\/","title":{"rendered":"Fondill\u00f3n 1996"},"content":{"rendered":"","protected":false},"excerpt":{"rendered":"<p>Seg\u00fan se recoge en el registro de la Uni\u00f3n Europea, el Fondill\u00f3n es un vino de la DOP Vinos Alicante, procedente de uvas sobremaduradas en la propia cepa de la variedad Monastrell, en condiciones excepcionales de calidad y estado fisiol\u00f3gico. En la fermentaci\u00f3n solo se usan levaduras aut\u00f3ctonas y su grado alcoh\u00f3lico es de origen natural (no fortificado o encabezado). Este vino requiere un envejecimiento m\u00ednimo de diez a\u00f1os en toneles de roble. Se trata de un vino amparado por la Denominaci\u00f3n de Origen Protegida Vinos de Alicante, es uno de los pocos vinos del mundo con nombre propio, y est\u00e1 protegido y reconocido por la Uni\u00f3n Europea como uno de los \u201cvinos de lujo europeos\u201d, categor\u00eda solo compartida con Jerez, Burdeos, Oporto y Champagne.<\/p>\n","protected":false},"featured_media":23484,"template":"","meta":[],"product_brand":[],"product_cat":[1712],"product_tag":[],"class_list":{"0":"post-23482","1":"product","2":"type-product","3":"status-publish","4":"has-post-thumbnail","6":"product_cat-fondillon","8":"first","9":"instock","10":"shipping-taxable","11":"product-type-simple"},"yoast_head":"<!-- This site is optimized with the Yoast SEO plugin v27.4 - https:\/\/yoast.com\/product\/yoast-seo-wordpress\/ -->\n<title>Fondill\u00f3n 1996 - Vins Estela<\/title>\n<meta name=\"robots\" content=\"index, follow, max-snippet:-1, max-image-preview:large, max-video-preview:-1\" \/>\n<link rel=\"canonical\" href=\"https:\/\/vinsestela.com\/producto\/fondillon-1996\/\" \/>\n<meta property=\"og:locale\" content=\"es_ES\" \/>\n<meta property=\"og:type\" content=\"article\" \/>\n<meta property=\"og:title\" content=\"Fondill\u00f3n 1996 - Vins Estela\" \/>\n<meta property=\"og:description\" content=\"Seg\u00fan se recoge en el registro de la Uni\u00f3n Europea, el Fondill\u00f3n es un vino de la DOP Vinos Alicante, procedente de uvas sobremaduradas en la propia cepa de la variedad Monastrell, en condiciones excepcionales de calidad y estado fisiol\u00f3gico. En la fermentaci\u00f3n solo se usan levaduras aut\u00f3ctonas y su grado alcoh\u00f3lico es de origen natural (no fortificado o encabezado). Este vino requiere un envejecimiento m\u00ednimo de diez a\u00f1os en toneles de roble. Se trata de un vino amparado por la Denominaci\u00f3n de Origen Protegida Vinos de Alicante, es uno de los pocos vinos del mundo con nombre propio, y est\u00e1 protegido y reconocido por la Uni\u00f3n Europea como uno de los \u201cvinos de lujo europeos\u201d, categor\u00eda solo compartida con Jerez, Burdeos, Oporto y Champagne.\" \/>\n<meta property=\"og:url\" content=\"https:\/\/vinsestela.com\/producto\/fondillon-1996\/\" \/>\n<meta property=\"og:site_name\" content=\"Vins Estela\" \/>\n<meta property=\"article:modified_time\" content=\"2023-06-20T10:27:53+00:00\" \/>\n<meta property=\"og:image\" content=\"https:\/\/vinsestela.com\/wp-content\/uploads\/2023\/06\/ComprarFondillon1996_Mesa-de-trabajo-1.png\" \/>\n\t<meta property=\"og:image:width\" content=\"3334\" \/>\n\t<meta property=\"og:image:height\" content=\"3334\" \/>\n\t<meta property=\"og:image:type\" content=\"image\/png\" \/>\n<meta name=\"twitter:card\" content=\"summary_large_image\" \/>\n<script type=\"application\/ld+json\" class=\"yoast-schema-graph\">{\"@context\":\"https:\\\/\\\/schema.org\",\"@graph\":[{\"@type\":\"WebPage\",\"@id\":\"https:\\\/\\\/vinsestela.com\\\/producto\\\/fondillon-1996\\\/\",\"url\":\"https:\\\/\\\/vinsestela.com\\\/producto\\\/fondillon-1996\\\/\",\"name\":\"Fondill\u00f3n 1996 - Vins Estela\",\"isPartOf\":{\"@id\":\"https:\\\/\\\/vinsestela.com\\\/#website\"},\"primaryImageOfPage\":{\"@id\":\"https:\\\/\\\/vinsestela.com\\\/producto\\\/fondillon-1996\\\/#primaryimage\"},\"image\":{\"@id\":\"https:\\\/\\\/vinsestela.com\\\/producto\\\/fondillon-1996\\\/#primaryimage\"},\"thumbnailUrl\":\"https:\\\/\\\/vinsestela.com\\\/wp-content\\\/uploads\\\/2023\\\/06\\\/ComprarFondillon1996_Mesa-de-trabajo-1.png\",\"datePublished\":\"2023-06-20T10:27:52+00:00\",\"dateModified\":\"2023-06-20T10:27:53+00:00\",\"breadcrumb\":{\"@id\":\"https:\\\/\\\/vinsestela.com\\\/producto\\\/fondillon-1996\\\/#breadcrumb\"},\"inLanguage\":\"es\",\"potentialAction\":[{\"@type\":\"ReadAction\",\"target\":[\"https:\\\/\\\/vinsestela.com\\\/producto\\\/fondillon-1996\\\/\"]}]},{\"@type\":\"ImageObject\",\"inLanguage\":\"es\",\"@id\":\"https:\\\/\\\/vinsestela.com\\\/producto\\\/fondillon-1996\\\/#primaryimage\",\"url\":\"https:\\\/\\\/vinsestela.com\\\/wp-content\\\/uploads\\\/2023\\\/06\\\/ComprarFondillon1996_Mesa-de-trabajo-1.png\",\"contentUrl\":\"https:\\\/\\\/vinsestela.com\\\/wp-content\\\/uploads\\\/2023\\\/06\\\/ComprarFondillon1996_Mesa-de-trabajo-1.png\",\"width\":3334,\"height\":3334},{\"@type\":\"BreadcrumbList\",\"@id\":\"https:\\\/\\\/vinsestela.com\\\/producto\\\/fondillon-1996\\\/#breadcrumb\",\"itemListElement\":[{\"@type\":\"ListItem\",\"position\":1,\"name\":\"Inici\",\"item\":\"https:\\\/\\\/vinsestela.com\\\/es\\\/\"},{\"@type\":\"ListItem\",\"position\":2,\"name\":\"Productos\",\"item\":\"https:\\\/\\\/vinsestela.com\\\/es\\\/productos\\\/\"},{\"@type\":\"ListItem\",\"position\":3,\"name\":\"Fondill\u00f3n 1996\"}]},{\"@type\":\"WebSite\",\"@id\":\"https:\\\/\\\/vinsestela.com\\\/#website\",\"url\":\"https:\\\/\\\/vinsestela.com\\\/\",\"name\":\"Vins Estela\",\"description\":\"Vins Estela, el teu distribuidor de confian\u00e7a\",\"publisher\":{\"@id\":\"https:\\\/\\\/vinsestela.com\\\/#organization\"},\"potentialAction\":[{\"@type\":\"SearchAction\",\"target\":{\"@type\":\"EntryPoint\",\"urlTemplate\":\"https:\\\/\\\/vinsestela.com\\\/?s={search_term_string}\"},\"query-input\":{\"@type\":\"PropertyValueSpecification\",\"valueRequired\":true,\"valueName\":\"search_term_string\"}}],\"inLanguage\":\"es\"},{\"@type\":\"Organization\",\"@id\":\"https:\\\/\\\/vinsestela.com\\\/#organization\",\"name\":\"Vins Estela\",\"url\":\"https:\\\/\\\/vinsestela.com\\\/\",\"logo\":{\"@type\":\"ImageObject\",\"inLanguage\":\"es\",\"@id\":\"https:\\\/\\\/vinsestela.com\\\/#\\\/schema\\\/logo\\\/image\\\/\",\"url\":\"https:\\\/\\\/vinsestela.com\\\/wp-content\\\/uploads\\\/2023\\\/03\\\/cropped-LOGO_VINS_ESTELA-01.png\",\"contentUrl\":\"https:\\\/\\\/vinsestela.com\\\/wp-content\\\/uploads\\\/2023\\\/03\\\/cropped-LOGO_VINS_ESTELA-01.png\",\"width\":485,\"height\":630,\"caption\":\"Vins Estela\"},\"image\":{\"@id\":\"https:\\\/\\\/vinsestela.com\\\/#\\\/schema\\\/logo\\\/image\\\/\"}}]}<\/script>\n<!-- \/ Yoast SEO plugin. -->","yoast_head_json":{"title":"Fondill\u00f3n 1996 - Vins Estela","robots":{"index":"index","follow":"follow","max-snippet":"max-snippet:-1","max-image-preview":"max-image-preview:large","max-video-preview":"max-video-preview:-1"},"canonical":"https:\/\/vinsestela.com\/producto\/fondillon-1996\/","og_locale":"es_ES","og_type":"article","og_title":"Fondill\u00f3n 1996 - Vins Estela","og_description":"Seg\u00fan se recoge en el registro de la Uni\u00f3n Europea, el Fondill\u00f3n es un vino de la DOP Vinos Alicante, procedente de uvas sobremaduradas en la propia cepa de la variedad Monastrell, en condiciones excepcionales de calidad y estado fisiol\u00f3gico. En la fermentaci\u00f3n solo se usan levaduras aut\u00f3ctonas y su grado alcoh\u00f3lico es de origen natural (no fortificado o encabezado). Este vino requiere un envejecimiento m\u00ednimo de diez a\u00f1os en toneles de roble. Se trata de un vino amparado por la Denominaci\u00f3n de Origen Protegida Vinos de Alicante, es uno de los pocos vinos del mundo con nombre propio, y est\u00e1 protegido y reconocido por la Uni\u00f3n Europea como uno de los \u201cvinos de lujo europeos\u201d, categor\u00eda solo compartida con Jerez, Burdeos, Oporto y Champagne.","og_url":"https:\/\/vinsestela.com\/producto\/fondillon-1996\/","og_site_name":"Vins Estela","article_modified_time":"2023-06-20T10:27:53+00:00","og_image":[{"width":3334,"height":3334,"url":"https:\/\/vinsestela.com\/wp-content\/uploads\/2023\/06\/ComprarFondillon1996_Mesa-de-trabajo-1.png","type":"image\/png"}],"twitter_card":"summary_large_image","schema":{"@context":"https:\/\/schema.org","@graph":[{"@type":"WebPage","@id":"https:\/\/vinsestela.com\/producto\/fondillon-1996\/","url":"https:\/\/vinsestela.com\/producto\/fondillon-1996\/","name":"Fondill\u00f3n 1996 - Vins Estela","isPartOf":{"@id":"https:\/\/vinsestela.com\/#website"},"primaryImageOfPage":{"@id":"https:\/\/vinsestela.com\/producto\/fondillon-1996\/#primaryimage"},"image":{"@id":"https:\/\/vinsestela.com\/producto\/fondillon-1996\/#primaryimage"},"thumbnailUrl":"https:\/\/vinsestela.com\/wp-content\/uploads\/2023\/06\/ComprarFondillon1996_Mesa-de-trabajo-1.png","datePublished":"2023-06-20T10:27:52+00:00","dateModified":"2023-06-20T10:27:53+00:00","breadcrumb":{"@id":"https:\/\/vinsestela.com\/producto\/fondillon-1996\/#breadcrumb"},"inLanguage":"es","potentialAction":[{"@type":"ReadAction","target":["https:\/\/vinsestela.com\/producto\/fondillon-1996\/"]}]},{"@type":"ImageObject","inLanguage":"es","@id":"https:\/\/vinsestela.com\/producto\/fondillon-1996\/#primaryimage","url":"https:\/\/vinsestela.com\/wp-content\/uploads\/2023\/06\/ComprarFondillon1996_Mesa-de-trabajo-1.png","contentUrl":"https:\/\/vinsestela.com\/wp-content\/uploads\/2023\/06\/ComprarFondillon1996_Mesa-de-trabajo-1.png","width":3334,"height":3334},{"@type":"BreadcrumbList","@id":"https:\/\/vinsestela.com\/producto\/fondillon-1996\/#breadcrumb","itemListElement":[{"@type":"ListItem","position":1,"name":"Inici","item":"https:\/\/vinsestela.com\/es\/"},{"@type":"ListItem","position":2,"name":"Productos","item":"https:\/\/vinsestela.com\/es\/productos\/"},{"@type":"ListItem","position":3,"name":"Fondill\u00f3n 1996"}]},{"@type":"WebSite","@id":"https:\/\/vinsestela.com\/#website","url":"https:\/\/vinsestela.com\/","name":"Vins Estela","description":"Vins Estela, el teu distribuidor de confian\u00e7a","publisher":{"@id":"https:\/\/vinsestela.com\/#organization"},"potentialAction":[{"@type":"SearchAction","target":{"@type":"EntryPoint","urlTemplate":"https:\/\/vinsestela.com\/?s={search_term_string}"},"query-input":{"@type":"PropertyValueSpecification","valueRequired":true,"valueName":"search_term_string"}}],"inLanguage":"es"},{"@type":"Organization","@id":"https:\/\/vinsestela.com\/#organization","name":"Vins Estela","url":"https:\/\/vinsestela.com\/","logo":{"@type":"ImageObject","inLanguage":"es","@id":"https:\/\/vinsestela.com\/#\/schema\/logo\/image\/","url":"https:\/\/vinsestela.com\/wp-content\/uploads\/2023\/03\/cropped-LOGO_VINS_ESTELA-01.png","contentUrl":"https:\/\/vinsestela.com\/wp-content\/uploads\/2023\/03\/cropped-LOGO_VINS_ESTELA-01.png","width":485,"height":630,"caption":"Vins Estela"},"image":{"@id":"https:\/\/vinsestela.com\/#\/schema\/logo\/image\/"}}]}},"_links":{"self":[{"href":"https:\/\/vinsestela.com\/es\/wp-json\/wp\/v2\/product\/23482","targetHints":{"allow":["GET"]}}],"collection":[{"href":"https:\/\/vinsestela.com\/es\/wp-json\/wp\/v2\/product"}],"about":[{"href":"https:\/\/vinsestela.com\/es\/wp-json\/wp\/v2\/types\/product"}],"wp:featuredmedia":[{"embeddable":true,"href":"https:\/\/vinsestela.com\/es\/wp-json\/wp\/v2\/media\/23484"}],"wp:attachment":[{"href":"https:\/\/vinsestela.com\/es\/wp-json\/wp\/v2\/media?parent=23482"}],"wp:term":[{"taxonomy":"product_brand","embeddable":true,"href":"https:\/\/vinsestela.com\/es\/wp-json\/wp\/v2\/product_brand?post=23482"},{"taxonomy":"product_cat","embeddable":true,"href":"https:\/\/vinsestela.com\/es\/wp-json\/wp\/v2\/product_cat?post=23482"},{"taxonomy":"product_tag","embeddable":true,"href":"https:\/\/vinsestela.com\/es\/wp-json\/wp\/v2\/product_tag?post=23482"}],"curies":[{"name":"wp","href":"https:\/\/api.w.org\/{rel}","templated":true}]}}