{"id":23518,"date":"2023-06-22T12:08:31","date_gmt":"2023-06-22T10:08:31","guid":{"rendered":"https:\/\/vinsestela.com\/?post_type=product&#038;p=23518"},"modified":"2023-08-24T13:53:02","modified_gmt":"2023-08-24T11:53:02","slug":"cau-den-genis","status":"publish","type":"product","link":"https:\/\/vinsestela.com\/es\/producto\/cau-den-genis\/","title":{"rendered":"Alta alella Cau d&#8217;en Gen\u00eds Blanco"},"content":{"rendered":"","protected":false},"excerpt":{"rendered":"<p>La expresi\u00f3n salina de una parcela singular a orillas del Mediterr\u00e1neo. Selecci\u00f3n de la parcela m\u00e1s antigua de la finca, el envejecimiento sobre l\u00edas le da al vino una fuerte expresi\u00f3n de la a\u00f1ada. La quintaesencia de lo que deber\u00eda ser una Pansa Blanca premium: ataque fresco, salobre con sabores de fruta blanca, hinojo y notas salinas. Mineral, sedoso y persistente con un largo y elegante retrogusto.<\/p>\n","protected":false},"featured_media":23519,"template":"","meta":[],"product_brand":[],"product_cat":[1335],"product_tag":[],"class_list":{"0":"post-23518","1":"product","2":"type-product","3":"status-publish","4":"has-post-thumbnail","6":"product_cat-vino-blanco","8":"first","9":"instock","10":"shipping-taxable","11":"product-type-simple"},"yoast_head":"<!-- This site is optimized with the Yoast SEO plugin v27.4 - https:\/\/yoast.com\/product\/yoast-seo-wordpress\/ -->\n<title>Alta alella Cau d&#039;en Gen\u00eds Blanco - Vins Estela<\/title>\n<meta name=\"robots\" content=\"index, follow, max-snippet:-1, max-image-preview:large, max-video-preview:-1\" \/>\n<link rel=\"canonical\" href=\"https:\/\/vinsestela.com\/producto\/cau-den-genis\/\" \/>\n<meta property=\"og:locale\" content=\"es_ES\" \/>\n<meta property=\"og:type\" content=\"article\" \/>\n<meta property=\"og:title\" content=\"Alta alella Cau d&#039;en Gen\u00eds Blanco - Vins Estela\" \/>\n<meta property=\"og:description\" content=\"La expresi\u00f3n salina de una parcela singular a orillas del Mediterr\u00e1neo. Selecci\u00f3n de la parcela m\u00e1s antigua de la finca, el envejecimiento sobre l\u00edas le da al vino una fuerte expresi\u00f3n de la a\u00f1ada. La quintaesencia de lo que deber\u00eda ser una Pansa Blanca premium: ataque fresco, salobre con sabores de fruta blanca, hinojo y notas salinas. Mineral, sedoso y persistente con un largo y elegante retrogusto.\" \/>\n<meta property=\"og:url\" content=\"https:\/\/vinsestela.com\/producto\/cau-den-genis\/\" \/>\n<meta property=\"og:site_name\" content=\"Vins Estela\" \/>\n<meta property=\"article:modified_time\" content=\"2023-08-24T11:53:02+00:00\" \/>\n<meta property=\"og:image\" content=\"https:\/\/vinsestela.com\/wp-content\/uploads\/2023\/06\/ComprarAltaAlellaCaudenGenis_Mesa-de-trabajo-1.png\" \/>\n\t<meta property=\"og:image:width\" content=\"3334\" \/>\n\t<meta property=\"og:image:height\" content=\"3334\" \/>\n\t<meta property=\"og:image:type\" content=\"image\/png\" \/>\n<meta name=\"twitter:card\" content=\"summary_large_image\" \/>\n<script type=\"application\/ld+json\" class=\"yoast-schema-graph\">{\"@context\":\"https:\\\/\\\/schema.org\",\"@graph\":[{\"@type\":\"WebPage\",\"@id\":\"https:\\\/\\\/vinsestela.com\\\/producto\\\/cau-den-genis\\\/\",\"url\":\"https:\\\/\\\/vinsestela.com\\\/producto\\\/cau-den-genis\\\/\",\"name\":\"Alta alella Cau d'en Gen\u00eds Blanco - Vins Estela\",\"isPartOf\":{\"@id\":\"https:\\\/\\\/vinsestela.com\\\/#website\"},\"primaryImageOfPage\":{\"@id\":\"https:\\\/\\\/vinsestela.com\\\/producto\\\/cau-den-genis\\\/#primaryimage\"},\"image\":{\"@id\":\"https:\\\/\\\/vinsestela.com\\\/producto\\\/cau-den-genis\\\/#primaryimage\"},\"thumbnailUrl\":\"https:\\\/\\\/vinsestela.com\\\/wp-content\\\/uploads\\\/2023\\\/06\\\/ComprarAltaAlellaCaudenGenis_Mesa-de-trabajo-1.png\",\"datePublished\":\"2023-06-22T10:08:31+00:00\",\"dateModified\":\"2023-08-24T11:53:02+00:00\",\"breadcrumb\":{\"@id\":\"https:\\\/\\\/vinsestela.com\\\/producto\\\/cau-den-genis\\\/#breadcrumb\"},\"inLanguage\":\"es\",\"potentialAction\":[{\"@type\":\"ReadAction\",\"target\":[\"https:\\\/\\\/vinsestela.com\\\/producto\\\/cau-den-genis\\\/\"]}]},{\"@type\":\"ImageObject\",\"inLanguage\":\"es\",\"@id\":\"https:\\\/\\\/vinsestela.com\\\/producto\\\/cau-den-genis\\\/#primaryimage\",\"url\":\"https:\\\/\\\/vinsestela.com\\\/wp-content\\\/uploads\\\/2023\\\/06\\\/ComprarAltaAlellaCaudenGenis_Mesa-de-trabajo-1.png\",\"contentUrl\":\"https:\\\/\\\/vinsestela.com\\\/wp-content\\\/uploads\\\/2023\\\/06\\\/ComprarAltaAlellaCaudenGenis_Mesa-de-trabajo-1.png\",\"width\":3334,\"height\":3334},{\"@type\":\"BreadcrumbList\",\"@id\":\"https:\\\/\\\/vinsestela.com\\\/producto\\\/cau-den-genis\\\/#breadcrumb\",\"itemListElement\":[{\"@type\":\"ListItem\",\"position\":1,\"name\":\"Inici\",\"item\":\"https:\\\/\\\/vinsestela.com\\\/es\\\/\"},{\"@type\":\"ListItem\",\"position\":2,\"name\":\"Productos\",\"item\":\"https:\\\/\\\/vinsestela.com\\\/es\\\/productos\\\/\"},{\"@type\":\"ListItem\",\"position\":3,\"name\":\"Alta alella Cau d&#8217;en Gen\u00eds Blanco\"}]},{\"@type\":\"WebSite\",\"@id\":\"https:\\\/\\\/vinsestela.com\\\/#website\",\"url\":\"https:\\\/\\\/vinsestela.com\\\/\",\"name\":\"Vins Estela\",\"description\":\"Vins Estela, el teu distribuidor de confian\u00e7a\",\"publisher\":{\"@id\":\"https:\\\/\\\/vinsestela.com\\\/#organization\"},\"potentialAction\":[{\"@type\":\"SearchAction\",\"target\":{\"@type\":\"EntryPoint\",\"urlTemplate\":\"https:\\\/\\\/vinsestela.com\\\/?s={search_term_string}\"},\"query-input\":{\"@type\":\"PropertyValueSpecification\",\"valueRequired\":true,\"valueName\":\"search_term_string\"}}],\"inLanguage\":\"es\"},{\"@type\":\"Organization\",\"@id\":\"https:\\\/\\\/vinsestela.com\\\/#organization\",\"name\":\"Vins Estela\",\"url\":\"https:\\\/\\\/vinsestela.com\\\/\",\"logo\":{\"@type\":\"ImageObject\",\"inLanguage\":\"es\",\"@id\":\"https:\\\/\\\/vinsestela.com\\\/#\\\/schema\\\/logo\\\/image\\\/\",\"url\":\"https:\\\/\\\/vinsestela.com\\\/wp-content\\\/uploads\\\/2023\\\/03\\\/cropped-LOGO_VINS_ESTELA-01.png\",\"contentUrl\":\"https:\\\/\\\/vinsestela.com\\\/wp-content\\\/uploads\\\/2023\\\/03\\\/cropped-LOGO_VINS_ESTELA-01.png\",\"width\":485,\"height\":630,\"caption\":\"Vins Estela\"},\"image\":{\"@id\":\"https:\\\/\\\/vinsestela.com\\\/#\\\/schema\\\/logo\\\/image\\\/\"}}]}<\/script>\n<!-- \/ Yoast SEO plugin. -->","yoast_head_json":{"title":"Alta alella Cau d'en Gen\u00eds Blanco - Vins Estela","robots":{"index":"index","follow":"follow","max-snippet":"max-snippet:-1","max-image-preview":"max-image-preview:large","max-video-preview":"max-video-preview:-1"},"canonical":"https:\/\/vinsestela.com\/producto\/cau-den-genis\/","og_locale":"es_ES","og_type":"article","og_title":"Alta alella Cau d'en Gen\u00eds Blanco - Vins Estela","og_description":"La expresi\u00f3n salina de una parcela singular a orillas del Mediterr\u00e1neo. Selecci\u00f3n de la parcela m\u00e1s antigua de la finca, el envejecimiento sobre l\u00edas le da al vino una fuerte expresi\u00f3n de la a\u00f1ada. La quintaesencia de lo que deber\u00eda ser una Pansa Blanca premium: ataque fresco, salobre con sabores de fruta blanca, hinojo y notas salinas. Mineral, sedoso y persistente con un largo y elegante retrogusto.","og_url":"https:\/\/vinsestela.com\/producto\/cau-den-genis\/","og_site_name":"Vins Estela","article_modified_time":"2023-08-24T11:53:02+00:00","og_image":[{"width":3334,"height":3334,"url":"https:\/\/vinsestela.com\/wp-content\/uploads\/2023\/06\/ComprarAltaAlellaCaudenGenis_Mesa-de-trabajo-1.png","type":"image\/png"}],"twitter_card":"summary_large_image","schema":{"@context":"https:\/\/schema.org","@graph":[{"@type":"WebPage","@id":"https:\/\/vinsestela.com\/producto\/cau-den-genis\/","url":"https:\/\/vinsestela.com\/producto\/cau-den-genis\/","name":"Alta alella Cau d'en Gen\u00eds Blanco - Vins Estela","isPartOf":{"@id":"https:\/\/vinsestela.com\/#website"},"primaryImageOfPage":{"@id":"https:\/\/vinsestela.com\/producto\/cau-den-genis\/#primaryimage"},"image":{"@id":"https:\/\/vinsestela.com\/producto\/cau-den-genis\/#primaryimage"},"thumbnailUrl":"https:\/\/vinsestela.com\/wp-content\/uploads\/2023\/06\/ComprarAltaAlellaCaudenGenis_Mesa-de-trabajo-1.png","datePublished":"2023-06-22T10:08:31+00:00","dateModified":"2023-08-24T11:53:02+00:00","breadcrumb":{"@id":"https:\/\/vinsestela.com\/producto\/cau-den-genis\/#breadcrumb"},"inLanguage":"es","potentialAction":[{"@type":"ReadAction","target":["https:\/\/vinsestela.com\/producto\/cau-den-genis\/"]}]},{"@type":"ImageObject","inLanguage":"es","@id":"https:\/\/vinsestela.com\/producto\/cau-den-genis\/#primaryimage","url":"https:\/\/vinsestela.com\/wp-content\/uploads\/2023\/06\/ComprarAltaAlellaCaudenGenis_Mesa-de-trabajo-1.png","contentUrl":"https:\/\/vinsestela.com\/wp-content\/uploads\/2023\/06\/ComprarAltaAlellaCaudenGenis_Mesa-de-trabajo-1.png","width":3334,"height":3334},{"@type":"BreadcrumbList","@id":"https:\/\/vinsestela.com\/producto\/cau-den-genis\/#breadcrumb","itemListElement":[{"@type":"ListItem","position":1,"name":"Inici","item":"https:\/\/vinsestela.com\/es\/"},{"@type":"ListItem","position":2,"name":"Productos","item":"https:\/\/vinsestela.com\/es\/productos\/"},{"@type":"ListItem","position":3,"name":"Alta alella Cau d&#8217;en Gen\u00eds Blanco"}]},{"@type":"WebSite","@id":"https:\/\/vinsestela.com\/#website","url":"https:\/\/vinsestela.com\/","name":"Vins Estela","description":"Vins Estela, el teu distribuidor de confian\u00e7a","publisher":{"@id":"https:\/\/vinsestela.com\/#organization"},"potentialAction":[{"@type":"SearchAction","target":{"@type":"EntryPoint","urlTemplate":"https:\/\/vinsestela.com\/?s={search_term_string}"},"query-input":{"@type":"PropertyValueSpecification","valueRequired":true,"valueName":"search_term_string"}}],"inLanguage":"es"},{"@type":"Organization","@id":"https:\/\/vinsestela.com\/#organization","name":"Vins Estela","url":"https:\/\/vinsestela.com\/","logo":{"@type":"ImageObject","inLanguage":"es","@id":"https:\/\/vinsestela.com\/#\/schema\/logo\/image\/","url":"https:\/\/vinsestela.com\/wp-content\/uploads\/2023\/03\/cropped-LOGO_VINS_ESTELA-01.png","contentUrl":"https:\/\/vinsestela.com\/wp-content\/uploads\/2023\/03\/cropped-LOGO_VINS_ESTELA-01.png","width":485,"height":630,"caption":"Vins Estela"},"image":{"@id":"https:\/\/vinsestela.com\/#\/schema\/logo\/image\/"}}]}},"_links":{"self":[{"href":"https:\/\/vinsestela.com\/es\/wp-json\/wp\/v2\/product\/23518","targetHints":{"allow":["GET"]}}],"collection":[{"href":"https:\/\/vinsestela.com\/es\/wp-json\/wp\/v2\/product"}],"about":[{"href":"https:\/\/vinsestela.com\/es\/wp-json\/wp\/v2\/types\/product"}],"wp:featuredmedia":[{"embeddable":true,"href":"https:\/\/vinsestela.com\/es\/wp-json\/wp\/v2\/media\/23519"}],"wp:attachment":[{"href":"https:\/\/vinsestela.com\/es\/wp-json\/wp\/v2\/media?parent=23518"}],"wp:term":[{"taxonomy":"product_brand","embeddable":true,"href":"https:\/\/vinsestela.com\/es\/wp-json\/wp\/v2\/product_brand?post=23518"},{"taxonomy":"product_cat","embeddable":true,"href":"https:\/\/vinsestela.com\/es\/wp-json\/wp\/v2\/product_cat?post=23518"},{"taxonomy":"product_tag","embeddable":true,"href":"https:\/\/vinsestela.com\/es\/wp-json\/wp\/v2\/product_tag?post=23518"}],"curies":[{"name":"wp","href":"https:\/\/api.w.org\/{rel}","templated":true}]}}